{"id":31415,"date":"2023-01-31T21:53:43","date_gmt":"2023-01-31T13:53:43","guid":{"rendered":"https:\/\/gretasexylingerie.com\/?post_type=product&#038;p=31415"},"modified":"2023-09-05T20:50:48","modified_gmt":"2023-09-05T12:50:48","slug":"medias-transparentes-sin-entrepierna-con-forma-de-mariposa","status":"publish","type":"product","link":"https:\/\/gretasexylingerie.com\/es\/products\/butterfly-transparent-crotchless-pantyhose\/","title":{"rendered":"Pantimedias sin entrepierna transparente de mariposa"},"content":{"rendered":"<p>Caracter\u00edsticas:<\/p>\n\n\n\n<p>1. Apasionado dise\u00f1o de entrepierna abierta, para que puedas liberar tu deseo en cualquier momento.<br>2. Seda hilada con n\u00facleo de alta elasticidad, dise\u00f1o transparente, hace que tus muslos sean m\u00e1s delgados y sexys. Los lados son sin costuras y alargados. Respetuoso con la piel y c\u00f3modo, el tacto ligero no es apretado, cerca de la curva encantadora, mostrando muslos delgados.<br>3. La entrepierna est\u00e1 dise\u00f1ada con un patr\u00f3n de mariposa para hacer que tu jard\u00edn secreto sea m\u00e1s hermoso. El dise\u00f1o sin entrepierna conmocion\u00f3 sus nervios \u00f3pticos y su peque\u00f1o coraz\u00f3n.<\/p>","protected":false},"excerpt":{"rendered":"<p>Deje que sus seres queridos se relajen en las pantimedias sin entrepierna transparentes de mariposa. Hecho de seda hilada con n\u00facleo de alta elasticidad, tela transparente de alta elasticidad, decorada con alas de mariposa en la entrepierna, el dise\u00f1o de entrepierna abierta le permite liberar su pasi\u00f3n.<\/p>","protected":false},"featured_media":31419,"template":"","meta":[],"product_brand":[],"product_cat":[412,414,411,404],"product_tag":[448,518,451,446,449],"class_list":{"0":"post-31415","1":"product","2":"type-product","3":"status-publish","4":"has-post-thumbnail","6":"product_cat-wholesale-crotchless-pantyhose","7":"product_cat-wholesale-sexy-nylon-pantyhose","8":"product_cat-sexy-pantyhose","9":"product_cat-sexy-stocking","10":"product_tag-wholesale-elegant-sexy-lingerie","11":"product_tag-mesh-lingerie","12":"product_tag-wholesale-revealing-lingerie","13":"product_tag-wholesale-sexy-see-through-lingerie","14":"product_tag-wholesale-sexy-crotchless-lingerie","15":"pa_color-bisque-women-sexy-lingerie","16":"pa_color-black","18":"first","19":"instock","20":"taxable","21":"shipping-taxable","22":"purchasable","23":"product-type-variable"},"tiered_pricing_type":"fixed","tiered_pricing_fixed_rules":[],"tiered_pricing_product_settings":{"layout":"default","base_unit_name":{"singular":null,"plural":null},"default_variation":null},"tiered_pricing_minimum_quantity":null,"tiered_pricing_roles_data":{"default_wholesaler":{"product_id":31415,"role":"default_wholesaler","pricing_type":"flat","regular_price":null,"sale_price":null,"discount":null,"discount_type":"sale_price","tiered_pricing_type":"fixed","percentage_rules":[],"fixed_rules":{"2":"2.19","50":"1.79","800":"1.29"},"minimum":null},"dropshippinger":{"product_id":31415,"role":"dropshippinger","pricing_type":"flat","regular_price":null,"sale_price":null,"discount":null,"discount_type":"sale_price","tiered_pricing_type":"fixed","percentage_rules":[],"fixed_rules":{"1":"2.49","10":"2.19","50":"1.79"},"minimum":null}},"tiered_pricing_percentage_rules":[],"tiered_pricing_maximum_quantity":null,"tiered_pricing_quantity_step":null,"_links":{"self":[{"href":"https:\/\/gretasexylingerie.com\/es\/wp-json\/wp\/v2\/product\/31415","targetHints":{"allow":["GET"]}}],"collection":[{"href":"https:\/\/gretasexylingerie.com\/es\/wp-json\/wp\/v2\/product"}],"about":[{"href":"https:\/\/gretasexylingerie.com\/es\/wp-json\/wp\/v2\/types\/product"}],"wp:featuredmedia":[{"embeddable":true,"href":"https:\/\/gretasexylingerie.com\/es\/wp-json\/wp\/v2\/media\/31419"}],"wp:attachment":[{"href":"https:\/\/gretasexylingerie.com\/es\/wp-json\/wp\/v2\/media?parent=31415"}],"wp:term":[{"taxonomy":"product_brand","embeddable":true,"href":"https:\/\/gretasexylingerie.com\/es\/wp-json\/wp\/v2\/product_brand?post=31415"},{"taxonomy":"product_cat","embeddable":true,"href":"https:\/\/gretasexylingerie.com\/es\/wp-json\/wp\/v2\/product_cat?post=31415"},{"taxonomy":"product_tag","embeddable":true,"href":"https:\/\/gretasexylingerie.com\/es\/wp-json\/wp\/v2\/product_tag?post=31415"}],"curies":[{"name":"Gracias","href":"https:\/\/api.w.org\/{rel}","templated":true}]}}