{"id":31400,"date":"2023-01-31T21:44:51","date_gmt":"2023-01-31T13:44:51","guid":{"rendered":"https:\/\/gretasexylingerie.com\/?post_type=product&#038;p=31400"},"modified":"2023-09-05T20:50:48","modified_gmt":"2023-09-05T12:50:48","slug":"medias-sin-entrepierna-sin-costuras-y-con-entrepierna-en-t-brillante","status":"publish","type":"product","link":"https:\/\/gretasexylingerie.com\/es\/products\/shiny-t-crotch-seamless-crotchless-pantyhose\/","title":{"rendered":"Pantimedias sin entrepierna sin costuras con entrepierna en T brillante"},"content":{"rendered":"<p>Caracter\u00edsticas<\/p>\n\n\n\n<p>1. Dise\u00f1o de entrepierna abierta caliente, sin necesidad de esperar a la pasi\u00f3n. Pantimedias de entrepierna en T seductoras sin costuras 15d, con un ingenioso dise\u00f1o de apertura de entrepierna, el jard\u00edn secreto se revela completamente y el fuego es imparable.<br>2. Dise\u00f1o sin costuras en los lados, alargando las piernas. Respetuoso con la piel y c\u00f3modo, el tacto ligero no es apretado, cerca de la curva encantadora, mostrando muslos delgados. La piel d\u00e9bilmente visible es m\u00e1s atractiva debajo de las medias transparentes.<br>3. No hay un dise\u00f1o constante en la entrepierna de la T, y no hay verg\u00fcenza de revelar la parte inferior. El dise\u00f1o sin entrepierna conmocion\u00f3 sus nervios \u00f3pticos y su peque\u00f1o coraz\u00f3n.<\/p>","protected":false},"excerpt":{"rendered":"<p>Duplica tu sensualidad con las pantimedias sin entrepierna sin costuras con entrepierna en T brillante. Confeccionado en malla transparente muy el\u00e1stica, tiene la entrepierna abierta y est\u00e1 adornado con un tono negro en la entrepierna.<\/p>","protected":false},"featured_media":31403,"template":"","meta":[],"product_brand":[],"product_cat":[412,414,411,404],"product_tag":[518,446,504],"class_list":{"0":"post-31400","1":"product","2":"type-product","3":"status-publish","4":"has-post-thumbnail","6":"product_cat-wholesale-crotchless-pantyhose","7":"product_cat-wholesale-sexy-nylon-pantyhose","8":"product_cat-sexy-pantyhose","9":"product_cat-sexy-stocking","10":"product_tag-mesh-lingerie","11":"product_tag-wholesale-sexy-see-through-lingerie","12":"product_tag-ultra-sexy","13":"pa_color-bisque-women-sexy-lingerie","14":"pa_color-black","15":"pa_color-white","17":"first","18":"instock","19":"taxable","20":"shipping-taxable","21":"purchasable","22":"product-type-variable"},"tiered_pricing_type":"fixed","tiered_pricing_fixed_rules":[],"tiered_pricing_product_settings":{"layout":"default","base_unit_name":{"singular":null,"plural":null},"default_variation":null},"tiered_pricing_minimum_quantity":null,"tiered_pricing_roles_data":{"default_wholesaler":{"product_id":31400,"role":"default_wholesaler","pricing_type":"flat","regular_price":null,"sale_price":null,"discount":null,"discount_type":"sale_price","tiered_pricing_type":"fixed","percentage_rules":[],"fixed_rules":{"2":"2.39","50":"1.89","800":"1.39"},"minimum":null},"dropshippinger":{"product_id":31400,"role":"dropshippinger","pricing_type":"flat","regular_price":null,"sale_price":null,"discount":null,"discount_type":"sale_price","tiered_pricing_type":"fixed","percentage_rules":[],"fixed_rules":{"1":"2.69","10":"2.39","50":"1.89"},"minimum":null}},"tiered_pricing_percentage_rules":[],"tiered_pricing_maximum_quantity":null,"tiered_pricing_quantity_step":null,"_links":{"self":[{"href":"https:\/\/gretasexylingerie.com\/es\/wp-json\/wp\/v2\/product\/31400","targetHints":{"allow":["GET"]}}],"collection":[{"href":"https:\/\/gretasexylingerie.com\/es\/wp-json\/wp\/v2\/product"}],"about":[{"href":"https:\/\/gretasexylingerie.com\/es\/wp-json\/wp\/v2\/types\/product"}],"wp:featuredmedia":[{"embeddable":true,"href":"https:\/\/gretasexylingerie.com\/es\/wp-json\/wp\/v2\/media\/31403"}],"wp:attachment":[{"href":"https:\/\/gretasexylingerie.com\/es\/wp-json\/wp\/v2\/media?parent=31400"}],"wp:term":[{"taxonomy":"product_brand","embeddable":true,"href":"https:\/\/gretasexylingerie.com\/es\/wp-json\/wp\/v2\/product_brand?post=31400"},{"taxonomy":"product_cat","embeddable":true,"href":"https:\/\/gretasexylingerie.com\/es\/wp-json\/wp\/v2\/product_cat?post=31400"},{"taxonomy":"product_tag","embeddable":true,"href":"https:\/\/gretasexylingerie.com\/es\/wp-json\/wp\/v2\/product_tag?post=31400"}],"curies":[{"name":"Gracias","href":"https:\/\/api.w.org\/{rel}","templated":true}]}}