{"id":31285,"date":"2023-01-29T20:08:18","date_gmt":"2023-01-29T12:08:18","guid":{"rendered":"https:\/\/gretasexylingerie.com\/?post_type=product&#038;p=31285"},"modified":"2023-09-05T20:50:45","modified_gmt":"2023-09-05T12:50:45","slug":"medias-sexys-de-jacquard-con-liga-hueca","status":"publish","type":"product","link":"https:\/\/gretasexylingerie.com\/es\/products\/hollow-garter-jacquard-sexy-pantyhose\/","title":{"rendered":"Pantimedias sexy de jacquard de liga hueca"},"content":{"rendered":"<p>Caracter\u00edsticas:<\/p>\n\n\n\n<p>1. Utilizando material de nailon de alta calidad, tiene una excelente elasticidad y se puede utilizar en la mayor\u00eda de los cuerpos.<br>2. Los patrones y estilos absolutamente populares son los estilos m\u00e1s populares y m\u00e1s vendidos en el mercado, y han sido verificados en todo el mundo.<br>3. Accesorio perfecto para magos, hadas negras, brujas o simplemente gente com\u00fan. Combina estos leggings de rejilla con jeans rasgados, pantalones cortos de mezclilla, pantalones calientes, blusas, faldas, faldas, alpargatas, tacones y m\u00e1s.<br>4, adecuado para clubes, carnavales, fiestas de disfraces, Halloween, espect\u00e1culos, carnavales, clubes de toallas, etc. Estos leggings brillantes tambi\u00e9n son los favoritos de los artistas de baile.<\/p>","protected":false},"excerpt":{"rendered":"<p>Gran colecci\u00f3n de pantimedias sexy de jacquard de liga hueca popular, siempre hay una que se adapte a ti. Utilizando tela de nailon de alta elasticidad, utilizando la t\u00e9cnica Jacquard para aplicar los patrones m\u00e1s populares y de moda en las pantimedias, no te preocupes por combinar.<\/p>","protected":false},"featured_media":31286,"template":"","meta":[],"product_brand":[],"product_cat":[416,414,411,404],"product_tag":[528,518,504],"class_list":{"0":"post-31285","1":"product","2":"type-product","3":"status-publish","4":"has-post-thumbnail","6":"product_cat-wholesale-suspender-pantyhose","7":"product_cat-wholesale-sexy-nylon-pantyhose","8":"product_cat-sexy-pantyhose","9":"product_cat-sexy-stocking","10":"product_tag-halter-lingerie","11":"product_tag-mesh-lingerie","12":"product_tag-ultra-sexy","13":"pa_size-free","15":"first","16":"instock","17":"taxable","18":"shipping-taxable","19":"purchasable","20":"product-type-variable"},"tiered_pricing_type":"fixed","tiered_pricing_fixed_rules":[],"tiered_pricing_product_settings":{"layout":"default","base_unit_name":{"singular":null,"plural":null},"default_variation":null},"tiered_pricing_minimum_quantity":null,"tiered_pricing_roles_data":{"default_wholesaler":{"product_id":31285,"role":"default_wholesaler","pricing_type":"flat","regular_price":null,"sale_price":null,"discount":null,"discount_type":"sale_price","tiered_pricing_type":"fixed","percentage_rules":[],"fixed_rules":{"2":"1.59","50":"1.29","800":"0.89"},"minimum":null},"dropshippinger":{"product_id":31285,"role":"dropshippinger","pricing_type":"flat","regular_price":null,"sale_price":null,"discount":null,"discount_type":"sale_price","tiered_pricing_type":"fixed","percentage_rules":[],"fixed_rules":{"1":"1.79","10":"1.59","50":"1.29"},"minimum":null}},"tiered_pricing_percentage_rules":[],"tiered_pricing_maximum_quantity":null,"tiered_pricing_quantity_step":null,"_links":{"self":[{"href":"https:\/\/gretasexylingerie.com\/es\/wp-json\/wp\/v2\/product\/31285","targetHints":{"allow":["GET"]}}],"collection":[{"href":"https:\/\/gretasexylingerie.com\/es\/wp-json\/wp\/v2\/product"}],"about":[{"href":"https:\/\/gretasexylingerie.com\/es\/wp-json\/wp\/v2\/types\/product"}],"wp:featuredmedia":[{"embeddable":true,"href":"https:\/\/gretasexylingerie.com\/es\/wp-json\/wp\/v2\/media\/31286"}],"wp:attachment":[{"href":"https:\/\/gretasexylingerie.com\/es\/wp-json\/wp\/v2\/media?parent=31285"}],"wp:term":[{"taxonomy":"product_brand","embeddable":true,"href":"https:\/\/gretasexylingerie.com\/es\/wp-json\/wp\/v2\/product_brand?post=31285"},{"taxonomy":"product_cat","embeddable":true,"href":"https:\/\/gretasexylingerie.com\/es\/wp-json\/wp\/v2\/product_cat?post=31285"},{"taxonomy":"product_tag","embeddable":true,"href":"https:\/\/gretasexylingerie.com\/es\/wp-json\/wp\/v2\/product_tag?post=31285"}],"curies":[{"name":"Gracias","href":"https:\/\/api.w.org\/{rel}","templated":true}]}}