{"id":31203,"date":"2023-01-29T19:43:06","date_gmt":"2023-01-29T11:43:06","guid":{"rendered":"https:\/\/gretasexylingerie.com\/?post_type=product&#038;p=31203"},"modified":"2023-09-05T20:50:44","modified_gmt":"2023-09-05T12:50:44","slug":"medias-de-rejilla-sexys-y-tentadoras","status":"publish","type":"product","link":"https:\/\/gretasexylingerie.com\/es\/products\/sexy-hollow-temptation-fishnet-stockings\/","title":{"rendered":"Medias de red de tentaci\u00f3n hueca sexy"},"content":{"rendered":"<p>Caracter\u00edsticas:<\/p>\n\n\n\n<p>1. Medias de malla de moda: adem\u00e1s de dar forma a las piernas perfectas, las medias de malla medianas para mujer tambi\u00e9n pueden a\u00f1adir un ambiente juvenil y moderno a tu atuendo. Reaccionan fant\u00e1sticamente con otras prendas, especialmente jeans, para un estilo urbano llamativo que es popular entre las mujeres j\u00f3venes.<br>2, accesorio de moda perfecto: las mallas de rejilla negras cl\u00e1sicas proporcionar\u00e1n un estilo elegante a cualquier guardarropa de mujer, combinan perfectamente con sus vestidos favoritos, camisas, pantalones cortos, tacones altos, botines, botas de muslo, zapatos planos con punta o incluso alpargatas, dos ambos son adecuados Tanto para ocasiones casuales como oficiales, como uso diario, cosplay, fiestas, viajes, festivales y vacaciones, especialmente Halloween y Navidad.<br>3. Dise\u00f1o \u00fanico: la l\u00ednea de cintura alta el\u00e1stica ajustada sexy se adapta perfectamente, haciendo que las mujeres sean m\u00e1s sexys y encantadoras.<br>4. Caracter\u00edsticas: \u00a1Los hermosos detalles de encaje floral y la liga de encaje sexy se combinan perfectamente con redes de pesca audaces para una apariencia impresionante!<\/p>","protected":false},"excerpt":{"rendered":"<p>Super Sexy Sexy Hollow Temptation Fishnet Stockings Series, cada estilo puede hacerte m\u00e1s sexy. Hecho de material de nailon de alta elasticidad, utiliza una t\u00e9cnica de jacquard para extender un patr\u00f3n sexy en todo el cuerpo.<\/p>","protected":false},"featured_media":31213,"template":"","meta":[],"product_brand":[],"product_cat":[414,413,411,404],"product_tag":[452,446,504],"class_list":{"0":"post-31203","1":"product","2":"type-product","3":"status-publish","4":"has-post-thumbnail","6":"product_cat-wholesale-sexy-nylon-pantyhose","7":"product_cat-wholesale-fishnet-pantyhose","8":"product_cat-sexy-pantyhose","9":"product_cat-sexy-stocking","10":"product_tag-wholesale-boudoir-lingerie","11":"product_tag-wholesale-sexy-see-through-lingerie","12":"product_tag-ultra-sexy","13":"pa_size-free","15":"first","16":"instock","17":"taxable","18":"shipping-taxable","19":"purchasable","20":"product-type-variable"},"tiered_pricing_type":"fixed","tiered_pricing_fixed_rules":[],"tiered_pricing_product_settings":{"layout":"default","base_unit_name":{"singular":null,"plural":null},"default_variation":null},"tiered_pricing_minimum_quantity":null,"tiered_pricing_roles_data":{"default_wholesaler":{"product_id":31203,"role":"default_wholesaler","pricing_type":"flat","regular_price":null,"sale_price":null,"discount":null,"discount_type":"sale_price","tiered_pricing_type":"fixed","percentage_rules":[],"fixed_rules":{"2":"1.99","50":"1.59","800":"1.19"},"minimum":null},"dropshippinger":{"product_id":31203,"role":"dropshippinger","pricing_type":"flat","regular_price":null,"sale_price":null,"discount":null,"discount_type":"sale_price","tiered_pricing_type":"fixed","percentage_rules":[],"fixed_rules":{"1":"2.29","10":"1.99","50":"1.59"},"minimum":null}},"tiered_pricing_percentage_rules":[],"tiered_pricing_maximum_quantity":null,"tiered_pricing_quantity_step":null,"_links":{"self":[{"href":"https:\/\/gretasexylingerie.com\/es\/wp-json\/wp\/v2\/product\/31203","targetHints":{"allow":["GET"]}}],"collection":[{"href":"https:\/\/gretasexylingerie.com\/es\/wp-json\/wp\/v2\/product"}],"about":[{"href":"https:\/\/gretasexylingerie.com\/es\/wp-json\/wp\/v2\/types\/product"}],"wp:featuredmedia":[{"embeddable":true,"href":"https:\/\/gretasexylingerie.com\/es\/wp-json\/wp\/v2\/media\/31213"}],"wp:attachment":[{"href":"https:\/\/gretasexylingerie.com\/es\/wp-json\/wp\/v2\/media?parent=31203"}],"wp:term":[{"taxonomy":"product_brand","embeddable":true,"href":"https:\/\/gretasexylingerie.com\/es\/wp-json\/wp\/v2\/product_brand?post=31203"},{"taxonomy":"product_cat","embeddable":true,"href":"https:\/\/gretasexylingerie.com\/es\/wp-json\/wp\/v2\/product_cat?post=31203"},{"taxonomy":"product_tag","embeddable":true,"href":"https:\/\/gretasexylingerie.com\/es\/wp-json\/wp\/v2\/product_tag?post=31203"}],"curies":[{"name":"Gracias","href":"https:\/\/api.w.org\/{rel}","templated":true}]}}