{"id":31130,"date":"2023-01-29T17:49:40","date_gmt":"2023-01-29T09:49:40","guid":{"rendered":"https:\/\/gretasexylingerie.com\/?post_type=product&#038;p=31130"},"modified":"2023-09-05T20:50:43","modified_gmt":"2023-09-05T12:50:43","slug":"medias-de-encaje-retro-con-tiras-verticales-huecas","status":"publish","type":"product","link":"https:\/\/gretasexylingerie.com\/es\/products\/vertical-strip-retro-hollow-lace-pantyhose\/","title":{"rendered":"Pantimedias de encaje hueco retro con tira vertical"},"content":{"rendered":"<p>Caracter\u00edsticas:<\/p>\n\n\n\n<p>1. Material: el material suave le brinda una experiencia c\u00f3moda. La fuerte elasticidad hace que este conjunto de liguero y medias sea adecuado para m\u00e1s personas de diferentes tipos de cuerpo. Conf\u00eda en m\u00ed, a tu piel le encantar\u00e1n estos calcetines de rejilla.<br>2. Caracter\u00edsticas: \u00a1Los hermosos detalles florales y la liga de encaje sexy se combinan perfectamente con atrevidas redes de pesca para una apariencia deslumbrante!<br>3. Incorpore elementos de moda m\u00e1s sexys para mostrar una figura perfecta e inspirar confianza en s\u00ed mismo. Adecuado para todas las estaciones. Se ven geniales debajo de faldas o pantalones cortos. Tambi\u00e9n son adecuados para el uso diario, representaciones teatrales y fiestas de disfraces.<br>4. Ocasiones aplicables: estos calcetines de red de moda son adecuados para fiestas, festivales, espect\u00e1culos, bares, cosplay o simplemente como combinaci\u00f3n de atuendos diarios, agregando elegancia y m\u00e1s detalles a su atuendo general.<\/p>","protected":false},"excerpt":{"rendered":"<p>Las pantimedias de encaje hueco retro con tira vertical son una de nuestras series m\u00e1s vendidas, utilizan material de alta elasticidad y dise\u00f1an el patr\u00f3n m\u00e1s popular y de moda en \u00e9l, para que puedan formar una combinaci\u00f3n perfecta con cualquier estilo de ropa.<\/p>","protected":false},"featured_media":31161,"template":"","meta":[],"product_brand":[],"product_cat":[414,411,404],"product_tag":[452,504],"class_list":{"0":"post-31130","1":"product","2":"type-product","3":"status-publish","4":"has-post-thumbnail","6":"product_cat-wholesale-sexy-nylon-pantyhose","7":"product_cat-sexy-pantyhose","8":"product_cat-sexy-stocking","9":"product_tag-wholesale-boudoir-lingerie","10":"product_tag-ultra-sexy","11":"pa_size-free","13":"first","14":"instock","15":"taxable","16":"shipping-taxable","17":"purchasable","18":"product-type-variable"},"tiered_pricing_type":"fixed","tiered_pricing_fixed_rules":[],"tiered_pricing_product_settings":{"layout":"default","base_unit_name":{"singular":null,"plural":null},"default_variation":null},"tiered_pricing_minimum_quantity":null,"tiered_pricing_roles_data":{"default_wholesaler":{"product_id":31130,"role":"default_wholesaler","pricing_type":"flat","regular_price":null,"sale_price":null,"discount":null,"discount_type":"sale_price","tiered_pricing_type":"fixed","percentage_rules":[],"fixed_rules":{"2":"1.79","50":"1.49","800":"0.99"},"minimum":null},"dropshippinger":{"product_id":31130,"role":"dropshippinger","pricing_type":"flat","regular_price":null,"sale_price":null,"discount":null,"discount_type":"sale_price","tiered_pricing_type":"fixed","percentage_rules":[],"fixed_rules":{"1":"2.09","10":"1.79","50":"1.49"},"minimum":null}},"tiered_pricing_percentage_rules":[],"tiered_pricing_maximum_quantity":null,"tiered_pricing_quantity_step":null,"_links":{"self":[{"href":"https:\/\/gretasexylingerie.com\/es\/wp-json\/wp\/v2\/product\/31130","targetHints":{"allow":["GET"]}}],"collection":[{"href":"https:\/\/gretasexylingerie.com\/es\/wp-json\/wp\/v2\/product"}],"about":[{"href":"https:\/\/gretasexylingerie.com\/es\/wp-json\/wp\/v2\/types\/product"}],"wp:featuredmedia":[{"embeddable":true,"href":"https:\/\/gretasexylingerie.com\/es\/wp-json\/wp\/v2\/media\/31161"}],"wp:attachment":[{"href":"https:\/\/gretasexylingerie.com\/es\/wp-json\/wp\/v2\/media?parent=31130"}],"wp:term":[{"taxonomy":"product_brand","embeddable":true,"href":"https:\/\/gretasexylingerie.com\/es\/wp-json\/wp\/v2\/product_brand?post=31130"},{"taxonomy":"product_cat","embeddable":true,"href":"https:\/\/gretasexylingerie.com\/es\/wp-json\/wp\/v2\/product_cat?post=31130"},{"taxonomy":"product_tag","embeddable":true,"href":"https:\/\/gretasexylingerie.com\/es\/wp-json\/wp\/v2\/product_tag?post=31130"}],"curies":[{"name":"Gracias","href":"https:\/\/api.w.org\/{rel}","templated":true}]}}