{"id":30924,"date":"2023-01-28T16:06:23","date_gmt":"2023-01-28T08:06:23","guid":{"rendered":"https:\/\/gretasexylingerie.com\/?post_type=product&#038;p=30924"},"modified":"2023-09-05T20:50:34","modified_gmt":"2023-09-05T12:50:34","slug":"traje-de-cuerpo-cruzado-de-rejilla-roja-con-cuello-halter","status":"publish","type":"product","link":"https:\/\/gretasexylingerie.com\/es\/products\/crossover-halter-red-fishnet-body-suit\/","title":{"rendered":"Body de rejilla rojo con cuello halter cruzado"},"content":{"rendered":"<p>Caracter\u00edsticas:<\/p>\n\n\n\n<p>* Crossover Halter Red Fishnet Body Suit est\u00e1 hecho de nailon y elastano de alta calidad, que es suave, el\u00e1stico y duradero. Su Material Es Muy Suave Y Te Hace Sentir Suave Y C\u00f3modo.<br>* El traje de cuerpo de rejilla roja halter es de talla \u00fanica, el\u00e1stico, talla \u00fanica, favorece tu figura muy bien.<br>* Buena opci\u00f3n de regalo: las medias de ropa interior de rejilla se pueden dar a tus novias y mejores amigos en festivales, muestra tu feminidad, a\u00f1ade diversi\u00f3n en el dulce d\u00eda de San Valent\u00edn, aniversario y otros festivales.<br>* Dise\u00f1o de moda: calcetines de malla para el cuerpo, transparentes a la moda, el dise\u00f1o brinda un impacto visual, refleja lo salvaje y lo atractivo, puede combinarlo con faldas diarias o pantalones calientes, representaciones teatrales y fiestas de disfraces, muestre su figura e inspire su confianza.<\/p>","protected":false},"excerpt":{"rendered":"<p>Este Encantador Traje de Cuerpo de Malla Rojo Halter Cruzado Cuenta con un Dise\u00f1o de Cuello Halter Entrecruzado, Tela de Malla con Ribete Floral, Liguero Integrado, y un Color Rojo Festivo Que Combina con la Dulzura de la Noche.<\/p>","protected":false},"featured_media":30926,"template":"","meta":[],"product_brand":[],"product_cat":[410,405,407,404],"product_tag":[448,528,451,446,447,504],"class_list":{"0":"post-30924","1":"product","2":"type-product","3":"status-publish","4":"has-post-thumbnail","6":"product_cat-wholesale-suspender-bodystocking","7":"product_cat-wholesale-bodystocking","8":"product_cat-wholesale-full-body-stocking","9":"product_cat-sexy-stocking","10":"product_tag-wholesale-elegant-sexy-lingerie","11":"product_tag-halter-lingerie","12":"product_tag-wholesale-revealing-lingerie","13":"product_tag-wholesale-sexy-see-through-lingerie","14":"product_tag-wholesale-strappy-sexy-lingerie","15":"product_tag-ultra-sexy","16":"pa_color-red-women-sexy-lingerie","17":"pa_size-free","19":"first","20":"instock","21":"taxable","22":"shipping-taxable","23":"purchasable","24":"product-type-variable"},"tiered_pricing_type":"fixed","tiered_pricing_fixed_rules":[],"tiered_pricing_product_settings":{"layout":"default","base_unit_name":{"singular":null,"plural":null},"default_variation":null},"tiered_pricing_minimum_quantity":null,"tiered_pricing_roles_data":{"default_wholesaler":{"product_id":30924,"role":"default_wholesaler","pricing_type":"flat","regular_price":null,"sale_price":null,"discount":null,"discount_type":"sale_price","tiered_pricing_type":"fixed","percentage_rules":[],"fixed_rules":{"2":"2.79","30":"2.39","500":"1.79"},"minimum":null},"dropshippinger":{"product_id":30924,"role":"dropshippinger","pricing_type":"flat","regular_price":null,"sale_price":null,"discount":null,"discount_type":"sale_price","tiered_pricing_type":"fixed","percentage_rules":[],"fixed_rules":{"1":"3.49","5":"2.79","30":"1.99"},"minimum":null}},"tiered_pricing_percentage_rules":[],"tiered_pricing_maximum_quantity":null,"tiered_pricing_quantity_step":null,"_links":{"self":[{"href":"https:\/\/gretasexylingerie.com\/es\/wp-json\/wp\/v2\/product\/30924","targetHints":{"allow":["GET"]}}],"collection":[{"href":"https:\/\/gretasexylingerie.com\/es\/wp-json\/wp\/v2\/product"}],"about":[{"href":"https:\/\/gretasexylingerie.com\/es\/wp-json\/wp\/v2\/types\/product"}],"wp:featuredmedia":[{"embeddable":true,"href":"https:\/\/gretasexylingerie.com\/es\/wp-json\/wp\/v2\/media\/30926"}],"wp:attachment":[{"href":"https:\/\/gretasexylingerie.com\/es\/wp-json\/wp\/v2\/media?parent=30924"}],"wp:term":[{"taxonomy":"product_brand","embeddable":true,"href":"https:\/\/gretasexylingerie.com\/es\/wp-json\/wp\/v2\/product_brand?post=30924"},{"taxonomy":"product_cat","embeddable":true,"href":"https:\/\/gretasexylingerie.com\/es\/wp-json\/wp\/v2\/product_cat?post=30924"},{"taxonomy":"product_tag","embeddable":true,"href":"https:\/\/gretasexylingerie.com\/es\/wp-json\/wp\/v2\/product_tag?post=30924"}],"curies":[{"name":"Gracias","href":"https:\/\/api.w.org\/{rel}","templated":true}]}}