{"id":30869,"date":"2023-01-27T19:18:04","date_gmt":"2023-01-27T11:18:04","guid":{"rendered":"https:\/\/gretasexylingerie.com\/?post_type=product&#038;p=30869"},"modified":"2023-09-05T20:50:28","modified_gmt":"2023-09-05T12:50:28","slug":"traje-de-cuerpo-sexy-de-rejilla-con-escote-en-v-profundo-y-manga-larga","status":"publish","type":"product","link":"https:\/\/gretasexylingerie.com\/es\/products\/long-sleeve-deep-v-sexy-fishnet-body-suit\/","title":{"rendered":"Traje de cuerpo de red sexy de manga larga con escote en V profundo"},"content":{"rendered":"<ul class=\"wp-block-list\">\n<li>El traje de cuerpo de red sexy de manga larga con escote en V profundo est\u00e1 hecho de nailon y elastano de alta calidad, que es suave, el\u00e1stico y duradero. Su Material Es Muy Suave Y Te Hace Sentir Suave Y C\u00f3modo.<\/li>\n\n\n\n<li>El traje de cuerpo de rejilla sexy es de talla \u00fanica, el\u00e1stico, talla \u00fanica, favorece tu figura muy bien.<\/li>\n\n\n\n<li>Buena opci\u00f3n de regalo: las medias de ropa interior de rejilla se pueden dar a tus novias y mejores amigos en festivales, muestra tu feminidad, a\u00f1ade diversi\u00f3n en el dulce d\u00eda de San Valent\u00edn, aniversario y otros festivales.<\/li>\n\n\n\n<li>Dise\u00f1o de moda: calcetines de malla para el cuerpo, transparentes a la moda, el dise\u00f1o brinda un impacto visual, refleja lo salvaje y lo atractivo, puede combinarlo con faldas diarias o pantalones calientes, representaciones teatrales y fiestas de disfraces, muestre su figura e inspire su confianza<\/li>\n<\/ul>","protected":false},"excerpt":{"rendered":"<p>Destaca en los clubes nocturnos con el traje de cuerpo de rejilla sexy de manga larga con escote en V profundo. Adopta un dise\u00f1o de cofre abierto, mangas largas de rejilla y usa una sombra negra para resaltar la sensualidad del cofre. El dise\u00f1o general de rejilla usa negro para cubrir la entrepierna.<\/p>","protected":false},"featured_media":30872,"template":"","meta":[],"product_brand":[],"product_cat":[409,405,367,404],"product_tag":[452,521,541,451,446],"class_list":{"0":"post-30869","1":"product","2":"type-product","3":"status-publish","4":"has-post-thumbnail","6":"product_cat-wholesale-stocking-bodysuit","7":"product_cat-wholesale-bodystocking","8":"product_cat-sexy-lingerie","9":"product_cat-sexy-stocking","10":"product_tag-wholesale-boudoir-lingerie","11":"product_tag-deep-v-lingerie","12":"product_tag-fishnet-lingerie","13":"product_tag-wholesale-revealing-lingerie","14":"product_tag-wholesale-sexy-see-through-lingerie","15":"pa_color-black","16":"pa_size-free","18":"first","19":"instock","20":"taxable","21":"shipping-taxable","22":"purchasable","23":"product-type-variable"},"tiered_pricing_type":"fixed","tiered_pricing_fixed_rules":[],"tiered_pricing_product_settings":{"layout":"default","base_unit_name":{"singular":null,"plural":null},"default_variation":null},"tiered_pricing_minimum_quantity":null,"tiered_pricing_roles_data":{"default_wholesaler":{"product_id":30869,"role":"default_wholesaler","pricing_type":"flat","regular_price":null,"sale_price":null,"discount":null,"discount_type":"sale_price","tiered_pricing_type":"fixed","percentage_rules":[],"fixed_rules":{"2":"2.79","30":"2.39","500":"1.79"},"minimum":null},"dropshippinger":{"product_id":30869,"role":"dropshippinger","pricing_type":"flat","regular_price":null,"sale_price":null,"discount":null,"discount_type":"sale_price","tiered_pricing_type":"fixed","percentage_rules":[],"fixed_rules":{"1":"3.49","5":"2.79","30":"1.99"},"minimum":null}},"tiered_pricing_percentage_rules":[],"tiered_pricing_maximum_quantity":null,"tiered_pricing_quantity_step":null,"_links":{"self":[{"href":"https:\/\/gretasexylingerie.com\/es\/wp-json\/wp\/v2\/product\/30869","targetHints":{"allow":["GET"]}}],"collection":[{"href":"https:\/\/gretasexylingerie.com\/es\/wp-json\/wp\/v2\/product"}],"about":[{"href":"https:\/\/gretasexylingerie.com\/es\/wp-json\/wp\/v2\/types\/product"}],"wp:featuredmedia":[{"embeddable":true,"href":"https:\/\/gretasexylingerie.com\/es\/wp-json\/wp\/v2\/media\/30872"}],"wp:attachment":[{"href":"https:\/\/gretasexylingerie.com\/es\/wp-json\/wp\/v2\/media?parent=30869"}],"wp:term":[{"taxonomy":"product_brand","embeddable":true,"href":"https:\/\/gretasexylingerie.com\/es\/wp-json\/wp\/v2\/product_brand?post=30869"},{"taxonomy":"product_cat","embeddable":true,"href":"https:\/\/gretasexylingerie.com\/es\/wp-json\/wp\/v2\/product_cat?post=30869"},{"taxonomy":"product_tag","embeddable":true,"href":"https:\/\/gretasexylingerie.com\/es\/wp-json\/wp\/v2\/product_tag?post=30869"}],"curies":[{"name":"Gracias","href":"https:\/\/api.w.org\/{rel}","templated":true}]}}