{"id":30849,"date":"2023-01-27T18:43:28","date_gmt":"2023-01-27T10:43:28","guid":{"rendered":"https:\/\/gretasexylingerie.com\/?post_type=product&#038;p=30849"},"modified":"2024-02-15T22:50:42","modified_gmt":"2024-02-15T14:50:42","slug":"medias-de-cuerpo-entero-de-rejilla-con-lazo-de-color-rosa-intenso","status":"publish","type":"product","link":"https:\/\/gretasexylingerie.com\/es\/products\/deep-pink-bowknot-fishnet-full-bodystocking\/","title":{"rendered":"Body de cuerpo completo de rejilla con lazo rosa oscuro"},"content":{"rendered":"<ul class=\"wp-block-list\">\n<li>El bodystocking completo de rejilla owknot est\u00e1 hecho de nailon y elastano de alta calidad, que es suave, el\u00e1stico y duradero. Su Material Es Muy Suave Y Te Hace Sentir Suave Y C\u00f3modo.<\/li>\n\n\n\n<li>El body completo es de talla \u00fanica, el\u00e1stico, talla \u00fanica, favorece tu figura muy bien.<\/li>\n\n\n\n<li>Buena opci\u00f3n de regalo: las medias de ropa interior de rejilla se pueden dar a tus novias y mejores amigos en festivales, muestra tu feminidad, a\u00f1ade diversi\u00f3n en el dulce d\u00eda de San Valent\u00edn, aniversario y otros festivales.<\/li>\n\n\n\n<li>Dise\u00f1o de moda: calcetines de malla para el cuerpo, transparentes a la moda, el dise\u00f1o brinda un impacto visual, refleja lo salvaje y lo atractivo, puede combinarlo con faldas diarias o pantalones calientes, representaciones teatrales y fiestas de disfraces, muestre su figura e inspire su confianza<\/li>\n<\/ul>","protected":false},"excerpt":{"rendered":"<p>Ilumina tus noches con este bonito y sexy mono de red con lazo rosa intenso. Con un dise\u00f1o abierto, presenta un lazo en el busto, volantes alrededor de las copas, un cuerpo floral delicado y un calcet\u00edn de rejilla.<\/p>","protected":false},"featured_media":30852,"template":"","meta":[],"product_brand":[],"product_cat":[407,405,367,404],"product_tag":[512,541,518,446,449],"class_list":{"0":"post-30849","1":"product","2":"type-product","3":"status-publish","4":"has-post-thumbnail","6":"product_cat-wholesale-full-body-stocking","7":"product_cat-wholesale-bodystocking","8":"product_cat-sexy-lingerie","9":"product_cat-sexy-stocking","10":"product_tag-bow-lingerie","11":"product_tag-fishnet-lingerie","12":"product_tag-mesh-lingerie","13":"product_tag-wholesale-sexy-see-through-lingerie","14":"product_tag-wholesale-sexy-crotchless-lingerie","15":"pa_color-deep-pink-women-sexy-lingerie","16":"pa_size-free","18":"first","19":"instock","20":"taxable","21":"shipping-taxable","22":"purchasable","23":"product-type-variable"},"tiered_pricing_type":"fixed","tiered_pricing_fixed_rules":[],"tiered_pricing_product_settings":{"layout":"table","base_unit_name":{"singular":null,"plural":null},"default_variation":null},"tiered_pricing_minimum_quantity":null,"tiered_pricing_roles_data":{"default_wholesaler":{"product_id":30849,"role":"default_wholesaler","pricing_type":"flat","regular_price":null,"sale_price":null,"discount":null,"discount_type":"sale_price","tiered_pricing_type":"fixed","percentage_rules":[],"fixed_rules":{"2":"1.59","30":"1.29","500":"0.99"},"minimum":null},"dropshippinger":{"product_id":30849,"role":"dropshippinger","pricing_type":"flat","regular_price":null,"sale_price":null,"discount":null,"discount_type":"sale_price","tiered_pricing_type":"fixed","percentage_rules":[],"fixed_rules":{"1":"1.99","5":"1.59","30":"1.19"},"minimum":null}},"tiered_pricing_percentage_rules":[],"tiered_pricing_maximum_quantity":null,"tiered_pricing_quantity_step":null,"_links":{"self":[{"href":"https:\/\/gretasexylingerie.com\/es\/wp-json\/wp\/v2\/product\/30849","targetHints":{"allow":["GET"]}}],"collection":[{"href":"https:\/\/gretasexylingerie.com\/es\/wp-json\/wp\/v2\/product"}],"about":[{"href":"https:\/\/gretasexylingerie.com\/es\/wp-json\/wp\/v2\/types\/product"}],"wp:featuredmedia":[{"embeddable":true,"href":"https:\/\/gretasexylingerie.com\/es\/wp-json\/wp\/v2\/media\/30852"}],"wp:attachment":[{"href":"https:\/\/gretasexylingerie.com\/es\/wp-json\/wp\/v2\/media?parent=30849"}],"wp:term":[{"taxonomy":"product_brand","embeddable":true,"href":"https:\/\/gretasexylingerie.com\/es\/wp-json\/wp\/v2\/product_brand?post=30849"},{"taxonomy":"product_cat","embeddable":true,"href":"https:\/\/gretasexylingerie.com\/es\/wp-json\/wp\/v2\/product_cat?post=30849"},{"taxonomy":"product_tag","embeddable":true,"href":"https:\/\/gretasexylingerie.com\/es\/wp-json\/wp\/v2\/product_tag?post=30849"}],"curies":[{"name":"Gracias","href":"https:\/\/api.w.org\/{rel}","templated":true}]}}