{"id":30827,"date":"2023-01-26T12:37:12","date_gmt":"2023-01-26T04:37:12","guid":{"rendered":"https:\/\/gretasexylingerie.com\/?post_type=product&#038;p=30827"},"modified":"2023-09-05T20:50:26","modified_gmt":"2023-09-05T12:50:26","slug":"body-de-arnes-negro-con-espalda-descubierta-y-pecho-descubierto-de-senorita","status":"publish","type":"product","link":"https:\/\/gretasexylingerie.com\/es\/products\/miss-open-back-bare-breast-black-harness-bodysuit\/","title":{"rendered":"Body negro con arn\u00e9s y pecho desnudo de espalda abierta de Miss"},"content":{"rendered":"<p>Caracter\u00edsticas:<\/p>\n\n\n\n<p>1. Usando bandas el\u00e1sticas de alta calidad, cada parte se puede ajustar libremente. Aunque solo hay un tama\u00f1o, se puede usar para figuras S-xl.<br>2. La correa para el hombro y el cuello colgante est\u00e1n dise\u00f1ados en una sola pieza, conectados por un anillo de metal. El dise\u00f1o de copa completa hueca hace que tus senos sean m\u00e1s regordetes y sexys.<br>3. Cintura el\u00e1stica ajustable. Hay 3 anillos de metal en la parte delantera que est\u00e1n respectivamente conectados con los anillos de metal a trav\u00e9s de cinturones el\u00e1sticos. Hebilla en forma de Z para poner y quitar f\u00e1cilmente.<br>4. Ropa interior tipo entrepierna abierta, hay dos anillos de metal en la entrepierna conectados con la cintura a trav\u00e9s de la banda el\u00e1stica. Los gl\u00fateos no est\u00e1n cubiertos ni modificados de ninguna manera.<\/p>","protected":false},"excerpt":{"rendered":"<p>El body negro con arn\u00e9s Complex Miss Open Back Bare Breast para mujer parece a\u00f1adir una armadura hueca a tu cuerpo. Usando bandas el\u00e1sticas cortas de alta calidad, cada banda el\u00e1stica se puede ajustar libremente, dise\u00f1o de copa completa hueca, dise\u00f1o integrado de correas para los hombros y cuello halter, cintura el\u00e1stica ajustable, ropa interior abierta en la entrepierna.<\/p>","protected":false},"featured_media":30829,"template":"","meta":[],"product_brand":[],"product_cat":[379,377,367],"product_tag":[448,446,449,533,447],"class_list":{"0":"post-30827","1":"product","2":"type-product","3":"status-publish","4":"has-post-thumbnail","6":"product_cat-wholesale-harness-bodysuit","7":"product_cat-harness-lingerie","8":"product_cat-sexy-lingerie","9":"product_tag-wholesale-elegant-sexy-lingerie","10":"product_tag-wholesale-sexy-see-through-lingerie","11":"product_tag-wholesale-sexy-crotchless-lingerie","12":"product_tag-sexy-cupless-lingerie","13":"product_tag-wholesale-strappy-sexy-lingerie","14":"pa_color-black","15":"pa_size-free","17":"first","18":"instock","19":"taxable","20":"shipping-taxable","21":"purchasable","22":"product-type-variable"},"tiered_pricing_type":"fixed","tiered_pricing_fixed_rules":[],"tiered_pricing_product_settings":{"layout":"default","base_unit_name":{"singular":null,"plural":null},"default_variation":null},"tiered_pricing_minimum_quantity":null,"tiered_pricing_roles_data":{"default_wholesaler":{"product_id":30827,"role":"default_wholesaler","pricing_type":"flat","regular_price":null,"sale_price":null,"discount":null,"discount_type":"sale_price","tiered_pricing_type":"fixed","percentage_rules":[],"fixed_rules":{"2":"9.39","30":"8.29","500":"7.29"},"minimum":null},"dropshippinger":{"product_id":30827,"role":"dropshippinger","pricing_type":"flat","regular_price":null,"sale_price":null,"discount":null,"discount_type":"sale_price","tiered_pricing_type":"fixed","percentage_rules":[],"fixed_rules":{"1":"13.19","5":"10.99","30":"8.29"},"minimum":null}},"tiered_pricing_percentage_rules":[],"tiered_pricing_maximum_quantity":null,"tiered_pricing_quantity_step":null,"_links":{"self":[{"href":"https:\/\/gretasexylingerie.com\/es\/wp-json\/wp\/v2\/product\/30827","targetHints":{"allow":["GET"]}}],"collection":[{"href":"https:\/\/gretasexylingerie.com\/es\/wp-json\/wp\/v2\/product"}],"about":[{"href":"https:\/\/gretasexylingerie.com\/es\/wp-json\/wp\/v2\/types\/product"}],"wp:featuredmedia":[{"embeddable":true,"href":"https:\/\/gretasexylingerie.com\/es\/wp-json\/wp\/v2\/media\/30829"}],"wp:attachment":[{"href":"https:\/\/gretasexylingerie.com\/es\/wp-json\/wp\/v2\/media?parent=30827"}],"wp:term":[{"taxonomy":"product_brand","embeddable":true,"href":"https:\/\/gretasexylingerie.com\/es\/wp-json\/wp\/v2\/product_brand?post=30827"},{"taxonomy":"product_cat","embeddable":true,"href":"https:\/\/gretasexylingerie.com\/es\/wp-json\/wp\/v2\/product_cat?post=30827"},{"taxonomy":"product_tag","embeddable":true,"href":"https:\/\/gretasexylingerie.com\/es\/wp-json\/wp\/v2\/product_tag?post=30827"}],"curies":[{"name":"Gracias","href":"https:\/\/api.w.org\/{rel}","templated":true}]}}