{"id":30674,"date":"2023-01-25T12:31:07","date_gmt":"2023-01-25T04:31:07","guid":{"rendered":"https:\/\/gretasexylingerie.com\/?post_type=product&#038;p=30674"},"modified":"2023-12-09T21:34:59","modified_gmt":"2023-12-09T13:34:59","slug":"camisola-de-malla-con-tirantes-y-perspectiva","status":"publish","type":"product","link":"https:\/\/gretasexylingerie.com\/es\/products\/strap-perspective-sling-mesh-chemise\/","title":{"rendered":"venta al por mayor camisola de malla con tirantes y perspectiva"},"content":{"rendered":"<p>Caracter\u00edsticas:<\/p>\n\n\n\n<p>1. La malla transparente de alta elasticidad puede contener su cuerpo muy bien, y el dise\u00f1o que envuelve la cadera no restringir\u00e1 su movimiento.<br>2. Correas de hombro anchas ajustables, dise\u00f1o extra\u00edble, hace que tu pecho sea m\u00e1s regordete.<br>3. Las l\u00edneas hechas de varias bandas anchas hacen que tu cuerpo sea m\u00e1s hermoso visualmente. Hay dos correas extendidas.<\/p>\n\n\n\n<figure class=\"wp-block-table is-style-stripes\"><table><tbody><tr><td colspan=\"4\">Gr\u00e1fico del sitio (CM)<\/td><\/tr><tr><td>Tama\u00f1o<\/td><td>Debajo del busto<\/td><td>Cintura<\/td><td>Longitud<\/td><\/tr><tr><td>S<\/td><td>64-90<\/td><td>64-84<\/td><td>72<\/td><\/tr><tr><td>METRO<\/td><td>68-94<\/td><td>68-88<\/td><td>74<\/td><\/tr><tr><td>L<\/td><td>72-98<\/td><td>72-92<\/td><td>76<\/td><\/tr><tr><td colspan=\"4\">Gr\u00e1fico del sitio (PULGADAS)<\/td><\/tr><tr><td>Tama\u00f1o<\/td><td>Debajo del busto<\/td><td>Cintura<\/td><td>Cintura<\/td><\/tr><tr><td>S<\/td><td>25.6-36<\/td><td>25.6-36<\/td><td>28.8<\/td><\/tr><tr><td>METRO<\/td><td>27.2-37.6<\/td><td>27.2-37.6<\/td><td>29.6<\/td><\/tr><tr><td>L<\/td><td>28.8-39.2<\/td><td>28.8-39.2<\/td><td>30.4<\/td><\/tr><tr><td colspan=\"4\">Nota: 1. Puede haber una desviaci\u00f3n de 1 a 2 cm en diferentes tama\u00f1os, ubicaciones y estiramiento de las telas. La tabla de tallas es solo para referencia, puede haber una peque\u00f1a diferencia con lo que obtienes. 2. Hay 3 tipos de elasticidad: alta elasticidad (estirada en dos lados), elasticidad media (estirada en un lado) y no el\u00e1stica (no se puede estirar). 3. El color puede ser m\u00e1s claro o m\u00e1s oscuro debido a las diferentes pantallas de PC. 4. L\u00e1velo a mano con agua a 30 grados, cu\u00e9lguelo para que se seque a la sombra, proh\u00edba el blanqueo. 5. Puede haber una ligera diferencia en los detalles y el patr\u00f3n.<\/td><\/tr><\/tbody><\/table><\/figure>","protected":false},"excerpt":{"rendered":"<p>Deje que la camisola de malla con tirantes Perspective Sling Mesh arroje una trama de misterio sobre su cuerpo. El uso de malla fina de alta elasticidad puede hacer que su cuerpo sea m\u00e1s delgado, y el dise\u00f1o de la correa ancha ajustable para el hombro puede hacer que su cuerpo sea m\u00e1s sexy a trav\u00e9s de la representaci\u00f3n de varias correas anchas.<\/p>\n<p>https:\/\/youtu.be\/UeoPEjfx1fU<\/p>","protected":false},"featured_media":30679,"template":"","meta":[],"product_brand":[],"product_cat":[394,422,367],"product_tag":[518,973,446,447],"class_list":{"0":"post-30674","1":"product","2":"type-product","3":"status-publish","4":"has-post-thumbnail","6":"product_cat-wholesale-mesh-chemise","7":"product_cat-sexy-chemise","8":"product_cat-sexy-lingerie","9":"product_tag-mesh-lingerie","10":"product_tag-oem","11":"product_tag-wholesale-sexy-see-through-lingerie","12":"product_tag-wholesale-strappy-sexy-lingerie","13":"pa_color-black","14":"pa_cup-wholesale-half-cup-women-sexy-lingerie","15":"pa_size-wholesale-large-size-women-sexy-lingerie","16":"pa_size-wholesale-medium-size-women-sexy-lingerie","17":"pa_size-wholesale-small-size-sexy-lingerie","19":"first","20":"outofstock","21":"taxable","22":"shipping-taxable","23":"purchasable","24":"product-type-variable"},"tiered_pricing_type":"fixed","tiered_pricing_fixed_rules":[],"tiered_pricing_product_settings":{"layout":"default","base_unit_name":{"singular":null,"plural":null},"default_variation":{}},"tiered_pricing_minimum_quantity":null,"tiered_pricing_roles_data":{"default_wholesaler":{"product_id":30674,"role":"default_wholesaler","pricing_type":"flat","regular_price":null,"sale_price":null,"discount":null,"discount_type":"sale_price","tiered_pricing_type":"fixed","percentage_rules":[],"fixed_rules":{"2":"9.69","30":"8.29","500":"7.29"},"minimum":null},"dropshippinger":{"product_id":30674,"role":"dropshippinger","pricing_type":"flat","regular_price":null,"sale_price":null,"discount":null,"discount_type":"sale_price","tiered_pricing_type":"fixed","percentage_rules":[],"fixed_rules":{"1":"11.59","5":"9.69","30":"8.29"},"minimum":null}},"tiered_pricing_percentage_rules":[],"tiered_pricing_maximum_quantity":null,"tiered_pricing_quantity_step":null,"_links":{"self":[{"href":"https:\/\/gretasexylingerie.com\/es\/wp-json\/wp\/v2\/product\/30674","targetHints":{"allow":["GET"]}}],"collection":[{"href":"https:\/\/gretasexylingerie.com\/es\/wp-json\/wp\/v2\/product"}],"about":[{"href":"https:\/\/gretasexylingerie.com\/es\/wp-json\/wp\/v2\/types\/product"}],"wp:featuredmedia":[{"embeddable":true,"href":"https:\/\/gretasexylingerie.com\/es\/wp-json\/wp\/v2\/media\/30679"}],"wp:attachment":[{"href":"https:\/\/gretasexylingerie.com\/es\/wp-json\/wp\/v2\/media?parent=30674"}],"wp:term":[{"taxonomy":"product_brand","embeddable":true,"href":"https:\/\/gretasexylingerie.com\/es\/wp-json\/wp\/v2\/product_brand?post=30674"},{"taxonomy":"product_cat","embeddable":true,"href":"https:\/\/gretasexylingerie.com\/es\/wp-json\/wp\/v2\/product_cat?post=30674"},{"taxonomy":"product_tag","embeddable":true,"href":"https:\/\/gretasexylingerie.com\/es\/wp-json\/wp\/v2\/product_tag?post=30674"}],"curies":[{"name":"Gracias","href":"https:\/\/api.w.org\/{rel}","templated":true}]}}