{"id":30638,"date":"2023-01-24T20:54:27","date_gmt":"2023-01-24T12:54:27","guid":{"rendered":"https:\/\/gretasexylingerie.com\/?post_type=product&#038;p=30638"},"modified":"2023-09-05T20:50:16","modified_gmt":"2023-09-05T12:50:16","slug":"camisola-larga-sexy-con-escote-en-v-profundo-y-abertura-lateral","status":"publish","type":"product","link":"https:\/\/gretasexylingerie.com\/es\/products\/deep-v-neck-side-slit-sexy-long-chemise\/","title":{"rendered":"Chemise largo sexy con escote en V profundo y abertura lateral"},"content":{"rendered":"<p>Caracter\u00edsticas:<\/p>\n\n\n\n<p>1. Encaje transparente de alta calidad, la estructura de malla aumenta la elasticidad del material y el patr\u00f3n est\u00e1 especialmente dise\u00f1ado.<br>2. La estructura de red del cofre no solo aumenta la capacidad del cofre, sino que tambi\u00e9n hace que su cofre sea m\u00e1s sexy.<br>3. La falda con corte alto te permite liberar tu encantador encanto m\u00e1s libremente y disfrutar de una noche maravillosa.<\/p>\n\n\n\n<figure class=\"wp-block-table is-style-stripes\"><table><tbody><tr><td colspan=\"4\">Gr\u00e1fico del sitio (CM)<\/td><\/tr><tr><td>Tama\u00f1o<\/td><td>Debajo del busto<\/td><td>Longitud<\/td><td>Cintura<\/td><\/tr><tr><td>S<\/td><td>88<\/td><td>112<\/td><td>65<\/td><\/tr><tr><td>METRO<\/td><td>92<\/td><td>114<\/td><td>70<\/td><\/tr><tr><td>L<\/td><td>96<\/td><td>116<\/td><td>75<\/td><\/tr><tr><td>SG<\/td><td>100<\/td><td>118<\/td><td>80<\/td><\/tr><tr><td>XXL<\/td><td>104<\/td><td>120<\/td><td>85<\/td><\/tr><tr><td colspan=\"4\">Gr\u00e1fico del sitio (PULGADAS)<\/td><\/tr><tr><td>Tama\u00f1o<\/td><td>Debajo del busto<\/td><td>Altura de la copa<\/td><td>Cintura<\/td><\/tr><tr><td>S<\/td><td>35.2<\/td><td>44.8<\/td><td>26<\/td><\/tr><tr><td>METRO<\/td><td>36.8<\/td><td>45.6<\/td><td>28<\/td><\/tr><tr><td>L<\/td><td>38.4<\/td><td>46.4<\/td><td>30<\/td><\/tr><tr><td>SG<\/td><td>40<\/td><td>47.2<\/td><td>32<\/td><\/tr><tr><td>XXL<\/td><td>41.6<\/td><td>48<\/td><td>34<\/td><\/tr><tr><td colspan=\"4\">Nota: 1. Puede haber una desviaci\u00f3n de 1 a 2 cm en diferentes tama\u00f1os, ubicaciones y estiramiento de las telas. La tabla de tallas es solo para referencia, puede haber una peque\u00f1a diferencia con lo que obtienes. 2. Hay 3 tipos de elasticidad: alta elasticidad (estirada en dos lados), elasticidad media (estirada en un lado) y no el\u00e1stica (no se puede estirar). 3. El color puede ser m\u00e1s claro o m\u00e1s oscuro debido a las diferentes pantallas de PC. 4. L\u00e1velo a mano con agua a 30 grados, cu\u00e9lguelo para que se seque a la sombra, proh\u00edba el blanqueo. 5. Puede haber una ligera diferencia en los detalles y el patr\u00f3n.<\/td><\/tr><\/tbody><\/table><\/figure>","protected":false},"excerpt":{"rendered":"<p>El dise\u00f1o de la camisola larga sexy con escote en V profundo y abertura lateral est\u00e1 inspirado en el kimono japon\u00e9s. El cuerpo transparente y sexy seguramente har\u00e1 que quieras parar. Est\u00e1 hecho de tela de encaje hueco y patrones especialmente dise\u00f1ados, cubriendo tu cuerpo con una capa de gasa misteriosa. La parte trasera est\u00e1 hecha de tela de malla el\u00e1stica, con tirantes finos ajustables y tanga a juego.<\/p>","protected":false},"featured_media":30640,"template":"","meta":[],"product_brand":[],"product_cat":[393,392,422,367],"product_tag":[452,516,446,504],"class_list":{"0":"post-30638","1":"product","2":"type-product","3":"status-publish","4":"has-post-thumbnail","6":"product_cat-wholesale-long-chemise","7":"product_cat-wholesale-lace-chemise","8":"product_cat-sexy-chemise","9":"product_cat-sexy-lingerie","10":"product_tag-wholesale-boudoir-lingerie","11":"product_tag-lace-lingerie","12":"product_tag-wholesale-sexy-see-through-lingerie","13":"product_tag-ultra-sexy","14":"pa_color-black","15":"pa_color-fire-brick-women-sexy-lingerie","16":"pa_color-sea-green-women-sexy-lingerie","17":"pa_color-white","18":"pa_cup-full-cup","19":"pa_size-wholesale-large-size-women-sexy-lingerie","20":"pa_size-wholesale-medium-size-women-sexy-lingerie","21":"pa_size-wholesale-small-size-sexy-lingerie","22":"pa_size-wholesale-extra-large-sexy-lingerie","23":"pa_size-extra-extra-large-sexy-lingerie","25":"first","26":"instock","27":"taxable","28":"shipping-taxable","29":"purchasable","30":"product-type-variable"},"tiered_pricing_type":"fixed","tiered_pricing_fixed_rules":[],"tiered_pricing_product_settings":{"layout":"default","base_unit_name":{"singular":null,"plural":null},"default_variation":null},"tiered_pricing_minimum_quantity":null,"tiered_pricing_roles_data":{"default_wholesaler":{"product_id":30638,"role":"default_wholesaler","pricing_type":"flat","regular_price":null,"sale_price":null,"discount":null,"discount_type":"sale_price","tiered_pricing_type":"fixed","percentage_rules":[],"fixed_rules":{"2":"7.29","30":"6.29","500":"5.49"},"minimum":null},"dropshippinger":{"product_id":30638,"role":"dropshippinger","pricing_type":"flat","regular_price":null,"sale_price":null,"discount":null,"discount_type":"sale_price","tiered_pricing_type":"fixed","percentage_rules":[],"fixed_rules":{"1":"8.79","5":"7.29","30":"6.29"},"minimum":null}},"tiered_pricing_percentage_rules":[],"tiered_pricing_maximum_quantity":null,"tiered_pricing_quantity_step":null,"_links":{"self":[{"href":"https:\/\/gretasexylingerie.com\/es\/wp-json\/wp\/v2\/product\/30638","targetHints":{"allow":["GET"]}}],"collection":[{"href":"https:\/\/gretasexylingerie.com\/es\/wp-json\/wp\/v2\/product"}],"about":[{"href":"https:\/\/gretasexylingerie.com\/es\/wp-json\/wp\/v2\/types\/product"}],"wp:featuredmedia":[{"embeddable":true,"href":"https:\/\/gretasexylingerie.com\/es\/wp-json\/wp\/v2\/media\/30640"}],"wp:attachment":[{"href":"https:\/\/gretasexylingerie.com\/es\/wp-json\/wp\/v2\/media?parent=30638"}],"wp:term":[{"taxonomy":"product_brand","embeddable":true,"href":"https:\/\/gretasexylingerie.com\/es\/wp-json\/wp\/v2\/product_brand?post=30638"},{"taxonomy":"product_cat","embeddable":true,"href":"https:\/\/gretasexylingerie.com\/es\/wp-json\/wp\/v2\/product_cat?post=30638"},{"taxonomy":"product_tag","embeddable":true,"href":"https:\/\/gretasexylingerie.com\/es\/wp-json\/wp\/v2\/product_tag?post=30638"}],"curies":[{"name":"Gracias","href":"https:\/\/api.w.org\/{rel}","templated":true}]}}