{"id":30618,"date":"2023-01-24T20:43:50","date_gmt":"2023-01-24T12:43:50","guid":{"rendered":"https:\/\/gretasexylingerie.com\/?post_type=product&#038;p=30618"},"modified":"2023-09-05T20:50:15","modified_gmt":"2023-09-05T12:50:15","slug":"camisa-larga-de-manga-larga-de-malla-transparente","status":"publish","type":"product","link":"https:\/\/gretasexylingerie.com\/es\/products\/sheer-mesh-long-sleeve-long-chemise\/","title":{"rendered":"Camisa larga de manga larga de malla transparente"},"content":{"rendered":"<p>Caracter\u00edsticas:<\/p>\n\n\n\n<p>1. Se utiliza encaje floral de alta calidad, que tiene una alta elasticidad y puede adaptarse bien a diferentes senos.<br>2. La falda compuesta de malla fina y dise\u00f1o plisado agrega una sensaci\u00f3n de misterio a tu cuerpo.<br>3. Escote en V profundo y correas ajustables en el pecho, puede controlar f\u00e1cilmente su pecho y permitirle usarlo m\u00e1s f\u00e1cilmente.<\/p>\n\n\n\n<figure class=\"wp-block-table is-style-stripes\"><table><tbody><tr><td colspan=\"4\">Gr\u00e1fico del sitio (CM)<\/td><\/tr><tr><td>Tama\u00f1o<\/td><td>Debajo del busto<\/td><td>Longitud<\/td><td>Cintura<\/td><\/tr><tr><td>S<\/td><td>78<\/td><td>130<\/td><td>65<\/td><\/tr><tr><td>METRO<\/td><td>80<\/td><td>132<\/td><td>70<\/td><\/tr><tr><td>L<\/td><td>82<\/td><td>134<\/td><td>75<\/td><\/tr><tr><td>SG<\/td><td>84<\/td><td>136<\/td><td>80<\/td><\/tr><tr><td colspan=\"4\">Gr\u00e1fico del sitio (PULGADAS)<\/td><\/tr><tr><td>Tama\u00f1o<\/td><td>Debajo del busto<\/td><td>Altura de la copa<\/td><td>Cintura<\/td><\/tr><tr><td>S<\/td><td>31.2<\/td><td>52<\/td><td>26<\/td><\/tr><tr><td>METRO<\/td><td>32<\/td><td>52.8<\/td><td>28<\/td><\/tr><tr><td>L<\/td><td>32.8<\/td><td>53.6<\/td><td>30<\/td><\/tr><tr><td>SG<\/td><td>33.6<\/td><td>54.4<\/td><td>32<\/td><\/tr><tr><td colspan=\"4\">Nota: 1. Puede haber una desviaci\u00f3n de 1 a 2 cm en diferentes tama\u00f1os, ubicaciones y estiramiento de las telas. La tabla de tallas es solo para referencia, puede haber una peque\u00f1a diferencia con lo que obtienes. 2. Hay 3 tipos de elasticidad: alta elasticidad (estirada en dos lados), elasticidad media (estirada en un lado) y no el\u00e1stica (no se puede estirar). 3. El color puede ser m\u00e1s claro o m\u00e1s oscuro debido a las diferentes pantallas de PC. 4. L\u00e1velo a mano con agua a 30 grados, cu\u00e9lguelo para que se seque a la sombra, proh\u00edba el blanqueo. 5. Puede haber una ligera diferencia en los detalles y el patr\u00f3n.<\/td><\/tr><\/tbody><\/table><\/figure>","protected":false},"excerpt":{"rendered":"<p>Camisa larga de manga larga de malla transparente en la cama, l\u00e1nzate a los brazos de tu amante. El pecho y las mangas largas est\u00e1n decorados con encaje floral transparente, la falda est\u00e1 hecha de malla fina, el escote en V profundo est\u00e1 dise\u00f1ado y la corbata ajustable se usa en la parte del pecho, que se puede ajustar seg\u00fan las necesidades.<\/p>","protected":false},"featured_media":30623,"template":"","meta":[],"product_brand":[],"product_cat":[393,394,422,367],"product_tag":[452,518,446,504],"class_list":{"0":"post-30618","1":"product","2":"type-product","3":"status-publish","4":"has-post-thumbnail","6":"product_cat-wholesale-long-chemise","7":"product_cat-wholesale-mesh-chemise","8":"product_cat-sexy-chemise","9":"product_cat-sexy-lingerie","10":"product_tag-wholesale-boudoir-lingerie","11":"product_tag-mesh-lingerie","12":"product_tag-wholesale-sexy-see-through-lingerie","13":"product_tag-ultra-sexy","14":"pa_color-black","15":"pa_color-light-blue-women-sexy-lingerie","16":"pa_color-white","17":"pa_cup-full-cup","18":"pa_size-wholesale-large-size-women-sexy-lingerie","19":"pa_size-wholesale-medium-size-women-sexy-lingerie","20":"pa_size-wholesale-small-size-sexy-lingerie","21":"pa_size-wholesale-extra-large-sexy-lingerie","23":"first","24":"instock","25":"taxable","26":"shipping-taxable","27":"purchasable","28":"product-type-variable"},"tiered_pricing_type":"fixed","tiered_pricing_fixed_rules":[],"tiered_pricing_product_settings":{"layout":"default","base_unit_name":{"singular":null,"plural":null},"default_variation":null},"tiered_pricing_minimum_quantity":null,"tiered_pricing_roles_data":{"default_wholesaler":{"product_id":30618,"role":"default_wholesaler","pricing_type":"flat","regular_price":null,"sale_price":null,"discount":null,"discount_type":"sale_price","tiered_pricing_type":"fixed","percentage_rules":[],"fixed_rules":{"2":"6.79","30":"5.89","500":"5.09"},"minimum":null},"dropshippinger":{"product_id":30618,"role":"dropshippinger","pricing_type":"flat","regular_price":null,"sale_price":null,"discount":null,"discount_type":"sale_price","tiered_pricing_type":"fixed","percentage_rules":[],"fixed_rules":{"1":"8.19","5":"6.79","30":"5.89"},"minimum":null}},"tiered_pricing_percentage_rules":[],"tiered_pricing_maximum_quantity":null,"tiered_pricing_quantity_step":null,"_links":{"self":[{"href":"https:\/\/gretasexylingerie.com\/es\/wp-json\/wp\/v2\/product\/30618","targetHints":{"allow":["GET"]}}],"collection":[{"href":"https:\/\/gretasexylingerie.com\/es\/wp-json\/wp\/v2\/product"}],"about":[{"href":"https:\/\/gretasexylingerie.com\/es\/wp-json\/wp\/v2\/types\/product"}],"wp:featuredmedia":[{"embeddable":true,"href":"https:\/\/gretasexylingerie.com\/es\/wp-json\/wp\/v2\/media\/30623"}],"wp:attachment":[{"href":"https:\/\/gretasexylingerie.com\/es\/wp-json\/wp\/v2\/media?parent=30618"}],"wp:term":[{"taxonomy":"product_brand","embeddable":true,"href":"https:\/\/gretasexylingerie.com\/es\/wp-json\/wp\/v2\/product_brand?post=30618"},{"taxonomy":"product_cat","embeddable":true,"href":"https:\/\/gretasexylingerie.com\/es\/wp-json\/wp\/v2\/product_cat?post=30618"},{"taxonomy":"product_tag","embeddable":true,"href":"https:\/\/gretasexylingerie.com\/es\/wp-json\/wp\/v2\/product_tag?post=30618"}],"curies":[{"name":"Gracias","href":"https:\/\/api.w.org\/{rel}","templated":true}]}}