{"id":30162,"date":"2023-01-21T15:19:11","date_gmt":"2023-01-21T07:19:11","guid":{"rendered":"https:\/\/gretasexylingerie.com\/?post_type=product&#038;p=30162"},"modified":"2024-04-04T15:52:57","modified_gmt":"2024-04-04T07:52:57","slug":"traje-de-cuerpo-esculpido-con-tiras-y-escote-sexy","status":"publish","type":"product","link":"https:\/\/gretasexylingerie.com\/es\/products\/sexy-cutout-body-sculpting-strappy-teddy-suit\/","title":{"rendered":"Traje de peluche sexy con tiras para esculpir el cuerpo"},"content":{"rendered":"<p>Caracter\u00edsticas:<\/p>\n\n\n\n<p>1. Con tiras el\u00e1sticas altas, a trav\u00e9s de un dise\u00f1o exquisito, envuelve firmemente tu cuerpo.<br>2. Dise\u00f1o hueco, se utilizan correas de doble capa para cubrir los pezones en el pecho. El dise\u00f1o de copa completa te hace m\u00e1s regordete. Las correas ajustables para los hombros y el dise\u00f1o a presi\u00f3n hacen que sea m\u00e1s f\u00e1cil de poner y quitar.<br>3. Abra las bragas, las partes secretas no est\u00e1n cubiertas y hay dos soportes con tiras detr\u00e1s de las nalgas, lo que lo hace m\u00e1s sexy.<\/p>\n\n\n\n<p>1. Todos nuestros productos tienen existencias suficientes, le invitamos a realizar un pedido en cualquier momento. Confirmaremos el pedido dentro de las 24 horas posteriores a la realizaci\u00f3n del pedido.<\/p>\n\n\n\n<p>2. No hay requisitos de MOQ para todos nuestros productos en stock, y apoyamos la venta al por mayor mixta. Despu\u00e9s de seleccionar un SKU completo, el sistema mostrar\u00e1 autom\u00e1ticamente los precios correspondientes a diferentes cantidades.<\/p>\n\n\n\n<p>3. Despu\u00e9s de confirmar el pedido, generalmente completamos la entrega dentro de 2-3 d\u00edas h\u00e1biles (excepto d\u00edas festivos u otras razones especiales), puede encontrar su pedido y rastrearlo en el <a href=\"https:\/\/gretasexylingerie.com\/es\/contactenos\/\"><span class=\"s1\">Mi cuenta<\/span><\/a>&nbsp;p\u00e1gina.<\/p>\n\n\n\n<p>4. Nuestro m\u00e9todo de env\u00edo predeterminado es por aire, principalmente a trav\u00e9s de Fedex, TNT, EMS, UPS, DHL u otros proveedores de servicios de log\u00edstica, principalmente depende de su pedido y direcci\u00f3n. Si necesita un m\u00e9todo de env\u00edo m\u00e1s econ\u00f3mico o tiene alguna pregunta sobre los costos de env\u00edo, no dude en contactarnos. <a href=\"https:\/\/gretasexylingerie.com\/es\/mi-cuenta\/\"><span class=\"s1\">Cont\u00e1ctenos<\/span><\/a>.<\/p>\n\n\n\n<p>5. No pagaremos impuestos de importaci\u00f3n por su pedido de forma predeterminada. Debe completar el pago de acuerdo con los requisitos de su pa\u00eds cuando la aduana se comunique con usted. Sin embargo, si lo necesita, tenga en cuenta en el pedido que podemos cobrarle un extra.<\/p>\n\n\n\n<p>6. Nuestros pedidos admiten devoluciones, visite nuestro <a href=\"https:\/\/gretasexylingerie.com\/es\/politica-de-devoluciones\/\"><span class=\"s1\">politica de devoluciones<\/span><\/a>&nbsp;para m\u00e1s informaci\u00f3n.<\/p>\n\n\n\n<p>7. Si necesita saber m\u00e1s preguntas frecuentes, visite <a href=\"https:\/\/gretasexylingerie.com\/es\/ayuda-al-cliente\/\"><span class=\"s1\">Ayuda al cliente<\/span><\/a>.<\/p>","protected":false},"excerpt":{"rendered":"<p>Elija el sexy traje de tiras para esculpir el cuerpo recortado para la mejor hora feliz. Cuenta con una correa de alta elasticidad, un dise\u00f1o de copa completa recortada en el pecho, correas de hombro ajustables, una hebilla de pecho desmontable y una entrepierna abierta.<\/p>","protected":false},"featured_media":30170,"template":"","meta":[],"product_brand":[],"product_cat":[398,379,377,367,395],"product_tag":[448,973,451,446,449,447,504],"class_list":{"0":"post-30162","1":"product","2":"type-product","3":"status-publish","4":"has-post-thumbnail","6":"product_cat-wholesale-strappy-teddy","7":"product_cat-wholesale-harness-bodysuit","8":"product_cat-harness-lingerie","9":"product_cat-sexy-lingerie","10":"product_cat-sexy-teddy-suit","11":"product_tag-wholesale-elegant-sexy-lingerie","12":"product_tag-oem","13":"product_tag-wholesale-revealing-lingerie","14":"product_tag-wholesale-sexy-see-through-lingerie","15":"product_tag-wholesale-sexy-crotchless-lingerie","16":"product_tag-wholesale-strappy-sexy-lingerie","17":"product_tag-ultra-sexy","18":"pa_color-black","19":"pa_color-blue-women-sexy-lingerie","20":"pa_color-red-women-sexy-lingerie","21":"pa_cup-full-cup","22":"pa_size-wholesale-large-size-women-sexy-lingerie","23":"pa_size-wholesale-medium-size-women-sexy-lingerie","24":"pa_size-wholesale-small-size-sexy-lingerie","26":"first","27":"instock","28":"taxable","29":"shipping-taxable","30":"purchasable","31":"product-type-variable"},"tiered_pricing_type":"fixed","tiered_pricing_fixed_rules":[],"tiered_pricing_product_settings":{"layout":"table","base_unit_name":{"singular":null,"plural":null},"default_variation":null},"tiered_pricing_minimum_quantity":null,"tiered_pricing_roles_data":[],"tiered_pricing_percentage_rules":[],"tiered_pricing_maximum_quantity":null,"tiered_pricing_quantity_step":null,"_links":{"self":[{"href":"https:\/\/gretasexylingerie.com\/es\/wp-json\/wp\/v2\/product\/30162","targetHints":{"allow":["GET"]}}],"collection":[{"href":"https:\/\/gretasexylingerie.com\/es\/wp-json\/wp\/v2\/product"}],"about":[{"href":"https:\/\/gretasexylingerie.com\/es\/wp-json\/wp\/v2\/types\/product"}],"wp:featuredmedia":[{"embeddable":true,"href":"https:\/\/gretasexylingerie.com\/es\/wp-json\/wp\/v2\/media\/30170"}],"wp:attachment":[{"href":"https:\/\/gretasexylingerie.com\/es\/wp-json\/wp\/v2\/media?parent=30162"}],"wp:term":[{"taxonomy":"product_brand","embeddable":true,"href":"https:\/\/gretasexylingerie.com\/es\/wp-json\/wp\/v2\/product_brand?post=30162"},{"taxonomy":"product_cat","embeddable":true,"href":"https:\/\/gretasexylingerie.com\/es\/wp-json\/wp\/v2\/product_cat?post=30162"},{"taxonomy":"product_tag","embeddable":true,"href":"https:\/\/gretasexylingerie.com\/es\/wp-json\/wp\/v2\/product_tag?post=30162"}],"curies":[{"name":"Gracias","href":"https:\/\/api.w.org\/{rel}","templated":true}]}}