{"id":29908,"date":"2023-01-20T18:10:01","date_gmt":"2023-01-20T10:10:01","guid":{"rendered":"https:\/\/gretasexylingerie.com\/?post_type=product&#038;p=29908"},"modified":"2023-09-05T20:49:50","modified_gmt":"2023-09-05T12:49:50","slug":"conjunto-de-lenceria-sexy-con-encaje-calado-simple","status":"publish","type":"product","link":"https:\/\/gretasexylingerie.com\/es\/products\/simple-lace-hollow-out-sexy-lingerie-set\/","title":{"rendered":"Conjunto de lencer\u00eda sexy ahuecado de encaje simple"},"content":{"rendered":"<p>Caracter\u00edsticas:<\/p>\n\n\n\n<p>1. El cofre est\u00e1 decorado con encaje floral hueco, y el anillo de cofre de metal flexible hace que su cofre sea m\u00e1s sexy.<br>2. Sujetador de una pieza, tela de malla de alta elasticidad, correas de hombro delgadas ajustables y trae 4 cinturones de liga extra largos.<br>3. Bragas de malla simple, tela de malla transparente en la parte delantera y cordones el\u00e1sticos finos para el resto.<\/p>\n\n\n\n<figure class=\"wp-block-table is-style-stripes\"><table><tbody><tr><td colspan=\"4\">Gr\u00e1fico del sitio (CM)<\/td><\/tr><tr><td>Tama\u00f1o<\/td><td>Debajo del busto<\/td><td>Busto superior<\/td><td>Longitud<\/td><\/tr><tr><td>S<\/td><td>66<\/td><td>70<\/td><td>21<\/td><\/tr><tr><td>METRO<\/td><td>70<\/td><td>74<\/td><td>22<\/td><\/tr><tr><td>L<\/td><td>74<\/td><td>78<\/td><td>23<\/td><\/tr><tr><td colspan=\"4\">Gr\u00e1fico del sitio (PULGADAS)<\/td><\/tr><tr><td>Tama\u00f1o<\/td><td>Debajo del busto<\/td><td>Altura de la copa<\/td><td>Cintura<\/td><\/tr><tr><td>S<\/td><td>26.4<\/td><td>28<\/td><td>8.4<\/td><\/tr><tr><td>METRO<\/td><td>28<\/td><td>29.6<\/td><td>8.8<\/td><\/tr><tr><td>L<\/td><td>29.6<\/td><td>31.2<\/td><td>9.2<\/td><\/tr><tr><td colspan=\"4\">Nota: 1. Puede haber una desviaci\u00f3n de 1 a 2 cm en diferentes tama\u00f1os, ubicaciones y estiramiento de las telas. La tabla de tallas es solo para referencia, puede haber una peque\u00f1a diferencia con lo que obtienes. 2. Hay 3 tipos de elasticidad: alta elasticidad (estirada en dos lados), elasticidad media (estirada en un lado) y no el\u00e1stica (no se puede estirar). 3. El color puede ser m\u00e1s claro o m\u00e1s oscuro debido a las diferentes pantallas de PC. 4. L\u00e1velo a mano con agua a 30 grados, cu\u00e9lguelo para que se seque a la sombra, proh\u00edba el blanqueo. 5. Puede haber una ligera diferencia en los detalles y el patr\u00f3n.<\/td><\/tr><\/tbody><\/table><\/figure>","protected":false},"excerpt":{"rendered":"<p>El conjunto de lencer\u00eda sexy de encaje simple ahueca hacia fuera hace que tu cuerpo sea m\u00e1s hermoso. El Pecho Est\u00e1 Decorado Con Encaje Floral Calado Y El Resto Est\u00e1 Hecho De Tela De Malla Fina, Tirantes De Espagueti Ajustables, Cuatro Tirantes De Liga Extra Largos, Panty De Malla Simple.<\/p>","protected":false},"featured_media":29918,"template":"","meta":[],"product_brand":[],"product_cat":[390,387,389,386,367],"product_tag":[516,518,451,446,509],"class_list":{"0":"post-29908","1":"product","2":"type-product","3":"status-publish","4":"has-post-thumbnail","6":"product_cat-wholesale-mesh-bustier","7":"product_cat-wholesale-bustier-bra-set","8":"product_cat-wholesale-lace-bustier","9":"product_cat-sexy-bustiers","10":"product_cat-sexy-lingerie","11":"product_tag-lace-lingerie","12":"product_tag-mesh-lingerie","13":"product_tag-wholesale-revealing-lingerie","14":"product_tag-wholesale-sexy-see-through-lingerie","15":"product_tag-two-pcs-set","16":"pa_color-black","17":"pa_color-hot-pink-women-sexy-lingerie","18":"pa_color-red-women-sexy-lingerie","19":"pa_color-white","20":"pa_cup-full-cup","21":"pa_size-wholesale-large-size-women-sexy-lingerie","22":"pa_size-wholesale-medium-size-women-sexy-lingerie","23":"pa_size-wholesale-small-size-sexy-lingerie","25":"first","26":"instock","27":"taxable","28":"shipping-taxable","29":"purchasable","30":"product-type-variable"},"tiered_pricing_type":"fixed","tiered_pricing_fixed_rules":[],"tiered_pricing_product_settings":{"layout":"default","base_unit_name":{"singular":null,"plural":null},"default_variation":null},"tiered_pricing_minimum_quantity":null,"tiered_pricing_roles_data":{"default_wholesaler":{"product_id":29908,"role":"default_wholesaler","pricing_type":"flat","regular_price":null,"sale_price":null,"discount":null,"discount_type":"sale_price","tiered_pricing_type":"fixed","percentage_rules":[],"fixed_rules":{"2":"6.59","30":"5.89","500":"4.89"},"minimum":null},"dropshippinger":{"product_id":29908,"role":"dropshippinger","pricing_type":"flat","regular_price":null,"sale_price":null,"discount":null,"discount_type":"sale_price","tiered_pricing_type":"fixed","percentage_rules":[],"fixed_rules":{"1":"9.99","5":"8.39","20":"7.19"},"minimum":null}},"tiered_pricing_percentage_rules":[],"tiered_pricing_maximum_quantity":null,"tiered_pricing_quantity_step":null,"_links":{"self":[{"href":"https:\/\/gretasexylingerie.com\/es\/wp-json\/wp\/v2\/product\/29908","targetHints":{"allow":["GET"]}}],"collection":[{"href":"https:\/\/gretasexylingerie.com\/es\/wp-json\/wp\/v2\/product"}],"about":[{"href":"https:\/\/gretasexylingerie.com\/es\/wp-json\/wp\/v2\/types\/product"}],"wp:featuredmedia":[{"embeddable":true,"href":"https:\/\/gretasexylingerie.com\/es\/wp-json\/wp\/v2\/media\/29918"}],"wp:attachment":[{"href":"https:\/\/gretasexylingerie.com\/es\/wp-json\/wp\/v2\/media?parent=29908"}],"wp:term":[{"taxonomy":"product_brand","embeddable":true,"href":"https:\/\/gretasexylingerie.com\/es\/wp-json\/wp\/v2\/product_brand?post=29908"},{"taxonomy":"product_cat","embeddable":true,"href":"https:\/\/gretasexylingerie.com\/es\/wp-json\/wp\/v2\/product_cat?post=29908"},{"taxonomy":"product_tag","embeddable":true,"href":"https:\/\/gretasexylingerie.com\/es\/wp-json\/wp\/v2\/product_tag?post=29908"}],"curies":[{"name":"Gracias","href":"https:\/\/api.w.org\/{rel}","templated":true}]}}