{"id":29667,"date":"2023-01-18T17:52:03","date_gmt":"2023-01-18T09:52:03","guid":{"rendered":"https:\/\/gretasexylingerie.com\/?post_type=product&#038;p=29667"},"modified":"2023-09-05T20:49:42","modified_gmt":"2023-09-05T12:49:42","slug":"corse-con-liga-y-encaje-con-cuello-halter","status":"publish","type":"product","link":"https:\/\/gretasexylingerie.com\/es\/products\/halter-garter-lace-gartered-corset\/","title":{"rendered":"Cors\u00e9 con ligas de encaje con liga halter"},"content":{"rendered":"<p>Caracter\u00edsticas:<\/p>\n\n\n\n<p>1. Usando encaje floral de alta calidad, la estructura de malla hueca hace que su cuerpo se acerque, no solo c\u00f3modo de usar sino tambi\u00e9n m\u00e1s sexy.<br>2. El dise\u00f1o de cabestro con cordones utiliza la misma tela de encaje, que no causar\u00e1 ninguna molestia y se puede ajustar libremente. Tambi\u00e9n puedes dejar que tu amado lo ate por ti.<br>3. Abre la espalda, con ropa interior, y la cintura es el\u00e1stica. Bustier cubre la mitad de las nalgas.<\/p>\n\n\n\n<figure class=\"wp-block-table is-style-stripes\"><table><tbody><tr><td colspan=\"4\">Gr\u00e1fico del sitio (CM)<\/td><\/tr><tr><td>Tama\u00f1o<\/td><td>Debajo del busto<\/td><td>Longitud superior<\/td><td>Cintura<\/td><\/tr><tr><td>S<\/td><td>68-88<\/td><td>69<\/td><td>65<\/td><\/tr><tr><td>METRO<\/td><td>72-92<\/td><td>70<\/td><td>70<\/td><\/tr><tr><td>L<\/td><td>76-96<\/td><td>71<\/td><td>75<\/td><\/tr><tr><td>SG<\/td><td>80-100<\/td><td>72<\/td><td>80<\/td><\/tr><tr><td>XXL<\/td><td>85-105<\/td><td>73<\/td><td>85<\/td><\/tr><tr><td colspan=\"4\">Gr\u00e1fico del sitio (PULGADAS)<\/td><\/tr><tr><td>Tama\u00f1o<\/td><td>Debajo del busto<\/td><td>Altura de la copa<\/td><td>Cintura<\/td><\/tr><tr><td>S<\/td><td>27.2-35.2<\/td><td>27.6<\/td><td>26<\/td><\/tr><tr><td>METRO<\/td><td>28.8-36.8<\/td><td>28<\/td><td>28<\/td><\/tr><tr><td>L<\/td><td>30.4-38.4<\/td><td>28.4<\/td><td>30<\/td><\/tr><tr><td>SG<\/td><td>32-40<\/td><td>28.8<\/td><td>32<\/td><\/tr><tr><td>XXL<\/td><td>34-42<\/td><td>29.2<\/td><td>34<\/td><\/tr><tr><td colspan=\"4\">Nota: 1. Puede haber una desviaci\u00f3n de 1 a 2 cm en diferentes tama\u00f1os, ubicaciones y estiramiento de las telas. La tabla de tallas es solo para referencia, puede haber una peque\u00f1a diferencia con lo que obtienes. 2. Hay 3 tipos de elasticidad: alta elasticidad (estirada en dos lados), elasticidad media (estirada en un lado) y no el\u00e1stica (no se puede estirar). 3. El color puede ser m\u00e1s claro o m\u00e1s oscuro debido a las diferentes pantallas de PC. 4. L\u00e1velo a mano con agua a 30 grados, cu\u00e9lguelo para que se seque a la sombra, proh\u00edba el blanqueo. 5. Puede haber una ligera diferencia en los detalles y el patr\u00f3n.<\/td><\/tr><\/tbody><\/table><\/figure>","protected":false},"excerpt":{"rendered":"<p>Ponte glamuroso con el cors\u00e9 con ligas de encaje con liga halter y captura el tiempo de calidad que tienes con tu ser querido. Hecho de encaje floral de alta calidad, estilo de cuello halter de encaje, panel en el pecho, 4 ligas integradas y tanga.<\/p>","protected":false},"featured_media":29669,"template":"","meta":[],"product_brand":[],"product_cat":[389,388,386,367],"product_tag":[516,451,446,509],"class_list":{"0":"post-29667","1":"product","2":"type-product","3":"status-publish","4":"has-post-thumbnail","6":"product_cat-wholesale-lace-bustier","7":"product_cat-wholesale-gartered-corset","8":"product_cat-sexy-bustiers","9":"product_cat-sexy-lingerie","10":"product_tag-lace-lingerie","11":"product_tag-wholesale-revealing-lingerie","12":"product_tag-wholesale-sexy-see-through-lingerie","13":"product_tag-two-pcs-set","14":"pa_color-aquamarine-women-sexy-lingerie","15":"pa_color-black","16":"pa_color-fire-brick-women-sexy-lingerie","17":"pa_color-slate-blue-women-sexy-lingerie","18":"pa_cup-full-cup","19":"pa_size-wholesale-large-size-women-sexy-lingerie","20":"pa_size-wholesale-medium-size-women-sexy-lingerie","21":"pa_size-wholesale-small-size-sexy-lingerie","22":"pa_size-wholesale-extra-large-sexy-lingerie","23":"pa_size-extra-extra-large-sexy-lingerie","25":"first","26":"instock","27":"taxable","28":"shipping-taxable","29":"purchasable","30":"product-type-variable"},"tiered_pricing_type":"fixed","tiered_pricing_fixed_rules":[],"tiered_pricing_product_settings":{"layout":"default","base_unit_name":{"singular":null,"plural":null},"default_variation":null},"tiered_pricing_minimum_quantity":null,"tiered_pricing_roles_data":{"default_wholesaler":{"product_id":29667,"role":"default_wholesaler","pricing_type":"flat","regular_price":null,"sale_price":null,"discount":null,"discount_type":"sale_price","tiered_pricing_type":"fixed","percentage_rules":[],"fixed_rules":{"2":"9.99","30":"6.79","500":"5.09"},"minimum":null},"dropshippinger":{"product_id":29667,"role":"dropshippinger","pricing_type":"flat","regular_price":null,"sale_price":null,"discount":null,"discount_type":"sale_price","tiered_pricing_type":"fixed","percentage_rules":[],"fixed_rules":{"1":"8.19","5":"6.79","20":"5.89"},"minimum":null}},"tiered_pricing_percentage_rules":[],"tiered_pricing_maximum_quantity":null,"tiered_pricing_quantity_step":null,"_links":{"self":[{"href":"https:\/\/gretasexylingerie.com\/es\/wp-json\/wp\/v2\/product\/29667","targetHints":{"allow":["GET"]}}],"collection":[{"href":"https:\/\/gretasexylingerie.com\/es\/wp-json\/wp\/v2\/product"}],"about":[{"href":"https:\/\/gretasexylingerie.com\/es\/wp-json\/wp\/v2\/types\/product"}],"wp:featuredmedia":[{"embeddable":true,"href":"https:\/\/gretasexylingerie.com\/es\/wp-json\/wp\/v2\/media\/29669"}],"wp:attachment":[{"href":"https:\/\/gretasexylingerie.com\/es\/wp-json\/wp\/v2\/media?parent=29667"}],"wp:term":[{"taxonomy":"product_brand","embeddable":true,"href":"https:\/\/gretasexylingerie.com\/es\/wp-json\/wp\/v2\/product_brand?post=29667"},{"taxonomy":"product_cat","embeddable":true,"href":"https:\/\/gretasexylingerie.com\/es\/wp-json\/wp\/v2\/product_cat?post=29667"},{"taxonomy":"product_tag","embeddable":true,"href":"https:\/\/gretasexylingerie.com\/es\/wp-json\/wp\/v2\/product_tag?post=29667"}],"curies":[{"name":"Gracias","href":"https:\/\/api.w.org\/{rel}","templated":true}]}}