{"id":29580,"date":"2023-01-17T19:19:26","date_gmt":"2023-01-17T11:19:26","guid":{"rendered":"https:\/\/gretasexylingerie.com\/?post_type=product&#038;p=29580"},"modified":"2023-12-09T16:22:31","modified_gmt":"2023-12-09T08:22:31","slug":"body-de-encaje-calado-para-nina-pure-desire","status":"publish","type":"product","link":"https:\/\/gretasexylingerie.com\/es\/products\/pure-desire-girl-hollow-lace-bodysuit\/","title":{"rendered":"Body de encaje hueco de Pure Desire Girl"},"content":{"rendered":"<p>Caracter\u00edsticas:<\/p>\n\n\n\n<p>1. Se utiliza tela de encaje rosa de alta calidad para decorar la parte delantera del cuerpo, y el mismo material se utiliza como decoraci\u00f3n en la correa del pecho y la parte posterior de las bragas.<br>2. Las correas de hombro delgadas de alta elasticidad se utilizan como decoraci\u00f3n para mejorar la estabilidad de la lencer\u00eda y hacer que el cuerpo sea m\u00e1s sexy.<br>3. Correas de hombro estrechas ajustables y dise\u00f1o de espalda abierta. Mejor aseo.<\/p>\n\n\n\n<figure class=\"wp-block-table is-style-stripes\"><table><tbody><tr><td colspan=\"4\">Gr\u00e1fico del sitio (CM)<\/td><\/tr><tr><td>Tama\u00f1o<\/td><td>Debajo del busto<\/td><td>Longitud superior<\/td><td>Cintura<\/td><\/tr><tr><td>S<\/td><td>68-86<\/td><td>59<\/td><td>62-94<\/td><\/tr><tr><td>METRO<\/td><td>72-90<\/td><td>61<\/td><td>66-98<\/td><\/tr><tr><td>L<\/td><td>76-94<\/td><td>63<\/td><td>70-102<\/td><\/tr><tr><td colspan=\"4\">Gr\u00e1fico del sitio (PULGADAS)<\/td><\/tr><tr><td>Tama\u00f1o<\/td><td>Debajo del busto<\/td><td>Altura de la copa<\/td><td>Cintura<\/td><\/tr><tr><td>S<\/td><td>27.2-34.4<\/td><td>23.6<\/td><td>24.8-37.6<\/td><\/tr><tr><td>METRO<\/td><td>28.8-36<\/td><td>24.4<\/td><td>28-39.2<\/td><\/tr><tr><td>L<\/td><td>30.4-37.6<\/td><td>25.2<\/td><td>32.8-40.8<\/td><\/tr><tr><td colspan=\"4\">Nota: 1. Puede haber una desviaci\u00f3n de 1 a 2 cm en diferentes tama\u00f1os, ubicaciones y estiramiento de las telas. La tabla de tallas es solo para referencia, puede haber una peque\u00f1a diferencia con lo que obtienes. 2. Hay 3 tipos de elasticidad: alta elasticidad (estirada en dos lados), elasticidad media (estirada en un lado) y no el\u00e1stica (no se puede estirar). 3. El color puede ser m\u00e1s claro o m\u00e1s oscuro debido a las diferentes pantallas de PC. 4. L\u00e1velo a mano con agua a 30 grados, cu\u00e9lguelo para que se seque a la sombra, proh\u00edba el blanqueo. 5. Puede haber una ligera diferencia en los detalles y el patr\u00f3n.<\/td><\/tr><\/tbody><\/table><\/figure>","protected":false},"excerpt":{"rendered":"<p>El mono de encaje hueco Pure Desire Girl hace que todas las noches sean divertidas. Hecho de encaje rosa transparente de alta calidad, las correas de los hombros est\u00e1n decoradas con el mismo encaje, las correas trenzadas de alta elasticidad se usan como soporte, el dise\u00f1o de espalda abierta y la parte posterior de la braga est\u00e1 decorada con peque\u00f1as piezas de encaje para decorar. El lugar secreto.<\/p>","protected":false},"featured_media":29586,"template":"","meta":[],"product_brand":[],"product_cat":[371,370,367],"product_tag":[452,516,973,446,447,504],"class_list":{"0":"post-29580","1":"product","2":"type-product","3":"status-publish","4":"has-post-thumbnail","6":"product_cat-wholesale-sexy-lace-bodysuit","7":"product_cat-bodysuit","8":"product_cat-sexy-lingerie","9":"product_tag-wholesale-boudoir-lingerie","10":"product_tag-lace-lingerie","11":"product_tag-oem","12":"product_tag-wholesale-sexy-see-through-lingerie","13":"product_tag-wholesale-strappy-sexy-lingerie","14":"product_tag-ultra-sexy","15":"pa_color-pink-women-sexy-lingerie","16":"pa_cup-full-cup","17":"pa_size-wholesale-large-size-women-sexy-lingerie","18":"pa_size-wholesale-medium-size-women-sexy-lingerie","19":"pa_size-wholesale-small-size-sexy-lingerie","21":"first","22":"outofstock","23":"taxable","24":"shipping-taxable","25":"purchasable","26":"product-type-variable"},"tiered_pricing_type":"fixed","tiered_pricing_fixed_rules":[],"tiered_pricing_product_settings":{"layout":"default","base_unit_name":{"singular":null,"plural":null},"default_variation":{}},"tiered_pricing_minimum_quantity":null,"tiered_pricing_roles_data":{"default_wholesaler":{"product_id":29580,"role":"default_wholesaler","pricing_type":"flat","regular_price":null,"sale_price":null,"discount":null,"discount_type":"sale_price","tiered_pricing_type":"fixed","percentage_rules":[],"fixed_rules":{"2":"6.79","30":"5.89","500":"5.09"},"minimum":200},"dropshippinger":{"product_id":29580,"role":"dropshippinger","pricing_type":"flat","regular_price":null,"sale_price":null,"discount":null,"discount_type":"sale_price","tiered_pricing_type":"fixed","percentage_rules":[],"fixed_rules":{"1":"8.19","5":"6.79","30":"5.89"},"minimum":200}},"tiered_pricing_percentage_rules":[],"tiered_pricing_maximum_quantity":null,"tiered_pricing_quantity_step":null,"_links":{"self":[{"href":"https:\/\/gretasexylingerie.com\/es\/wp-json\/wp\/v2\/product\/29580","targetHints":{"allow":["GET"]}}],"collection":[{"href":"https:\/\/gretasexylingerie.com\/es\/wp-json\/wp\/v2\/product"}],"about":[{"href":"https:\/\/gretasexylingerie.com\/es\/wp-json\/wp\/v2\/types\/product"}],"wp:featuredmedia":[{"embeddable":true,"href":"https:\/\/gretasexylingerie.com\/es\/wp-json\/wp\/v2\/media\/29586"}],"wp:attachment":[{"href":"https:\/\/gretasexylingerie.com\/es\/wp-json\/wp\/v2\/media?parent=29580"}],"wp:term":[{"taxonomy":"product_brand","embeddable":true,"href":"https:\/\/gretasexylingerie.com\/es\/wp-json\/wp\/v2\/product_brand?post=29580"},{"taxonomy":"product_cat","embeddable":true,"href":"https:\/\/gretasexylingerie.com\/es\/wp-json\/wp\/v2\/product_cat?post=29580"},{"taxonomy":"product_tag","embeddable":true,"href":"https:\/\/gretasexylingerie.com\/es\/wp-json\/wp\/v2\/product_tag?post=29580"}],"curies":[{"name":"Gracias","href":"https:\/\/api.w.org\/{rel}","templated":true}]}}