{"id":29542,"date":"2023-01-17T18:19:33","date_gmt":"2023-01-17T10:19:33","guid":{"rendered":"https:\/\/gretasexylingerie.com\/?post_type=product&#038;p=29542"},"modified":"2023-09-05T20:49:38","modified_gmt":"2023-09-05T12:49:38","slug":"body-con-escote-en-v-profundo-y-encaje-de-pestanas","status":"publish","type":"product","link":"https:\/\/gretasexylingerie.com\/es\/products\/eyelash-lace-deep-v-bodysuit\/","title":{"rendered":"Body con escote en V profundo de encaje de pesta\u00f1as"},"content":{"rendered":"<p>Caracter\u00edsticas:<\/p>\n\n\n\n<p>1. Use encaje transparente de alta calidad y use l\u00edneas negras como decoraci\u00f3n para resaltar la figura.<br>2. La parte posterior utiliza un dise\u00f1o cruzado, un dise\u00f1o de correa ancha para el hombro, c\u00f3modo y sexy.<br>3. Dise\u00f1o de cintura ajustable, utilizando correas estrechas de alta elasticidad.<\/p>\n\n\n\n<figure class=\"wp-block-table is-style-stripes\"><table><tbody><tr><td colspan=\"4\">Gr\u00e1fico del sitio (CM)<\/td><\/tr><tr><td>Tama\u00f1o<\/td><td>Debajo del busto<\/td><td>Longitud superior<\/td><td>Cintura<\/td><\/tr><tr><td>S<\/td><td>64-74<\/td><td>72<\/td><td>70-80<\/td><\/tr><tr><td>METRO<\/td><td>68-78<\/td><td>73<\/td><td>74-84<\/td><\/tr><tr><td>L<\/td><td>72-82<\/td><td>74<\/td><td>78-88<\/td><\/tr><tr><td>SG<\/td><td>76-86<\/td><td>75<\/td><td>82-92<\/td><\/tr><tr><td colspan=\"4\">Gr\u00e1fico del sitio (PULGADAS)<\/td><\/tr><tr><td>Tama\u00f1o<\/td><td>Debajo del busto<\/td><td>Altura de la copa<\/td><td>Cintura<\/td><\/tr><tr><td>S<\/td><td>64-74<\/td><td>28.8<\/td><td>28-32<\/td><\/tr><tr><td>METRO<\/td><td>68-78<\/td><td>29.2<\/td><td>29.6-33.6<\/td><\/tr><tr><td>L<\/td><td>72-82<\/td><td>29.6<\/td><td>31.2-35.2<\/td><\/tr><tr><td>SG<\/td><td>76-86<\/td><td>30<\/td><td>32.8-36.8<\/td><\/tr><tr><td colspan=\"4\">Nota: 1. Puede haber una desviaci\u00f3n de 1 a 2 cm en diferentes tama\u00f1os, ubicaciones y estiramiento de las telas. La tabla de tallas es solo para referencia, puede haber una peque\u00f1a diferencia con lo que obtienes. 2. Hay 3 tipos de elasticidad: alta elasticidad (estirada en dos lados), elasticidad media (estirada en un lado) y no el\u00e1stica (no se puede estirar). 3. El color puede ser m\u00e1s claro o m\u00e1s oscuro debido a las diferentes pantallas de PC. 4. L\u00e1velo a mano con agua a 30 grados, cu\u00e9lguelo para que se seque a la sombra, proh\u00edba el blanqueo. 5. Puede haber una ligera diferencia en los detalles y el patr\u00f3n.<\/td><\/tr><\/tbody><\/table><\/figure>","protected":false},"excerpt":{"rendered":"<p>Body con escote en V profundo y encaje de pesta\u00f1as bellamente elaborado para rezumar tu glamour. Hecho de encaje transparente de alta calidad, decorado con pesta\u00f1as, rayas negras que representan su figura elegante, cintura ajustable, dise\u00f1o en V profundo, dise\u00f1o de espalda entrecruzada.<\/p>","protected":false},"featured_media":29549,"template":"","meta":[],"product_brand":[],"product_cat":[371,370,367],"product_tag":[521,448,522,516,451,446],"class_list":{"0":"post-29542","1":"product","2":"type-product","3":"status-publish","4":"has-post-thumbnail","6":"product_cat-wholesale-sexy-lace-bodysuit","7":"product_cat-bodysuit","8":"product_cat-sexy-lingerie","9":"product_tag-deep-v-lingerie","10":"product_tag-wholesale-elegant-sexy-lingerie","11":"product_tag-eyelash-lingerie","12":"product_tag-lace-lingerie","13":"product_tag-wholesale-revealing-lingerie","14":"product_tag-wholesale-sexy-see-through-lingerie","15":"pa_color-black","16":"pa_cup-full-cup","17":"pa_size-wholesale-large-size-women-sexy-lingerie","18":"pa_size-wholesale-medium-size-women-sexy-lingerie","19":"pa_size-wholesale-small-size-sexy-lingerie","20":"pa_size-wholesale-extra-large-sexy-lingerie","22":"first","23":"instock","24":"taxable","25":"shipping-taxable","26":"purchasable","27":"product-type-variable"},"tiered_pricing_type":"fixed","tiered_pricing_fixed_rules":[],"tiered_pricing_product_settings":{"layout":"default","base_unit_name":{"singular":null,"plural":null},"default_variation":null},"tiered_pricing_minimum_quantity":null,"tiered_pricing_roles_data":{"default_wholesaler":{"product_id":29542,"role":"default_wholesaler","pricing_type":"flat","regular_price":null,"sale_price":null,"discount":null,"discount_type":"sale_price","tiered_pricing_type":"fixed","percentage_rules":[],"fixed_rules":{"2":"7.59","30":"6.49","500":"5.69"},"minimum":null},"dropshippinger":{"product_id":29542,"role":"dropshippinger","pricing_type":"flat","regular_price":null,"sale_price":null,"discount":null,"discount_type":"sale_price","tiered_pricing_type":"fixed","percentage_rules":[],"fixed_rules":{"1":"9.09","5":"7.59","20":"6.49"},"minimum":null}},"tiered_pricing_percentage_rules":[],"tiered_pricing_maximum_quantity":null,"tiered_pricing_quantity_step":null,"_links":{"self":[{"href":"https:\/\/gretasexylingerie.com\/es\/wp-json\/wp\/v2\/product\/29542","targetHints":{"allow":["GET"]}}],"collection":[{"href":"https:\/\/gretasexylingerie.com\/es\/wp-json\/wp\/v2\/product"}],"about":[{"href":"https:\/\/gretasexylingerie.com\/es\/wp-json\/wp\/v2\/types\/product"}],"wp:featuredmedia":[{"embeddable":true,"href":"https:\/\/gretasexylingerie.com\/es\/wp-json\/wp\/v2\/media\/29549"}],"wp:attachment":[{"href":"https:\/\/gretasexylingerie.com\/es\/wp-json\/wp\/v2\/media?parent=29542"}],"wp:term":[{"taxonomy":"product_brand","embeddable":true,"href":"https:\/\/gretasexylingerie.com\/es\/wp-json\/wp\/v2\/product_brand?post=29542"},{"taxonomy":"product_cat","embeddable":true,"href":"https:\/\/gretasexylingerie.com\/es\/wp-json\/wp\/v2\/product_cat?post=29542"},{"taxonomy":"product_tag","embeddable":true,"href":"https:\/\/gretasexylingerie.com\/es\/wp-json\/wp\/v2\/product_tag?post=29542"}],"curies":[{"name":"Gracias","href":"https:\/\/api.w.org\/{rel}","templated":true}]}}