{"id":29525,"date":"2023-01-17T16:59:54","date_gmt":"2023-01-17T08:59:54","guid":{"rendered":"https:\/\/gretasexylingerie.com\/?post_type=product&#038;p=29525"},"modified":"2024-04-04T15:18:30","modified_gmt":"2024-04-04T07:18:30","slug":"lenceria-de-luna-de-miel-con-encaje-floral-recortado","status":"publish","type":"product","link":"https:\/\/gretasexylingerie.com\/es\/products\/floral-lace-cut-out-honeymoon-lingerie\/","title":{"rendered":"Lencer\u00eda de luna de miel con corte de encaje floral"},"content":{"rendered":"<p>Caracter\u00edsticas:<\/p>\n\n\n\n<p>1. Toda la tela de encaje blanco, adecuada para Sweet Happy Time.<br>2. Los patrones bien dise\u00f1ados aumentan la belleza del cuerpo.<br>3. Encaje de alta elasticidad que se adapta mejor a tu cuerpo.<\/p>\n\n\n\n<figure class=\"wp-block-table\"><table><tbody><tr><td colspan=\"4\">Gr\u00e1fico del sitio (CM)<\/td><\/tr><tr><td>Tama\u00f1o<\/td><td>Debajo del busto<\/td><td>Longitud superior<\/td><td>Cintura<\/td><\/tr><tr><td>S<\/td><td>62-86<\/td><td>56<\/td><td>60-94<\/td><\/tr><tr><td>METRO<\/td><td>66-90<\/td><td>58<\/td><td>64-98<\/td><\/tr><tr><td>L<\/td><td>70-94<\/td><td>60<\/td><td>68-102<\/td><\/tr><tr><td colspan=\"4\">Gr\u00e1fico del sitio (PULGADAS)<\/td><\/tr><tr><td>Tama\u00f1o<\/td><td>Debajo del busto<\/td><td>Altura de la copa<\/td><td>Cintura<\/td><\/tr><tr><td>S<\/td><td>24.8-34.4<\/td><td>22.4<\/td><td>24-37.6<\/td><\/tr><tr><td>METRO<\/td><td>26.4-36<\/td><td>23.2<\/td><td>25.6-39.2<\/td><\/tr><tr><td>L<\/td><td>32.8-37.6<\/td><td>24<\/td><td>32.8-40.8<\/td><\/tr><tr><td colspan=\"4\">Nota: 1. Puede haber una desviaci\u00f3n de 1 a 2 cm en diferentes tama\u00f1os, ubicaciones y estiramiento de las telas. La tabla de tallas es solo para referencia, puede haber una peque\u00f1a diferencia con lo que obtienes. 2. Hay 3 tipos de elasticidad: alta elasticidad (estirada en dos lados), elasticidad media (estirada en un lado) y no el\u00e1stica (no se puede estirar). 3. El color puede ser m\u00e1s claro o m\u00e1s oscuro debido a las diferentes pantallas de PC. 4. L\u00e1velo a mano con agua a 30 grados, cu\u00e9lguelo para que se seque a la sombra, proh\u00edba el blanqueo. 5. Puede haber una ligera diferencia en los detalles y el patr\u00f3n.<\/td><\/tr><\/tbody><\/table><\/figure>","protected":false},"excerpt":{"rendered":"<p>\u00a1Usa lencer\u00eda de luna de miel con encaje floral para tu hora feliz! Utilizamos encaje blanco de alta calidad como tela principal de la ropa interior y dise\u00f1amos patrones florales cuidadosamente para decorar su maravillosa figura. La tela de malla no solo aumenta la comodidad sino que tambi\u00e9n utiliza m\u00e1s parte del cuerpo. &lt;<\/p>","protected":false},"featured_media":29534,"template":"","meta":[],"product_brand":[],"product_cat":[371,370,367],"product_tag":[452,448,516,973,451,446],"class_list":{"0":"post-29525","1":"product","2":"type-product","3":"status-publish","4":"has-post-thumbnail","6":"product_cat-wholesale-sexy-lace-bodysuit","7":"product_cat-bodysuit","8":"product_cat-sexy-lingerie","9":"product_tag-wholesale-boudoir-lingerie","10":"product_tag-wholesale-elegant-sexy-lingerie","11":"product_tag-lace-lingerie","12":"product_tag-oem","13":"product_tag-wholesale-revealing-lingerie","14":"product_tag-wholesale-sexy-see-through-lingerie","15":"pa_color-white","16":"pa_cup-full-cup","17":"pa_size-wholesale-large-size-women-sexy-lingerie","18":"pa_size-wholesale-medium-size-women-sexy-lingerie","19":"pa_size-wholesale-small-size-sexy-lingerie","21":"first","22":"instock","23":"taxable","24":"shipping-taxable","25":"purchasable","26":"product-type-variable"},"tiered_pricing_type":"fixed","tiered_pricing_fixed_rules":[],"tiered_pricing_product_settings":{"layout":"table","base_unit_name":{"singular":null,"plural":null},"default_variation":{}},"tiered_pricing_minimum_quantity":null,"tiered_pricing_roles_data":{"default_wholesaler":{"product_id":29525,"role":"default_wholesaler","pricing_type":"flat","regular_price":null,"sale_price":null,"discount":null,"discount_type":"sale_price","tiered_pricing_type":"fixed","percentage_rules":[],"fixed_rules":{"2":"7.29","30":"6.29","500":"5.49"},"minimum":null},"dropshippinger":{"product_id":29525,"role":"dropshippinger","pricing_type":"flat","regular_price":null,"sale_price":null,"discount":null,"discount_type":"sale_price","tiered_pricing_type":"fixed","percentage_rules":[],"fixed_rules":{"1":"8.79","5":"7.29","20":"6.29"},"minimum":null}},"tiered_pricing_percentage_rules":[],"tiered_pricing_maximum_quantity":null,"tiered_pricing_quantity_step":null,"_links":{"self":[{"href":"https:\/\/gretasexylingerie.com\/es\/wp-json\/wp\/v2\/product\/29525","targetHints":{"allow":["GET"]}}],"collection":[{"href":"https:\/\/gretasexylingerie.com\/es\/wp-json\/wp\/v2\/product"}],"about":[{"href":"https:\/\/gretasexylingerie.com\/es\/wp-json\/wp\/v2\/types\/product"}],"wp:featuredmedia":[{"embeddable":true,"href":"https:\/\/gretasexylingerie.com\/es\/wp-json\/wp\/v2\/media\/29534"}],"wp:attachment":[{"href":"https:\/\/gretasexylingerie.com\/es\/wp-json\/wp\/v2\/media?parent=29525"}],"wp:term":[{"taxonomy":"product_brand","embeddable":true,"href":"https:\/\/gretasexylingerie.com\/es\/wp-json\/wp\/v2\/product_brand?post=29525"},{"taxonomy":"product_cat","embeddable":true,"href":"https:\/\/gretasexylingerie.com\/es\/wp-json\/wp\/v2\/product_cat?post=29525"},{"taxonomy":"product_tag","embeddable":true,"href":"https:\/\/gretasexylingerie.com\/es\/wp-json\/wp\/v2\/product_tag?post=29525"}],"curies":[{"name":"Gracias","href":"https:\/\/api.w.org\/{rel}","templated":true}]}}