{"id":29341,"date":"2023-01-13T15:21:44","date_gmt":"2023-01-13T07:21:44","guid":{"rendered":"https:\/\/gretasexylingerie.com\/?post_type=product&#038;p=29341"},"modified":"2023-09-05T20:49:32","modified_gmt":"2023-09-05T12:49:32","slug":"pagina-de-titulo-de-venta-al-por-mayor-sep-nombre-del-sitio","status":"publish","type":"product","link":"https:\/\/gretasexylingerie.com\/es\/products\/wholesale-title-page-sep-sitename\/","title":{"rendered":"Conjunto de sujetador de artesan\u00eda pesada con costuras de tiras de encaje"},"content":{"rendered":"<p>Caracter\u00edsticas:<\/p>\n\n\n\n<p>1. Use encaje floral negro de alta calidad para decorar el pecho y como panty.<br>2. Use correas trenzadas estrechas de color lima como liga, correa para el hombro con cuello halter y trabillas para las piernas. Entre ellos, el anillo de la pierna, el cabestro y la liga tienen 3 capas.<br>3. El fuerte dise\u00f1o de color contrastante le da a la gente una sensaci\u00f3n de impacto visual.<\/p>\n\n\n\n<p><\/p>\n\n\n\n<figure class=\"wp-block-table is-style-stripes\"><table><tbody><tr><td colspan=\"4\">Gr\u00e1fico del sitio (CM)<\/td><\/tr><tr><td>Tama\u00f1o<\/td><td>Debajo del busto<\/td><td>Altura de la copa<\/td><td>Cintura<\/td><\/tr><tr><td>S<\/td><td>64-74<\/td><td>15<\/td><td>66-67<\/td><\/tr><tr><td>METRO<\/td><td>68-78<\/td><td>16<\/td><td>70-80<\/td><\/tr><tr><td>L<\/td><td>72-82<\/td><td>17<\/td><td>75-84<\/td><\/tr><tr><td>SG<\/td><td>76-86<\/td><td>18<\/td><td>78-88<\/td><\/tr><tr><td colspan=\"4\">Gr\u00e1fico del sitio (PULGADAS)<\/td><\/tr><tr><td>Tama\u00f1o<\/td><td>Debajo del busto<\/td><td>Altura de la copa<\/td><td>Cintura<\/td><\/tr><tr><td>S<\/td><td>25.6-29.9<\/td><td>6<\/td><td>26.4-30.4<\/td><\/tr><tr><td>METRO<\/td><td>27.2-31.2<\/td><td>6.4<\/td><td>28-32<\/td><\/tr><tr><td>L<\/td><td>28.8-32.8<\/td><td>6.8<\/td><td>29.6-33.7<\/td><\/tr><tr><td>SG<\/td><td>30.4-34.4<\/td><td>7.2<\/td><td>31.2-35.2<\/td><\/tr><tr><td colspan=\"4\">Nota: 1. Puede haber una desviaci\u00f3n de 1 a 2 cm en diferentes tama\u00f1os, ubicaciones y estiramiento de las telas. La tabla de tallas es solo para referencia, puede haber una peque\u00f1a diferencia con lo que obtienes. 2. Hay 3 tipos de elasticidad: alta elasticidad (estirada en dos lados), elasticidad media (estirada en un lado) y no el\u00e1stica (no se puede estirar). 3. El color puede ser m\u00e1s claro o m\u00e1s oscuro debido a las diferentes pantallas de PC. 4. L\u00e1velo a mano con agua a 30 grados, cu\u00e9lguelo para que se seque a la sombra, proh\u00edba el blanqueo. 5. Puede haber una ligera diferencia en los detalles y el patr\u00f3n.<\/td><\/tr><\/tbody><\/table><\/figure>","protected":false},"excerpt":{"rendered":"<p>Use el juego de sujetadores artesanales pesados con costuras de correa de encaje en contraste y haga que lo mire fijamente. Con encaje floral negro, pesta\u00f1as en el pecho, con correas trenzadas estrechas de Lime para cuello halter, liguero, trabillas para las piernas, correas de espagueti ajustables.<\/p>","protected":false},"featured_media":29345,"template":"","meta":[],"product_brand":[],"product_cat":[376,368,374,369,367],"product_tag":[507,452,448,451,446,447,504],"class_list":{"0":"post-29341","1":"product","2":"type-product","3":"status-publish","4":"has-post-thumbnail","6":"product_cat-wholesale-ultra-sexy-bra-panty-set","7":"product_cat-bra-panty-set","8":"product_cat-wholesale-garter-belt-set","9":"product_cat-wholesale-lace-bra-and-panty-sets","10":"product_cat-sexy-lingerie","11":"product_tag-three-pcs-set","12":"product_tag-wholesale-boudoir-lingerie","13":"product_tag-wholesale-elegant-sexy-lingerie","14":"product_tag-wholesale-revealing-lingerie","15":"product_tag-wholesale-sexy-see-through-lingerie","16":"product_tag-wholesale-strappy-sexy-lingerie","17":"product_tag-ultra-sexy","18":"pa_color-black","19":"pa_cup-full-cup","20":"pa_size-wholesale-large-size-women-sexy-lingerie","21":"pa_size-wholesale-medium-size-women-sexy-lingerie","22":"pa_size-wholesale-small-size-sexy-lingerie","23":"pa_size-wholesale-extra-large-sexy-lingerie","25":"first","26":"instock","27":"taxable","28":"shipping-taxable","29":"purchasable","30":"product-type-variable"},"tiered_pricing_type":"fixed","tiered_pricing_fixed_rules":[],"tiered_pricing_product_settings":{"layout":"default","base_unit_name":{"singular":null,"plural":null},"default_variation":null},"tiered_pricing_minimum_quantity":null,"tiered_pricing_roles_data":{"default_wholesaler":{"product_id":29341,"role":"default_wholesaler","pricing_type":"flat","regular_price":null,"sale_price":null,"discount":null,"discount_type":"sale_price","tiered_pricing_type":"fixed","percentage_rules":[],"fixed_rules":{"2":"10.19","30":"8.79","500":"7.69"},"minimum":null},"dropshippinger":{"product_id":29341,"role":"dropshippinger","pricing_type":"flat","regular_price":null,"sale_price":null,"discount":null,"discount_type":"sale_price","tiered_pricing_type":"fixed","percentage_rules":[],"fixed_rules":{"1":"12.19","5":"10.19","20":"8.79"},"minimum":null}},"tiered_pricing_percentage_rules":[],"tiered_pricing_maximum_quantity":null,"tiered_pricing_quantity_step":null,"_links":{"self":[{"href":"https:\/\/gretasexylingerie.com\/es\/wp-json\/wp\/v2\/product\/29341","targetHints":{"allow":["GET"]}}],"collection":[{"href":"https:\/\/gretasexylingerie.com\/es\/wp-json\/wp\/v2\/product"}],"about":[{"href":"https:\/\/gretasexylingerie.com\/es\/wp-json\/wp\/v2\/types\/product"}],"wp:featuredmedia":[{"embeddable":true,"href":"https:\/\/gretasexylingerie.com\/es\/wp-json\/wp\/v2\/media\/29345"}],"wp:attachment":[{"href":"https:\/\/gretasexylingerie.com\/es\/wp-json\/wp\/v2\/media?parent=29341"}],"wp:term":[{"taxonomy":"product_brand","embeddable":true,"href":"https:\/\/gretasexylingerie.com\/es\/wp-json\/wp\/v2\/product_brand?post=29341"},{"taxonomy":"product_cat","embeddable":true,"href":"https:\/\/gretasexylingerie.com\/es\/wp-json\/wp\/v2\/product_cat?post=29341"},{"taxonomy":"product_tag","embeddable":true,"href":"https:\/\/gretasexylingerie.com\/es\/wp-json\/wp\/v2\/product_tag?post=29341"}],"curies":[{"name":"Gracias","href":"https:\/\/api.w.org\/{rel}","templated":true}]}}