{"id":29284,"date":"2023-01-12T15:45:36","date_gmt":"2023-01-12T07:45:36","guid":{"rendered":"https:\/\/gretasexylingerie.com\/?post_type=product&#038;p=29284"},"modified":"2023-12-09T17:01:20","modified_gmt":"2023-12-09T09:01:20","slug":"conjunto-de-liguero-con-panel-de-saten-y-escote-halter","status":"publish","type":"product","link":"https:\/\/gretasexylingerie.com\/es\/products\/halter-cutout-satin-panel-garter-belt-set\/","title":{"rendered":"Juego de liguero con panel de sat\u00e9n con recorte halter"},"content":{"rendered":"<p>Caracter\u00edsticas:<\/p>\n\n\n\n<p>1. Borde delicadas flores en la suave malla transparente para decorar partes importantes del cuerpo.<br>2. El dise\u00f1o de cabestro ajustable de una pieza aumenta la estabilidad de la ropa interior, haci\u00e9ndola m\u00e1s c\u00f3moda y sexy.<br>3. La ropa interior adopta un dise\u00f1o hueco y utiliza un cintur\u00f3n trenzado para unir el cuerpo principal. La Ubicaci\u00f3n Secreta Tiene Una Decoraci\u00f3n Floral Transparente.<\/p>\n\n\n\n<figure class=\"wp-block-table is-style-stripes\"><table><tbody><tr><td colspan=\"4\">Gr\u00e1fico del sitio (CM)<\/td><\/tr><tr><td>Tama\u00f1o<\/td><td>Debajo del busto<\/td><td>Altura de la copa<\/td><td>Cintura<\/td><\/tr><tr><td>S<\/td><td>66-67<\/td><td>15<\/td><td>64-74<\/td><\/tr><tr><td>METRO<\/td><td>70-80<\/td><td>16<\/td><td>68-78<\/td><\/tr><tr><td>L<\/td><td>75-84<\/td><td>17<\/td><td>72-82<\/td><\/tr><tr><td>SG<\/td><td>78-88<\/td><td>18<\/td><td>76-86<\/td><\/tr><tr><td colspan=\"4\">Gr\u00e1fico del sitio (PULGADAS)<\/td><\/tr><tr><td>Tama\u00f1o<\/td><td>Debajo del busto<\/td><td>Altura de la copa<\/td><td>Cintura<\/td><\/tr><tr><td>S<\/td><td>26.4-30.4<\/td><td>6<\/td><td>25.6-29.9<\/td><\/tr><tr><td>METRO<\/td><td>28-32<\/td><td>6.4<\/td><td>27.2-31.2<\/td><\/tr><tr><td>L<\/td><td>29.6-33.7<\/td><td>6.8<\/td><td>28.8-32.8<\/td><\/tr><tr><td>SG<\/td><td>31.2-35.2<\/td><td>7.2<\/td><td>30.4-34.4<\/td><\/tr><tr><td colspan=\"4\">Nota:<br>1. Puede haber una desviaci\u00f3n de 1 a 2 cm en diferentes tama\u00f1os, ubicaciones y estiramiento de las telas. La tabla de tallas es solo para referencia, puede haber una peque\u00f1a diferencia con lo que obtienes.<br>2. Hay 3 tipos de elasticidad: alta elasticidad (estirada en dos lados), elasticidad media (estirada en un lado) y no el\u00e1stica (no se puede estirar).<br>3. El color puede ser m\u00e1s claro o m\u00e1s oscuro debido a las diferentes pantallas de PC.<br>4. L\u00e1velo a mano con agua a 30 grados, cu\u00e9lguelo para que se seque a la sombra, proh\u00edba el blanqueo.<br>5. Puede haber una ligera diferencia en los detalles y el patr\u00f3n.<\/td><\/tr><\/tbody><\/table><\/figure>","protected":false},"excerpt":{"rendered":"<p>Deje que el conjunto de liguero con panel de sat\u00e9n con corte halter lo ayude a capturar los corazones de sus seres queridos. Hecho de tela de malla de alta calidad con delicados patrones bordados, dise\u00f1o de cuello halter ajustable de una pieza, bragas florales huecas y cinturones de liga de alta elasticidad.<\/p>","protected":false},"featured_media":29305,"template":"","meta":[],"product_brand":[],"product_cat":[374,368,367,375],"product_tag":[507,454,451,446,447],"class_list":{"0":"post-29284","1":"product","2":"type-product","3":"status-publish","4":"has-post-thumbnail","6":"product_cat-wholesale-garter-belt-set","7":"product_cat-bra-panty-set","8":"product_cat-sexy-lingerie","9":"product_cat-whoelsale-sheer-bra-and-panty-sets","10":"product_tag-three-pcs-set","11":"product_tag-wholesale-sexy-embroidered-lingerie","12":"product_tag-wholesale-revealing-lingerie","13":"product_tag-wholesale-sexy-see-through-lingerie","14":"product_tag-wholesale-strappy-sexy-lingerie","15":"pa_color-black","16":"pa_color-blanched-almond-women-sexy-lingerie","17":"pa_color-blue-women-sexy-lingerie","18":"pa_color-pink-women-sexy-lingerie","19":"pa_color-red-women-sexy-lingerie","20":"pa_cup-full-cup","21":"pa_size-wholesale-large-size-women-sexy-lingerie","22":"pa_size-wholesale-medium-size-women-sexy-lingerie","23":"pa_size-wholesale-small-size-sexy-lingerie","24":"pa_size-wholesale-extra-large-sexy-lingerie","25":"pa_size-xs","27":"first","28":"instock","29":"taxable","30":"shipping-taxable","31":"purchasable","32":"product-type-variable"},"tiered_pricing_type":"fixed","tiered_pricing_fixed_rules":[],"tiered_pricing_product_settings":{"layout":"default","base_unit_name":{"singular":null,"plural":null},"default_variation":null},"tiered_pricing_minimum_quantity":null,"tiered_pricing_roles_data":{"default_wholesaler":{"product_id":29284,"role":"default_wholesaler","pricing_type":"flat","regular_price":null,"sale_price":null,"discount":null,"discount_type":"sale_price","tiered_pricing_type":"fixed","percentage_rules":[],"fixed_rules":{"2":"9.69","30":"8.29","500":"7.29"},"minimum":null},"dropshippinger":{"product_id":29284,"role":"dropshippinger","pricing_type":"flat","regular_price":null,"sale_price":null,"discount":null,"discount_type":"sale_price","tiered_pricing_type":"fixed","percentage_rules":[],"fixed_rules":{"1":"11.59","5":"9.69","20":"8.29"},"minimum":null}},"tiered_pricing_percentage_rules":[],"tiered_pricing_maximum_quantity":null,"tiered_pricing_quantity_step":null,"_links":{"self":[{"href":"https:\/\/gretasexylingerie.com\/es\/wp-json\/wp\/v2\/product\/29284","targetHints":{"allow":["GET"]}}],"collection":[{"href":"https:\/\/gretasexylingerie.com\/es\/wp-json\/wp\/v2\/product"}],"about":[{"href":"https:\/\/gretasexylingerie.com\/es\/wp-json\/wp\/v2\/types\/product"}],"wp:featuredmedia":[{"embeddable":true,"href":"https:\/\/gretasexylingerie.com\/es\/wp-json\/wp\/v2\/media\/29305"}],"wp:attachment":[{"href":"https:\/\/gretasexylingerie.com\/es\/wp-json\/wp\/v2\/media?parent=29284"}],"wp:term":[{"taxonomy":"product_brand","embeddable":true,"href":"https:\/\/gretasexylingerie.com\/es\/wp-json\/wp\/v2\/product_brand?post=29284"},{"taxonomy":"product_cat","embeddable":true,"href":"https:\/\/gretasexylingerie.com\/es\/wp-json\/wp\/v2\/product_cat?post=29284"},{"taxonomy":"product_tag","embeddable":true,"href":"https:\/\/gretasexylingerie.com\/es\/wp-json\/wp\/v2\/product_tag?post=29284"}],"curies":[{"name":"Gracias","href":"https:\/\/api.w.org\/{rel}","templated":true}]}}