{"id":29218,"date":"2023-01-11T16:51:14","date_gmt":"2023-01-11T08:51:14","guid":{"rendered":"https:\/\/gretasexylingerie.com\/?post_type=product&#038;p=29218"},"modified":"2023-09-05T20:49:30","modified_gmt":"2023-09-05T12:49:30","slug":"conjunto-de-sujetador-de-novia-sexy-de-encaje","status":"publish","type":"product","link":"https:\/\/gretasexylingerie.com\/es\/products\/lace-sexy-bridal-bra-set\/","title":{"rendered":"Conjunto de sujetador de novia sexy de encaje"},"content":{"rendered":"<ul class=\"wp-block-list\">\n<li>Material: hecho de tela de encaje de alta calidad, transpirable, agradable al tacto, suave, c\u00f3modo de llevar.<\/li>\n\n\n\n<li>Dise\u00f1o sexy: trajes de lencer\u00eda de tres piezas con encaje de pesta\u00f1as, encaje de ganchillo, recorte y malla transparente. El dise\u00f1o \u00fanico puede hacer que las mujeres se vean sexy y atractivas.<\/li>\n\n\n\n<li>Ocasi\u00f3n: la lencer\u00eda sexy es la elecci\u00f3n perfecta para la noche de bodas, luna de miel, d\u00eda de San Valent\u00edn, noche de cita o noche calurosa.<\/li>\n<\/ul>\n\n\n\n<figure class=\"wp-block-table is-style-stripes\"><table><tbody><tr><td colspan=\"4\">Gr\u00e1fico del sitio (CM)<\/td><\/tr><tr><td>Tama\u00f1o<\/td><td>Debajo del busto<\/td><td>Altura de la copa<\/td><td>Cintura<\/td><\/tr><tr><td>S<\/td><td>66-67<\/td><td>20<\/td><td>64-74<\/td><\/tr><tr><td>METRO<\/td><td>70-80<\/td><td>21<\/td><td>68-78<\/td><\/tr><tr><td>L<\/td><td>75-84<\/td><td>22<\/td><td>72-82<\/td><\/tr><tr><td>SG<\/td><td>78-88<\/td><td>23<\/td><td>76-86<\/td><\/tr><tr><td colspan=\"4\">Gr\u00e1fico del sitio (PULGADAS)<\/td><\/tr><tr><td>Tama\u00f1o<\/td><td>Debajo del busto<\/td><td>Altura de la copa<\/td><td>Cintura<\/td><\/tr><tr><td>S<\/td><td>26.4-30.4<\/td><td>8<\/td><td>25.6-29.9<\/td><\/tr><tr><td>METRO<\/td><td>28-32<\/td><td>8.4<\/td><td>27.2-31.2<\/td><\/tr><tr><td>L<\/td><td>29.6-33.7<\/td><td>8.8<\/td><td>28.8-32.8<\/td><\/tr><tr><td>SG<\/td><td>31.2-35.2<\/td><td>9.2<\/td><td>30.4-34.4<\/td><\/tr><tr><td colspan=\"4\">Nota: 1. Puede haber una desviaci\u00f3n de 1 a 2 cm en diferentes tama\u00f1os, ubicaciones y estiramiento de las telas. La tabla de tallas es solo para referencia, puede haber una peque\u00f1a diferencia con lo que obtienes. 2. Hay 3 tipos de elasticidad: alta elasticidad (estirada en dos lados), elasticidad media (estirada en un lado) y no el\u00e1stica (no se puede estirar). 3. El color puede ser m\u00e1s claro o m\u00e1s oscuro debido a las diferentes pantallas de PC. 4. L\u00e1velo a mano con agua a 30 grados, cu\u00e9lguelo para que se seque a la sombra, proh\u00edba el blanqueo. 5. Puede haber una ligera diferencia en los detalles y el patr\u00f3n.<\/td><\/tr><\/tbody><\/table><\/figure>","protected":false},"excerpt":{"rendered":"<p>\u00a1El conjunto de sujetador de novia sexy de encaje es un conjunto de sujetador para tu noche de bodas! Se compone de encaje blanco transparente suave y cinta blanca.<br \/>\nEl hermoso patr\u00f3n de encaje no solo modifica su cuerpo, sino que tambi\u00e9n agrega m\u00e1s expectativas, lo cual es una buena opci\u00f3n para el mundo de dos personas.<\/p>","protected":false},"featured_media":29229,"template":"","meta":[],"product_brand":[],"product_cat":[369,374,367],"product_tag":[507,452,448,451,446],"class_list":{"0":"post-29218","1":"product","2":"type-product","3":"status-publish","4":"has-post-thumbnail","6":"product_cat-wholesale-lace-bra-and-panty-sets","7":"product_cat-wholesale-garter-belt-set","8":"product_cat-sexy-lingerie","9":"product_tag-three-pcs-set","10":"product_tag-wholesale-boudoir-lingerie","11":"product_tag-wholesale-elegant-sexy-lingerie","12":"product_tag-wholesale-revealing-lingerie","13":"product_tag-wholesale-sexy-see-through-lingerie","14":"pa_color-black","15":"pa_color-white","16":"pa_cup-wholesale-half-cup-women-sexy-lingerie","17":"pa_size-wholesale-large-size-women-sexy-lingerie","18":"pa_size-wholesale-medium-size-women-sexy-lingerie","19":"pa_size-wholesale-small-size-sexy-lingerie","20":"pa_size-wholesale-extra-large-sexy-lingerie","22":"first","23":"instock","24":"taxable","25":"shipping-taxable","26":"purchasable","27":"product-type-variable"},"tiered_pricing_type":"fixed","tiered_pricing_fixed_rules":[],"tiered_pricing_product_settings":{"layout":"default","base_unit_name":{"singular":null,"plural":null},"default_variation":null},"tiered_pricing_minimum_quantity":null,"tiered_pricing_roles_data":{"default_wholesaler":{"product_id":29218,"role":"default_wholesaler","pricing_type":"flat","regular_price":null,"sale_price":null,"discount":null,"discount_type":"sale_price","tiered_pricing_type":"fixed","percentage_rules":[],"fixed_rules":{"2":"8.89","30":"7.59","500":"6.69"},"minimum":null},"dropshippinger":{"product_id":29218,"role":"dropshippinger","pricing_type":"flat","regular_price":null,"sale_price":null,"discount":null,"discount_type":"sale_price","tiered_pricing_type":"fixed","percentage_rules":[],"fixed_rules":{"1":"10.69","5":"8.89","20":"7.59"},"minimum":null}},"tiered_pricing_percentage_rules":[],"tiered_pricing_maximum_quantity":null,"tiered_pricing_quantity_step":null,"_links":{"self":[{"href":"https:\/\/gretasexylingerie.com\/es\/wp-json\/wp\/v2\/product\/29218","targetHints":{"allow":["GET"]}}],"collection":[{"href":"https:\/\/gretasexylingerie.com\/es\/wp-json\/wp\/v2\/product"}],"about":[{"href":"https:\/\/gretasexylingerie.com\/es\/wp-json\/wp\/v2\/types\/product"}],"wp:featuredmedia":[{"embeddable":true,"href":"https:\/\/gretasexylingerie.com\/es\/wp-json\/wp\/v2\/media\/29229"}],"wp:attachment":[{"href":"https:\/\/gretasexylingerie.com\/es\/wp-json\/wp\/v2\/media?parent=29218"}],"wp:term":[{"taxonomy":"product_brand","embeddable":true,"href":"https:\/\/gretasexylingerie.com\/es\/wp-json\/wp\/v2\/product_brand?post=29218"},{"taxonomy":"product_cat","embeddable":true,"href":"https:\/\/gretasexylingerie.com\/es\/wp-json\/wp\/v2\/product_cat?post=29218"},{"taxonomy":"product_tag","embeddable":true,"href":"https:\/\/gretasexylingerie.com\/es\/wp-json\/wp\/v2\/product_tag?post=29218"}],"curies":[{"name":"Gracias","href":"https:\/\/api.w.org\/{rel}","templated":true}]}}