{"id":29177,"date":"2023-01-11T16:31:51","date_gmt":"2023-01-11T08:31:51","guid":{"rendered":"https:\/\/gretasexylingerie.com\/?post_type=product&#038;p=29177"},"modified":"2024-04-03T11:42:41","modified_gmt":"2024-04-03T03:42:41","slug":"conjunto-de-sujetador-y-braguita-de-6-piezas-con-doble-tirante-para-el-hombro","status":"publish","type":"product","link":"https:\/\/gretasexylingerie.com\/es\/products\/double-shoulder-strap-6-piece-bra-panty-sets\/","title":{"rendered":"Conjuntos de sujetador y panty de 6 piezas con doble correa para el hombro"},"content":{"rendered":"<p>Caracter\u00edsticas:<br>1. Hay cinco colores disponibles, siempre hay uno adecuado para ti.<br>2. Tejido de malla, correas el\u00e1sticas, muy c\u00f3modo y lujoso.<br>3. Un conjunto completo de accesorios como anillo para el cuello, liguero, anillo para la pierna, etc., sin combinaci\u00f3n adicional.<\/p>\n\n\n\n<p>1. Todos nuestros productos tienen existencias suficientes, le invitamos a realizar un pedido en cualquier momento. Confirmaremos el pedido dentro de las 24 horas posteriores a la realizaci\u00f3n del pedido.<\/p>\n\n\n\n<p>2. No hay requisitos de MOQ para todos nuestros productos en stock, y apoyamos la venta al por mayor mixta. Despu\u00e9s de seleccionar un SKU completo, el sistema mostrar\u00e1 autom\u00e1ticamente los precios correspondientes a diferentes cantidades.<\/p>\n\n\n\n<p>3. Despu\u00e9s de confirmar el pedido, generalmente completamos la entrega dentro de 2-3 d\u00edas h\u00e1biles (excepto d\u00edas festivos u otras razones especiales), puede encontrar su pedido y rastrearlo en el <a href=\"https:\/\/gretasexylingerie.com\/es\/contactenos\/\"><span class=\"s1\">Mi cuenta<\/span><\/a>&nbsp;p\u00e1gina.<\/p>\n\n\n\n<p>4. Nuestro m\u00e9todo de env\u00edo predeterminado es por aire, principalmente a trav\u00e9s de Fedex, TNT, EMS, UPS, DHL u otros proveedores de servicios de log\u00edstica, principalmente depende de su pedido y direcci\u00f3n. Si necesita un m\u00e9todo de env\u00edo m\u00e1s econ\u00f3mico o tiene alguna pregunta sobre los costos de env\u00edo, no dude en contactarnos. <a href=\"https:\/\/gretasexylingerie.com\/es\/mi-cuenta\/\"><span class=\"s1\">Cont\u00e1ctenos<\/span><\/a>.<\/p>\n\n\n\n<p>5. No pagaremos impuestos de importaci\u00f3n por su pedido de forma predeterminada. Debe completar el pago de acuerdo con los requisitos de su pa\u00eds cuando la aduana se comunique con usted. Sin embargo, si lo necesita, tenga en cuenta en el pedido que podemos cobrarle un extra.<\/p>\n\n\n\n<p>6. Nuestros pedidos admiten devoluciones, visite nuestro <a href=\"https:\/\/gretasexylingerie.com\/es\/politica-de-devoluciones\/\"><span class=\"s1\">politica de devoluciones<\/span><\/a>&nbsp;para m\u00e1s informaci\u00f3n.<\/p>\n\n\n\n<p>7. Si necesita saber m\u00e1s preguntas frecuentes, visite <a href=\"https:\/\/gretasexylingerie.com\/es\/ayuda-al-cliente\/\"><span class=\"s1\">Ayuda al cliente<\/span><\/a>.<\/p>\n\n\n\n<figure class=\"wp-block-table\"><table><tbody><tr><td colspan=\"4\">Gr\u00e1fico del sitio (CM)<\/td><\/tr><tr><td>Tama\u00f1o<\/td><td>Debajo del busto<\/td><td>Altura de la copa<\/td><td>Cintura<\/td><\/tr><tr><td>S<\/td><td>66-67<\/td><td>14<\/td><td>64-74<\/td><\/tr><tr><td>METRO<\/td><td>70-80<\/td><td>15<\/td><td>68-78<\/td><\/tr><tr><td>L<\/td><td>75-84<\/td><td>16<\/td><td>72-82<\/td><\/tr><tr><td>SG<\/td><td>78-88<\/td><td>17<\/td><td>76-86<\/td><\/tr><tr><td colspan=\"4\">Gr\u00e1fico del sitio (PULGADAS)<\/td><\/tr><tr><td>Tama\u00f1o<\/td><td>Debajo del busto<\/td><td>Altura de la copa<\/td><td>Cintura<\/td><\/tr><tr><td>S<\/td><td>26.4-30.4<\/td><td>5.6<\/td><td>25.6-29.9<\/td><\/tr><tr><td>METRO<\/td><td>28-32<\/td><td>6<\/td><td>27.2-31.2<\/td><\/tr><tr><td>L<\/td><td>29.6-33.7<\/td><td>6.4<\/td><td>28.8-32.8<\/td><\/tr><tr><td>SG<\/td><td>31.2-35.2<\/td><td>6.8<\/td><td>30.4-34.4<\/td><\/tr><tr><td colspan=\"4\">Nota: 1. Puede haber una desviaci\u00f3n de 1 a 2 cm en diferentes tama\u00f1os, ubicaciones y estiramiento de las telas. La tabla de tallas es solo para referencia, puede haber una peque\u00f1a diferencia con lo que obtienes. 2. Hay 3 tipos de elasticidad: alta elasticidad (estirada en dos lados), elasticidad media (estirada en un lado) y no el\u00e1stica (no se puede estirar). 3. El color puede ser m\u00e1s claro o m\u00e1s oscuro debido a las diferentes pantallas de PC. 4. L\u00e1velo a mano con agua a 30 grados, cu\u00e9lguelo para que se seque a la sombra, proh\u00edba el blanqueo. 5. Puede haber una ligera diferencia en los detalles y el patr\u00f3n.<\/td><\/tr><\/tbody><\/table><\/figure>","protected":false},"excerpt":{"rendered":"<p>\u00a1Conjuntos de braguitas y sujetador de 6 piezas muy lujosos con doble correa para el hombro! \u00a1Este conjunto de lencer\u00eda tiene una gama completa de accesorios de lencer\u00eda! Tejido de malla suave y transpirable, disponible en 5 colores. Utilice correas el\u00e1sticas para molduras y accesorios.<\/p>","protected":false},"featured_media":29207,"template":"","meta":[],"product_brand":[],"product_cat":[368,374,369,367],"product_tag":[],"class_list":{"0":"post-29177","1":"product","2":"type-product","3":"status-publish","4":"has-post-thumbnail","6":"product_cat-bra-panty-set","7":"product_cat-wholesale-garter-belt-set","8":"product_cat-wholesale-lace-bra-and-panty-sets","9":"product_cat-sexy-lingerie","10":"pa_color-black","11":"pa_color-orange-red","12":"pa_color-sea-green-women-sexy-lingerie","13":"pa_cup-full-cup","14":"pa_size-wholesale-large-size-women-sexy-lingerie","15":"pa_size-wholesale-medium-size-women-sexy-lingerie","16":"pa_size-wholesale-small-size-sexy-lingerie","17":"pa_size-wholesale-extra-large-sexy-lingerie","19":"first","20":"instock","21":"taxable","22":"shipping-taxable","23":"purchasable","24":"product-type-variable"},"tiered_pricing_type":"fixed","tiered_pricing_fixed_rules":[],"tiered_pricing_product_settings":{"layout":"table","base_unit_name":{"singular":null,"plural":null},"default_variation":null},"tiered_pricing_minimum_quantity":null,"tiered_pricing_roles_data":{"default_wholesaler":{"product_id":29177,"role":"default_wholesaler","pricing_type":"flat","regular_price":null,"sale_price":null,"discount":null,"discount_type":"sale_price","tiered_pricing_type":"fixed","percentage_rules":[],"fixed_rules":{"2":"10.19","30":"8.79","500":"7.69"},"minimum":null},"dropshippinger":{"product_id":29177,"role":"dropshippinger","pricing_type":"flat","regular_price":null,"sale_price":null,"discount":null,"discount_type":"sale_price","tiered_pricing_type":"fixed","percentage_rules":[],"fixed_rules":{"1":"12.19","5":"10.19","20":"8.79"},"minimum":null}},"tiered_pricing_percentage_rules":[],"tiered_pricing_maximum_quantity":null,"tiered_pricing_quantity_step":null,"_links":{"self":[{"href":"https:\/\/gretasexylingerie.com\/es\/wp-json\/wp\/v2\/product\/29177","targetHints":{"allow":["GET"]}}],"collection":[{"href":"https:\/\/gretasexylingerie.com\/es\/wp-json\/wp\/v2\/product"}],"about":[{"href":"https:\/\/gretasexylingerie.com\/es\/wp-json\/wp\/v2\/types\/product"}],"wp:featuredmedia":[{"embeddable":true,"href":"https:\/\/gretasexylingerie.com\/es\/wp-json\/wp\/v2\/media\/29207"}],"wp:attachment":[{"href":"https:\/\/gretasexylingerie.com\/es\/wp-json\/wp\/v2\/media?parent=29177"}],"wp:term":[{"taxonomy":"product_brand","embeddable":true,"href":"https:\/\/gretasexylingerie.com\/es\/wp-json\/wp\/v2\/product_brand?post=29177"},{"taxonomy":"product_cat","embeddable":true,"href":"https:\/\/gretasexylingerie.com\/es\/wp-json\/wp\/v2\/product_cat?post=29177"},{"taxonomy":"product_tag","embeddable":true,"href":"https:\/\/gretasexylingerie.com\/es\/wp-json\/wp\/v2\/product_tag?post=29177"}],"curies":[{"name":"Gracias","href":"https:\/\/api.w.org\/{rel}","templated":true}]}}