{"id":50935,"date":"2024-04-20T21:25:57","date_gmt":"2024-04-20T13:25:57","guid":{"rendered":"https:\/\/gretasexylingerie.com\/?post_type=product&#038;p=50935"},"modified":"2024-04-20T21:42:45","modified_gmt":"2024-04-20T13:42:45","slug":"groshandel-ratselhaftes-federbesetztes-spitzen-dessous-set","status":"publish","type":"product","link":"https:\/\/gretasexylingerie.com\/de\/products\/wholesale-enigmatic-feather-trimmed-lace-lingerie-set\/","title":{"rendered":"Gro\u00dfhandel: R\u00e4tselhaftes Dessous-Set aus Spitze mit Federbesatz"},"content":{"rendered":"<p><strong>Luxuri\u00f6se Federakzente<\/strong>: Der <strong>Feder-Dessous-Set<\/strong> verleiht klassischer Unterw\u00e4sche einen Hauch von theatralischem Glamour, mit zarten Federn, die auf der Haut fl\u00fcstern und eine Aura des Mystischen erzeugen.<\/p>\n\n\n\n<p><strong>Gl\u00e4nzende Details<\/strong>: Dieses Ensemble geh\u00f6rt zu unserem <strong>tolle BH- und H\u00f6schen-Sets<\/strong>, mit exquisiter Spitzenverarbeitung und schimmernden Verzierungen, die das Licht \u2013 und die Blicke \u2013 einfangen.<\/p>\n\n\n\n<p><strong>Geformte Silhouette<\/strong>: Der <strong>schwarzes Spitzen-BH-Set mit hoher Taille<\/strong> wurde entwickelt, um die Figur zu formen und zu schmeicheln, wobei der hoch taillierte Slip f\u00fcr eine elegante Kontur sorgt und der BH st\u00fctzenden Halt bietet.<\/p>\n\n\n\n<p><strong>Zeitlose Eleganz<\/strong>: Mit seiner klassischen schwarzen Spitze \u00fcberdauert dieses Set alle Trends und bleibt auch in den kommenden Jahren ein Schl\u00fcsselst\u00fcck jeder Dessous-Kollektion.<\/p>\n\n\n\n<p><strong>Dramatischer Reiz<\/strong>: Perfekt f\u00fcr alle, die mit ihrem Boudoir-Outfit ein Statement abgeben m\u00f6chten, verspricht dieses Set einen unvergesslichen visuellen Eindruck, vom privaten Gemach bis hin zum Rampenlicht der B\u00fchne.<\/p>\n\n\n\n<p>W\u00e4hle aus <strong>R\u00e4tselhaftes Dessous-Set aus Spitze mit Federbesatz<\/strong> f\u00fcr Ihre Boutique und bieten Sie Ihren Kunden ein ebenso faszinierendes wie luxuri\u00f6ses St\u00fcck. Erh\u00e4ltlich \u00fcber unsere <a href=\"https:\/\/gretasexylingerie.com\/de\/dessous-service-zum-mitnehmen\/\">Drop-Shipping-Service<\/a>, gehen Sie auf den anspruchsvollen Geschmack Ihrer Kundschaft ein, ohne sich mit der Komplexit\u00e4t der Bestandsverwaltung herumschlagen zu m\u00fcssen. Bringen Sie noch heute Eleganz in Ihre Kollektion.<\/p>\n\n\n\n<figure class=\"wp-block-table\">\n<table>\n<tbody>\n<tr>\n<td class=\"has-text-align-center\" colspan=\"7\" data-align=\"center\"><strong>Gr\u00f6\u00dfentabelle (CM)<\/strong><\/td>\n<\/tr>\n<tr>\n<td class=\"has-text-align-center\" data-align=\"center\"><strong>Gr\u00f6\u00dfe<\/strong><\/td>\n<td class=\"has-text-align-center\" data-align=\"center\"><strong>Tassenh\u00f6he (cm)<\/strong><\/td>\n<td class=\"has-text-align-center\" data-align=\"center\"><strong>Unterbrustumfang (cm)<\/strong><\/td>\n<td class=\"has-text-align-center\" data-align=\"center\"><strong>Strumpfband-Taille (cm)<\/strong><\/td>\n<td class=\"has-text-align-center\" data-align=\"center\"><strong>H\u00f6schentaille (cm)<\/strong><\/td>\n<td class=\"has-text-align-center\" data-align=\"center\"><strong>H\u00f6schenl\u00e4nge (cm)<\/strong><\/td>\n<\/tr>\n<tr>\n<td class=\"has-text-align-center\" data-align=\"center\">S<\/td>\n<td class=\"has-text-align-center\" data-align=\"center\">15<\/td>\n<td class=\"has-text-align-center\" data-align=\"center\">64-90<\/td>\n<td class=\"has-text-align-center\" data-align=\"center\">66-78<\/td>\n<td class=\"has-text-align-center\" data-align=\"center\">66-86<\/td>\n<td class=\"has-text-align-center\" data-align=\"center\">21<\/td>\n<\/tr>\n<tr>\n<td class=\"has-text-align-center\" data-align=\"center\">M<\/td>\n<td class=\"has-text-align-center\" data-align=\"center\">16<\/td>\n<td class=\"has-text-align-center\" data-align=\"center\">68-94<\/td>\n<td class=\"has-text-align-center\" data-align=\"center\">68-80<\/td>\n<td class=\"has-text-align-center\" data-align=\"center\">68-90<\/td>\n<td class=\"has-text-align-center\" data-align=\"center\">22<\/td>\n<\/tr>\n<tr>\n<td class=\"has-text-align-center\" data-align=\"center\">L<\/td>\n<td class=\"has-text-align-center\" data-align=\"center\">17<\/td>\n<td class=\"has-text-align-center\" data-align=\"center\">72-98<\/td>\n<td class=\"has-text-align-center\" data-align=\"center\">70-82<\/td>\n<td class=\"has-text-align-center\" data-align=\"center\">72-94<\/td>\n<td class=\"has-text-align-center\" data-align=\"center\">23<\/td>\n<\/tr>\n<\/tbody>\n<\/table>\n<\/figure>\n\n\n\n<figure class=\"wp-block-table\">\n<table>\n<tbody>\n<tr>\n<td class=\"has-text-align-center\" colspan=\"7\" data-align=\"center\"><strong>Gr\u00f6\u00dfentabelle (Zoll)<\/strong><\/td>\n<\/tr>\n<tr>\n<td class=\"has-text-align-center\" data-align=\"center\"><strong>Gr\u00f6\u00dfe<\/strong><\/td>\n<td class=\"has-text-align-center\" data-align=\"center\"><strong>Tassenh\u00f6he (Zoll)<\/strong><\/td>\n<td class=\"has-text-align-center\" data-align=\"center\"><strong>Unter der Brust (in)<\/strong><\/td>\n<td class=\"has-text-align-center\" data-align=\"center\"><strong>Strumpfband-Taille (in)<\/strong><\/td>\n<td class=\"has-text-align-center\" data-align=\"center\"><strong>H\u00f6schentaille (in)<\/strong><\/td>\n<td class=\"has-text-align-center\" data-align=\"center\"><strong>H\u00f6schenl\u00e4nge (in)<\/strong><\/td>\n<\/tr>\n<tr>\n<td class=\"has-text-align-center\" data-align=\"center\">S<\/td>\n<td class=\"has-text-align-center\" data-align=\"center\">5.9<\/td>\n<td class=\"has-text-align-center\" data-align=\"center\">25.2-35.4<\/td>\n<td class=\"has-text-align-center\" data-align=\"center\">26.0-30.7<\/td>\n<td class=\"has-text-align-center\" data-align=\"center\">26.0-33.9<\/td>\n<td class=\"has-text-align-center\" data-align=\"center\">8.3<\/td>\n<\/tr>\n<tr>\n<td class=\"has-text-align-center\" data-align=\"center\">M<\/td>\n<td class=\"has-text-align-center\" data-align=\"center\">6.3<\/td>\n<td class=\"has-text-align-center\" data-align=\"center\">26.8-37.0<\/td>\n<td class=\"has-text-align-center\" data-align=\"center\">26.8-31.5<\/td>\n<td class=\"has-text-align-center\" data-align=\"center\">26.8-35.4<\/td>\n<td class=\"has-text-align-center\" data-align=\"center\">8.7<\/td>\n<\/tr>\n<tr>\n<td class=\"has-text-align-center\" data-align=\"center\">L<\/td>\n<td class=\"has-text-align-center\" data-align=\"center\">6.7<\/td>\n<td class=\"has-text-align-center\" data-align=\"center\">28.3-38.6<\/td>\n<td class=\"has-text-align-center\" data-align=\"center\">27.6-32.3<\/td>\n<td class=\"has-text-align-center\" data-align=\"center\">28.3-37.0<\/td>\n<td class=\"has-text-align-center\" data-align=\"center\">9.1<\/td>\n<\/tr>\n<\/tbody>\n<\/table>\n<\/figure>","protected":false},"excerpt":{"rendered":"<p>Verw\u00f6hnen Sie sich mit der Opulenz unserer <strong>Feder-Dessous-Set<\/strong>, wo aufwendige Details auf zeitlose Eleganz treffen. Dieses <strong>schwarzes Spitzen-BH-Set mit hoher Taille<\/strong> ist mit Federakzenten geschm\u00fcckt und verbindet Raffinesse mit einer koketten Note.<\/p>","protected":false},"featured_media":50929,"template":"","meta":[],"product_brand":[],"product_cat":[368,369,367],"product_tag":[507,861,875,865],"class_list":{"0":"post-50935","1":"product","2":"type-product","3":"status-publish","4":"has-post-thumbnail","6":"product_cat-bra-panty-set","7":"product_cat-wholesale-lace-bra-and-panty-sets","8":"product_cat-sexy-lingerie","9":"product_tag-three-pcs-set","10":"product_tag-brunette-lingerie","11":"product_tag-lace-sexy-lingerie","12":"product_tag-sexy-skimpy-lingerie","13":"pa_color-black","14":"pa_size-wholesale-large-size-women-sexy-lingerie","15":"pa_size-wholesale-medium-size-women-sexy-lingerie","16":"pa_size-wholesale-small-size-sexy-lingerie","18":"first","19":"instock","20":"taxable","21":"shipping-taxable","22":"purchasable","23":"product-type-variable"},"tiered_pricing_type":"fixed","tiered_pricing_fixed_rules":[],"tiered_pricing_product_settings":{"layout":"table","base_unit_name":{"singular":null,"plural":null},"default_variation":null},"tiered_pricing_minimum_quantity":null,"tiered_pricing_roles_data":[],"tiered_pricing_percentage_rules":[],"tiered_pricing_maximum_quantity":null,"tiered_pricing_quantity_step":null,"_links":{"self":[{"href":"https:\/\/gretasexylingerie.com\/de\/wp-json\/wp\/v2\/product\/50935","targetHints":{"allow":["GET"]}}],"collection":[{"href":"https:\/\/gretasexylingerie.com\/de\/wp-json\/wp\/v2\/product"}],"about":[{"href":"https:\/\/gretasexylingerie.com\/de\/wp-json\/wp\/v2\/types\/product"}],"wp:featuredmedia":[{"embeddable":true,"href":"https:\/\/gretasexylingerie.com\/de\/wp-json\/wp\/v2\/media\/50929"}],"wp:attachment":[{"href":"https:\/\/gretasexylingerie.com\/de\/wp-json\/wp\/v2\/media?parent=50935"}],"wp:term":[{"taxonomy":"product_brand","embeddable":true,"href":"https:\/\/gretasexylingerie.com\/de\/wp-json\/wp\/v2\/product_brand?post=50935"},{"taxonomy":"product_cat","embeddable":true,"href":"https:\/\/gretasexylingerie.com\/de\/wp-json\/wp\/v2\/product_cat?post=50935"},{"taxonomy":"product_tag","embeddable":true,"href":"https:\/\/gretasexylingerie.com\/de\/wp-json\/wp\/v2\/product_tag?post=50935"}],"curies":[{"name":"wp","href":"https:\/\/api.w.org\/{rel}","templated":true}]}}