{"id":50917,"date":"2024-04-20T21:24:47","date_gmt":"2024-04-20T13:24:47","guid":{"rendered":"https:\/\/gretasexylingerie.com\/?post_type=product&#038;p=50917"},"modified":"2024-04-20T21:39:10","modified_gmt":"2024-04-20T13:39:10","slug":"groshandel-nautischer-charme-push-up-bh-und-hoschen-set","status":"publish","type":"product","link":"https:\/\/gretasexylingerie.com\/de\/products\/wholesale-nautical-charm-push-up-bra-and-panties-set\/","title":{"rendered":"Gro\u00dfhandel Nautischer Charme Push-Up BH und H\u00f6schen Set"},"content":{"rendered":"<p><strong>Maritime Eleganz<\/strong>: Der tiefe Marineton dieses <strong>blaues BH-Set<\/strong> erinnert an die Tiefen des Ozeans und vermittelt mit jedem St\u00fcck ein Gef\u00fchl von Geheimnis und Abenteuer.<\/p>\n\n\n\n<p><strong>Auftrieb und Verlockung<\/strong>: Der <strong>Push-Up BH<\/strong> verf\u00fcgt \u00fcber K\u00f6rbchen, die au\u00dfergew\u00f6hnlichen Halt und Form bieten und so unter jedem Kleidungsst\u00fcck f\u00fcr eine atemberaubende Silhouette sorgen.<\/p>\n\n\n\n<p><strong>Bindung der Sch\u00f6nheit<\/strong>: Faszinierend <strong>gebundener BH H\u00f6schen<\/strong> weisen Details im nautischen Stil auf, mit seilartigen B\u00e4ndern, die nur darauf warten, entwirrt zu werden, und so dem Ensemble ein interaktives Element verleihen.<\/p>\n\n\n\n<p><strong>Unterw\u00e4sche als Oberbekleidung<\/strong>: Das Design dieses Sets ist vielseitig genug, um es in mehreren Lagen oder als Einzelst\u00fcck zu tragen. Es passt zu zahlreichen Stilen, vom Boudoir bis zur High Street.<\/p>\n\n\n\n<p><strong>Anspruchsvolle Details<\/strong>: Goldfarbene Beschl\u00e4ge verleihen dem marineblauen Stoff einen Hauch von Klasse, w\u00e4hrend die strategisch platzierten transparenten Eins\u00e4tze ein Spiel aus Enth\u00fcllen und Verbergen erm\u00f6glichen.<\/p>\n\n\n\n<p>Navigieren Sie Ihre Boutique zu neuen Horizonten mit unserem <strong>Push-Up-BH-Unterw\u00e4scheset<\/strong>. Bieten Sie diese maritime Fantasie denjenigen an, die den Reiz des tiefen Blaus sch\u00e4tzen, gepaart mit einem Wunsch nach verspieltem, aber dennoch anspruchsvollem Design. Ab sofort erh\u00e4ltlich \u00fcber unsere <a href=\"https:\/\/gretasexylingerie.com\/de\/dessous-service-zum-mitnehmen\/\">Drop-Shipping-Service<\/a>, dieses Set k\u00f6nnen Sie ohne Mindestbestellwert verschenken. Begeben Sie sich auf den Weg zu erhabener Eleganz und bestellen Sie noch heute.<\/p>\n\n\n\n<figure class=\"wp-block-table\">\n<table>\n<tbody>\n<tr>\n<td class=\"has-text-align-center\" colspan=\"6\" data-align=\"center\"><strong>Gr\u00f6\u00dfentabelle (CM)<\/strong><\/td>\n<\/tr>\n<tr>\n<td class=\"has-text-align-center\" data-align=\"center\"><strong>Gr\u00f6\u00dfe<\/strong><\/td>\n<td class=\"has-text-align-center\" data-align=\"center\"><strong>Brustumfang (cm)<\/strong><\/td>\n<td class=\"has-text-align-center\" data-align=\"center\"><strong>L\u00e4nge (cm)<\/strong><\/td>\n<td class=\"has-text-align-center\" data-align=\"center\"><strong>Taille (cm)<\/strong><\/td>\n<td class=\"has-text-align-center\" data-align=\"center\"><strong>Hosenl\u00e4nge (cm)<\/strong><\/td>\n<td class=\"has-text-align-center\" data-align=\"center\"><strong>Taille des Strumpfbandes (cm)<\/strong><\/td>\n<\/tr>\n<tr>\n<td class=\"has-text-align-center\" data-align=\"center\">S<\/td>\n<td class=\"has-text-align-center\" data-align=\"center\">68-86<\/td>\n<td class=\"has-text-align-center\" data-align=\"center\">15.5<\/td>\n<td class=\"has-text-align-center\" data-align=\"center\">68-96<\/td>\n<td class=\"has-text-align-center\" data-align=\"center\">24.5<\/td>\n<td class=\"has-text-align-center\" data-align=\"center\">64-86<\/td>\n<\/tr>\n<tr>\n<td class=\"has-text-align-center\" data-align=\"center\">M<\/td>\n<td class=\"has-text-align-center\" data-align=\"center\">72-90<\/td>\n<td class=\"has-text-align-center\" data-align=\"center\">16.5<\/td>\n<td class=\"has-text-align-center\" data-align=\"center\">72-100<\/td>\n<td class=\"has-text-align-center\" data-align=\"center\">25.5<\/td>\n<td class=\"has-text-align-center\" data-align=\"center\">68-90<\/td>\n<\/tr>\n<tr>\n<td class=\"has-text-align-center\" data-align=\"center\">L<\/td>\n<td class=\"has-text-align-center\" data-align=\"center\">76-94<\/td>\n<td class=\"has-text-align-center\" data-align=\"center\">17.5<\/td>\n<td class=\"has-text-align-center\" data-align=\"center\">76-104<\/td>\n<td class=\"has-text-align-center\" data-align=\"center\">26.5<\/td>\n<td class=\"has-text-align-center\" data-align=\"center\">72-94<\/td>\n<\/tr>\n<\/tbody>\n<\/table>\n<\/figure>\n\n\n\n<figure class=\"wp-block-table\">\n<table>\n<tbody>\n<tr>\n<td class=\"has-text-align-center\" colspan=\"6\" data-align=\"center\"><strong>Gr\u00f6\u00dfentabelle (Zoll)<\/strong><\/td>\n<\/tr>\n<tr>\n<td class=\"has-text-align-center\" data-align=\"center\"><strong>Gr\u00f6\u00dfe<\/strong><\/td>\n<td class=\"has-text-align-center\" data-align=\"center\"><strong>Brustumfang (in)<\/strong><\/td>\n<td class=\"has-text-align-center\" data-align=\"center\"><strong>L\u00e4nge (Zoll)<\/strong><\/td>\n<td class=\"has-text-align-center\" data-align=\"center\"><strong>Taille (in)<\/strong><\/td>\n<td class=\"has-text-align-center\" data-align=\"center\"><strong>Hosenl\u00e4nge (in)<\/strong><\/td>\n<td class=\"has-text-align-center\" data-align=\"center\"><strong>Taille des Strumpfbandes (in)<\/strong><\/td>\n<\/tr>\n<tr>\n<td class=\"has-text-align-center\" data-align=\"center\">S<\/td>\n<td class=\"has-text-align-center\" data-align=\"center\">26.8-33.9<\/td>\n<td class=\"has-text-align-center\" data-align=\"center\">6.1<\/td>\n<td class=\"has-text-align-center\" data-align=\"center\">26.8-37.8<\/td>\n<td class=\"has-text-align-center\" data-align=\"center\">9.6<\/td>\n<td class=\"has-text-align-center\" data-align=\"center\">25.2-33.9<\/td>\n<\/tr>\n<tr>\n<td class=\"has-text-align-center\" data-align=\"center\">M<\/td>\n<td class=\"has-text-align-center\" data-align=\"center\">28.3-35.4<\/td>\n<td class=\"has-text-align-center\" data-align=\"center\">6.5<\/td>\n<td class=\"has-text-align-center\" data-align=\"center\">28.3-39.4<\/td>\n<td class=\"has-text-align-center\" data-align=\"center\">10.0<\/td>\n<td class=\"has-text-align-center\" data-align=\"center\">26.8-35.4<\/td>\n<\/tr>\n<tr>\n<td class=\"has-text-align-center\" data-align=\"center\">L<\/td>\n<td class=\"has-text-align-center\" data-align=\"center\">29.9-37.0<\/td>\n<td class=\"has-text-align-center\" data-align=\"center\">6.9<\/td>\n<td class=\"has-text-align-center\" data-align=\"center\">29.9-40.9<\/td>\n<td class=\"has-text-align-center\" data-align=\"center\">10.4<\/td>\n<td class=\"has-text-align-center\" data-align=\"center\">28.3-37.0<\/td>\n<\/tr>\n<\/tbody>\n<\/table>\n<\/figure>","protected":false},"excerpt":{"rendered":"<p>Setzen Sie die Segel auf ein Meer voller Stil mit diesem verf\u00fchrerischen <strong>blaues BH-Set<\/strong>, mit einem Push-up-Design, das anhebt und betont. Dieses <strong>gebundener BH H\u00f6schen<\/strong> Kombination ist eine Hommage an Form und Funktion.<\/p>","protected":false},"featured_media":50916,"template":"","meta":[],"product_brand":[],"product_cat":[368,367,375],"product_tag":[868,448,518],"class_list":{"0":"post-50917","1":"product","2":"type-product","3":"status-publish","4":"has-post-thumbnail","6":"product_cat-bra-panty-set","7":"product_cat-sexy-lingerie","8":"product_cat-whoelsale-sheer-bra-and-panty-sets","9":"product_tag-4-piece-lingerie-set","10":"product_tag-wholesale-elegant-sexy-lingerie","11":"product_tag-mesh-lingerie","12":"pa_color-blue-women-sexy-lingerie","13":"pa_size-wholesale-large-size-women-sexy-lingerie","14":"pa_size-wholesale-medium-size-women-sexy-lingerie","15":"pa_size-wholesale-small-size-sexy-lingerie","17":"first","18":"instock","19":"taxable","20":"shipping-taxable","21":"purchasable","22":"product-type-variable"},"tiered_pricing_type":"fixed","tiered_pricing_fixed_rules":[],"tiered_pricing_product_settings":{"layout":"table","base_unit_name":{"singular":null,"plural":null},"default_variation":null},"tiered_pricing_minimum_quantity":null,"tiered_pricing_roles_data":[],"tiered_pricing_percentage_rules":[],"tiered_pricing_maximum_quantity":null,"tiered_pricing_quantity_step":null,"_links":{"self":[{"href":"https:\/\/gretasexylingerie.com\/de\/wp-json\/wp\/v2\/product\/50917","targetHints":{"allow":["GET"]}}],"collection":[{"href":"https:\/\/gretasexylingerie.com\/de\/wp-json\/wp\/v2\/product"}],"about":[{"href":"https:\/\/gretasexylingerie.com\/de\/wp-json\/wp\/v2\/types\/product"}],"wp:featuredmedia":[{"embeddable":true,"href":"https:\/\/gretasexylingerie.com\/de\/wp-json\/wp\/v2\/media\/50916"}],"wp:attachment":[{"href":"https:\/\/gretasexylingerie.com\/de\/wp-json\/wp\/v2\/media?parent=50917"}],"wp:term":[{"taxonomy":"product_brand","embeddable":true,"href":"https:\/\/gretasexylingerie.com\/de\/wp-json\/wp\/v2\/product_brand?post=50917"},{"taxonomy":"product_cat","embeddable":true,"href":"https:\/\/gretasexylingerie.com\/de\/wp-json\/wp\/v2\/product_cat?post=50917"},{"taxonomy":"product_tag","embeddable":true,"href":"https:\/\/gretasexylingerie.com\/de\/wp-json\/wp\/v2\/product_tag?post=50917"}],"curies":[{"name":"wp","href":"https:\/\/api.w.org\/{rel}","templated":true}]}}