{"id":50761,"date":"2024-04-16T16:48:25","date_gmt":"2024-04-16T08:48:25","guid":{"rendered":"https:\/\/gretasexylingerie.com\/?post_type=product&#038;p=50761"},"modified":"2024-04-17T01:50:26","modified_gmt":"2024-04-16T17:50:26","slug":"groshandel-zarter-schatten-transparenter-bh-und-hoschen-set","status":"publish","type":"product","link":"https:\/\/gretasexylingerie.com\/de\/products\/wholesale-delicate-shadow-sheer-bra-and-panty-set\/","title":{"rendered":"Gro\u00dfhandel Delicate Shadow Transparent BH und H\u00f6schen Set"},"content":{"rendered":"<p><strong>Fl\u00fcstern der Spitze<\/strong>: Der <strong>Damen Spitzenunterw\u00e4sche-Sets<\/strong> Wir bieten ein Gleichgewicht aus K\u00fchnheit und Anmut, wobei der feine Spitzenbesatz dem gewagten, transparenten Stoff einen Hauch klassischer Sch\u00f6nheit verleiht.<\/p>\n\n\n\n<p><strong>Kunstvolle Transluzenz<\/strong>: Dieses exquisite Set besteht aus einem transparenten BH und einem H\u00f6schen, die mit der Sichtbarkeit spielen, einen verlockenden Blick gew\u00e4hren und gleichzeitig eine elegante Abdeckung bieten und den Reiz von <strong>h\u00fcbsche Dessous-Sets<\/strong>.<\/p>\n\n\n\n<p><strong>Konturierte Silhouette<\/strong>: Die durchdachte Konstruktion des BHs betont die nat\u00fcrliche Form, w\u00e4hrend das Design des H\u00f6schens streckt und schmeichelt und so f\u00fcr Komfort sorgt, ohne die verf\u00fchrerische Wirkung der Dessous zu beeintr\u00e4chtigen.<\/p>\n\n\n\n<p><strong>Verspielte T\u00fclldetails<\/strong>: Eine kokette T\u00fcllr\u00fcsche verleiht dem Ensemble eine verspielte Note und erzeugt ein dynamisches Zusammenspiel von Texturen und Formen, das sicher verlockend ist.<\/p>\n\n\n\n<p><strong>Der Traum eines jeden Einzelh\u00e4ndlers<\/strong>: Statten Sie Ihre Boutique mit diesem zauberhaften Set aus, das Sie ganz einfach mit unseren <a href=\"https:\/\/gretasexylingerie.com\/de\/dessous-service-zum-mitnehmen\/\">Drop-Shipping-Service<\/a>, bietet den Reiz luxuri\u00f6ser Dessous ohne die Notwendigkeit einer Lagerhaltung.<\/p>\n\n\n\n<p>Laden Sie Ihre Kunden ein, sich in die Eleganz unseres Shadow Sheer BH- und H\u00f6schensets zu h\u00fcllen. Diese Sets sind perfekt f\u00fcr alle, die neben Komfort auch einen Hauch von Geheimnis suchen, denn sie sind eine Leinwand f\u00fcr pers\u00f6nlichen Ausdruck. Kombinieren Sie Greta Sexy Lingerie f\u00fcr Dessous, die in sanftem Fl\u00fcstern von Verf\u00fchrung und Raffinesse sprechen.<\/p>\n\n\n\n<figure class=\"wp-block-table\">\n<table>\n<tbody>\n<tr>\n<td class=\"has-text-align-center\" colspan=\"6\" data-align=\"center\"><strong>Gr\u00f6\u00dfentabelle (CM)<\/strong><\/td>\n<\/tr>\n<tr>\n<td class=\"has-text-align-center\" data-align=\"center\"><strong>Gr\u00f6\u00dfe<\/strong><\/td>\n<td class=\"has-text-align-center\" data-align=\"center\"><strong>Brustumfang (cm)<\/strong><\/td>\n<td class=\"has-text-align-center\" data-align=\"center\"><strong>L\u00e4nge (cm)<\/strong><\/td>\n<td class=\"has-text-align-center\" data-align=\"center\"><strong>Taillenumfang (cm)<\/strong><\/td>\n<td class=\"has-text-align-center\" data-align=\"center\"><strong>Hosenl\u00e4nge (cm)<\/strong><\/td>\n<td class=\"has-text-align-center\" data-align=\"center\"><strong>Taille des Strumpfbandes (cm)<\/strong><\/td>\n<\/tr>\n<tr>\n<td class=\"has-text-align-center\" data-align=\"center\">S<\/td>\n<td class=\"has-text-align-center\" data-align=\"center\">64-90<\/td>\n<td class=\"has-text-align-center\" data-align=\"center\">17<\/td>\n<td class=\"has-text-align-center\" data-align=\"center\">68-90<\/td>\n<td class=\"has-text-align-center\" data-align=\"center\">22<\/td>\n<td class=\"has-text-align-center\" data-align=\"center\">60-86<\/td>\n<\/tr>\n<tr>\n<td class=\"has-text-align-center\" data-align=\"center\">M<\/td>\n<td class=\"has-text-align-center\" data-align=\"center\">68-94<\/td>\n<td class=\"has-text-align-center\" data-align=\"center\">18<\/td>\n<td class=\"has-text-align-center\" data-align=\"center\">72-94<\/td>\n<td class=\"has-text-align-center\" data-align=\"center\">23<\/td>\n<td class=\"has-text-align-center\" data-align=\"center\">64-90<\/td>\n<\/tr>\n<tr>\n<td class=\"has-text-align-center\" data-align=\"center\">L<\/td>\n<td class=\"has-text-align-center\" data-align=\"center\">72-98<\/td>\n<td class=\"has-text-align-center\" data-align=\"center\">19<\/td>\n<td class=\"has-text-align-center\" data-align=\"center\">76-98<\/td>\n<td class=\"has-text-align-center\" data-align=\"center\">24<\/td>\n<td class=\"has-text-align-center\" data-align=\"center\">68-94<\/td>\n<\/tr>\n<\/tbody>\n<\/table>\n<\/figure>","protected":false},"excerpt":{"rendered":"<p>Enth\u00fcllen Sie die Essenz dezenter Sch\u00f6nheit mit diesem <strong>transparente BHs und H\u00f6schen<\/strong> Set, eine perfekte Mischung aus zarter Spitze und transparenter Finesse. Dieses Ensemble ist die Quintessenz von <strong>h\u00fcbsche Dessous-Sets<\/strong>, und verleiht mit jeder Schicht einen Hauch von Eleganz.<\/p>","protected":false},"featured_media":50740,"template":"","meta":[],"product_brand":[],"product_cat":[368,374,367,375],"product_tag":[868,452,541,875,446],"class_list":{"0":"post-50761","1":"product","2":"type-product","3":"status-publish","4":"has-post-thumbnail","6":"product_cat-bra-panty-set","7":"product_cat-wholesale-garter-belt-set","8":"product_cat-sexy-lingerie","9":"product_cat-whoelsale-sheer-bra-and-panty-sets","10":"product_tag-4-piece-lingerie-set","11":"product_tag-wholesale-boudoir-lingerie","12":"product_tag-fishnet-lingerie","13":"product_tag-lace-sexy-lingerie","14":"product_tag-wholesale-sexy-see-through-lingerie","15":"pa_color-black","16":"pa_color-red-women-sexy-lingerie","17":"pa_size-wholesale-large-size-women-sexy-lingerie","18":"pa_size-wholesale-medium-size-women-sexy-lingerie","19":"pa_size-wholesale-small-size-sexy-lingerie","21":"first","22":"instock","23":"taxable","24":"shipping-taxable","25":"purchasable","26":"product-type-variable"},"tiered_pricing_type":"fixed","tiered_pricing_fixed_rules":[],"tiered_pricing_product_settings":{"layout":"table","base_unit_name":{"singular":null,"plural":null},"default_variation":null},"tiered_pricing_minimum_quantity":null,"tiered_pricing_roles_data":[],"tiered_pricing_percentage_rules":[],"tiered_pricing_maximum_quantity":null,"tiered_pricing_quantity_step":null,"_links":{"self":[{"href":"https:\/\/gretasexylingerie.com\/de\/wp-json\/wp\/v2\/product\/50761","targetHints":{"allow":["GET"]}}],"collection":[{"href":"https:\/\/gretasexylingerie.com\/de\/wp-json\/wp\/v2\/product"}],"about":[{"href":"https:\/\/gretasexylingerie.com\/de\/wp-json\/wp\/v2\/types\/product"}],"wp:featuredmedia":[{"embeddable":true,"href":"https:\/\/gretasexylingerie.com\/de\/wp-json\/wp\/v2\/media\/50740"}],"wp:attachment":[{"href":"https:\/\/gretasexylingerie.com\/de\/wp-json\/wp\/v2\/media?parent=50761"}],"wp:term":[{"taxonomy":"product_brand","embeddable":true,"href":"https:\/\/gretasexylingerie.com\/de\/wp-json\/wp\/v2\/product_brand?post=50761"},{"taxonomy":"product_cat","embeddable":true,"href":"https:\/\/gretasexylingerie.com\/de\/wp-json\/wp\/v2\/product_cat?post=50761"},{"taxonomy":"product_tag","embeddable":true,"href":"https:\/\/gretasexylingerie.com\/de\/wp-json\/wp\/v2\/product_tag?post=50761"}],"curies":[{"name":"wp","href":"https:\/\/api.w.org\/{rel}","templated":true}]}}