{"id":50657,"date":"2024-04-16T16:43:07","date_gmt":"2024-04-16T08:43:07","guid":{"rendered":"https:\/\/gretasexylingerie.com\/?post_type=product&#038;p=50657"},"modified":"2024-04-17T01:25:36","modified_gmt":"2024-04-16T17:25:36","slug":"groshandel-lavendel-flustern-transparent-balconette-dessous-set","status":"publish","type":"product","link":"https:\/\/gretasexylingerie.com\/de\/products\/wholesale-lavender-whisper-sheer-balconette-lingerie-set\/","title":{"rendered":"Gro\u00dfhandel Lavendel Whisper Transparent Balconette Dessous Set"},"content":{"rendered":"<p><strong>Blumenfantasie<\/strong>: Das komplizierte, transparente Blumenmuster aus Spitze ziert zart den BH und das H\u00f6schen und bietet einen Hauch von Romantik und Kunstfertigkeit, der den K\u00f6rper in einen Garten \u00e4therischer Sch\u00f6nheit verwandelt.<\/p>\n\n\n\n<p><strong>S\u00fc\u00dfer Lavendelzauber<\/strong>: In einen sanften Lilaton geh\u00fcllt, strahlt dieses Dessous-Set eine ruhige Eleganz aus und erm\u00f6glicht eine verspielte und dennoch gelassene Dessous-Geschichte.<\/p>\n\n\n\n<p><strong>Balconette-Brillianz<\/strong>: Die Struktur des Balconette-BHs bietet eine erhebende Umarmung und betont eine schmeichelhafte Silhouette, w\u00e4hrend er gleichzeitig dem Komfort treu bleibt, den man von luxuri\u00f6ser Unterw\u00e4sche erwartet.<\/p>\n\n\n\n<p><strong>Dezente Transparenz<\/strong>: Das <strong>transparente Dessous mit Blumenmuster<\/strong> Das Set ist ein Beweis f\u00fcr die Faszination des Sichtbaren und Unsichtbaren, wobei sein durchscheinender Stoff wie ein Schleier des Mystischen wirkt.<\/p>\n\n\n\n<p><strong>Ensemble-Exzellenz<\/strong>: Angeboten mit unserem effizienten <a href=\"https:\/\/gretasexylingerie.com\/de\/dessous-service-zum-mitnehmen\/\">Drop-Shipping-Service<\/a>, dieses Set ist ein Kinderspiel zu lagern und erf\u00fcllt den Wunsch Ihrer Kundschaft nach Eleganz ohne die Belastung eines \u00fcbersch\u00fcssigen Lagerbestands.<\/p>\n\n\n\n<p>Erg\u00e4nzen Sie Ihre Sammlung mit dem transparenten Balconette-Dessous-Set \u201eLavender Whisper\u201c und erleben Sie, wie es Ihre W\u00fcnsche wahr werden l\u00e4sst. Wenden Sie sich an Greta Sexy Lingerie, um dieses Set zu erwerben, bei dem jedes Teil durch die Sprache von Spitze und Luxus B\u00e4nde spricht.<\/p>\n\n\n\n<figure class=\"wp-block-table\">\n<table>\n<tbody>\n<tr>\n<td class=\"has-text-align-center\" colspan=\"6\" data-align=\"center\"><strong>Gr\u00f6\u00dfentabelle (CM)<\/strong><\/td>\n<\/tr>\n<tr>\n<td class=\"has-text-align-center\" data-align=\"center\"><strong>Gr\u00f6\u00dfe<\/strong><\/td>\n<td class=\"has-text-align-center\" data-align=\"center\"><strong>Brustumfang (cm)<\/strong><\/td>\n<td class=\"has-text-align-center\" data-align=\"center\"><strong>L\u00e4nge (cm)<\/strong><\/td>\n<td class=\"has-text-align-center\" data-align=\"center\"><strong>Taille (cm)<\/strong><\/td>\n<td class=\"has-text-align-center\" data-align=\"center\"><strong>Hosenl\u00e4nge (cm)<\/strong><\/td>\n<td class=\"has-text-align-center\" data-align=\"center\"><strong>Strumpfband-Taille (cm)<\/strong><\/td>\n<\/tr>\n<tr>\n<td class=\"has-text-align-center\" data-align=\"center\">S<\/td>\n<td class=\"has-text-align-center\" data-align=\"center\">64<\/td>\n<td class=\"has-text-align-center\" data-align=\"center\">13<\/td>\n<td class=\"has-text-align-center\" data-align=\"center\">72<\/td>\n<td class=\"has-text-align-center\" data-align=\"center\">19.5<\/td>\n<td class=\"has-text-align-center\" data-align=\"center\">62<\/td>\n<\/tr>\n<tr>\n<td class=\"has-text-align-center\" data-align=\"center\">M<\/td>\n<td class=\"has-text-align-center\" data-align=\"center\">68<\/td>\n<td class=\"has-text-align-center\" data-align=\"center\">14<\/td>\n<td class=\"has-text-align-center\" data-align=\"center\">76<\/td>\n<td class=\"has-text-align-center\" data-align=\"center\">20.5<\/td>\n<td class=\"has-text-align-center\" data-align=\"center\">64<\/td>\n<\/tr>\n<tr>\n<td class=\"has-text-align-center\" data-align=\"center\">L<\/td>\n<td class=\"has-text-align-center\" data-align=\"center\">72<\/td>\n<td class=\"has-text-align-center\" data-align=\"center\">15<\/td>\n<td class=\"has-text-align-center\" data-align=\"center\">80<\/td>\n<td class=\"has-text-align-center\" data-align=\"center\">21.5<\/td>\n<td class=\"has-text-align-center\" data-align=\"center\">68<\/td>\n<\/tr>\n<\/tbody>\n<\/table>\n<\/figure>\n\n\n\n<figure class=\"wp-block-table\">\n<table>\n<tbody>\n<tr>\n<td class=\"has-text-align-center\" colspan=\"6\" data-align=\"center\"><strong>Gr\u00f6\u00dfentabelle (Zoll)<\/strong><\/td>\n<\/tr>\n<tr>\n<td class=\"has-text-align-center\" data-align=\"center\"><strong>Gr\u00f6\u00dfe<\/strong><\/td>\n<td class=\"has-text-align-center\" data-align=\"center\"><strong>Brustumfang (in)<\/strong><\/td>\n<td class=\"has-text-align-center\" data-align=\"center\"><strong>L\u00e4nge (Zoll)<\/strong><\/td>\n<td class=\"has-text-align-center\" data-align=\"center\"><strong>Taille (in)<\/strong><\/td>\n<td class=\"has-text-align-center\" data-align=\"center\"><strong>Hosenl\u00e4nge (in)<\/strong><\/td>\n<td class=\"has-text-align-center\" data-align=\"center\"><strong>Strumpfband-Taille (in)<\/strong><\/td>\n<\/tr>\n<tr>\n<td class=\"has-text-align-center\" data-align=\"center\">S<\/td>\n<td class=\"has-text-align-center\" data-align=\"center\">25.20<\/td>\n<td class=\"has-text-align-center\" data-align=\"center\">5.12<\/td>\n<td class=\"has-text-align-center\" data-align=\"center\">28.35<\/td>\n<td class=\"has-text-align-center\" data-align=\"center\">7.68<\/td>\n<td class=\"has-text-align-center\" data-align=\"center\">24.41<\/td>\n<\/tr>\n<tr>\n<td class=\"has-text-align-center\" data-align=\"center\">M<\/td>\n<td class=\"has-text-align-center\" data-align=\"center\">26.77<\/td>\n<td class=\"has-text-align-center\" data-align=\"center\">5.51<\/td>\n<td class=\"has-text-align-center\" data-align=\"center\">29.92<\/td>\n<td class=\"has-text-align-center\" data-align=\"center\">8.07<\/td>\n<td class=\"has-text-align-center\" data-align=\"center\">25.20<\/td>\n<\/tr>\n<tr>\n<td class=\"has-text-align-center\" data-align=\"center\">L<\/td>\n<td class=\"has-text-align-center\" data-align=\"center\">28.35<\/td>\n<td class=\"has-text-align-center\" data-align=\"center\">5.91<\/td>\n<td class=\"has-text-align-center\" data-align=\"center\">31.50<\/td>\n<td class=\"has-text-align-center\" data-align=\"center\">8.46<\/td>\n<td class=\"has-text-align-center\" data-align=\"center\">26.77<\/td>\n<\/tr>\n<\/tbody>\n<\/table>\n<\/figure>","protected":false},"excerpt":{"rendered":"<p>Beschw\u00f6ren Sie einen Hauch von Gnade mit unserem <strong>lila BH und Unterw\u00e4sche-Set<\/strong>, mit zarten floralen Details, die auf einer Leinwand aus transparentem Stoff bl\u00fchen. Dieses <strong>Balconette-BH und H\u00f6schen-Set<\/strong> ist eine poetische Mischung aus Halt und Reiz, entworfen f\u00fcr dezente Eleganz.<\/p>","protected":false},"featured_media":50641,"template":"","meta":[],"product_brand":[],"product_cat":[368,369,367],"product_tag":[507,452,528,875,453,865],"class_list":{"0":"post-50657","1":"product","2":"type-product","3":"status-publish","4":"has-post-thumbnail","6":"product_cat-bra-panty-set","7":"product_cat-wholesale-lace-bra-and-panty-sets","8":"product_cat-sexy-lingerie","9":"product_tag-three-pcs-set","10":"product_tag-wholesale-boudoir-lingerie","11":"product_tag-halter-lingerie","12":"product_tag-lace-sexy-lingerie","13":"product_tag-wholesale-sexy-naughty-lingerie","14":"product_tag-sexy-skimpy-lingerie","15":"pa_color-purple-women-sexy-lingerie","16":"pa_size-wholesale-large-size-women-sexy-lingerie","17":"pa_size-wholesale-medium-size-women-sexy-lingerie","18":"pa_size-wholesale-small-size-sexy-lingerie","20":"first","21":"instock","22":"taxable","23":"shipping-taxable","24":"purchasable","25":"product-type-variable"},"tiered_pricing_type":"fixed","tiered_pricing_fixed_rules":[],"tiered_pricing_product_settings":{"layout":"table","base_unit_name":{"singular":null,"plural":null},"default_variation":null},"tiered_pricing_minimum_quantity":null,"tiered_pricing_roles_data":[],"tiered_pricing_percentage_rules":[],"tiered_pricing_maximum_quantity":null,"tiered_pricing_quantity_step":null,"_links":{"self":[{"href":"https:\/\/gretasexylingerie.com\/de\/wp-json\/wp\/v2\/product\/50657","targetHints":{"allow":["GET"]}}],"collection":[{"href":"https:\/\/gretasexylingerie.com\/de\/wp-json\/wp\/v2\/product"}],"about":[{"href":"https:\/\/gretasexylingerie.com\/de\/wp-json\/wp\/v2\/types\/product"}],"wp:featuredmedia":[{"embeddable":true,"href":"https:\/\/gretasexylingerie.com\/de\/wp-json\/wp\/v2\/media\/50641"}],"wp:attachment":[{"href":"https:\/\/gretasexylingerie.com\/de\/wp-json\/wp\/v2\/media?parent=50657"}],"wp:term":[{"taxonomy":"product_brand","embeddable":true,"href":"https:\/\/gretasexylingerie.com\/de\/wp-json\/wp\/v2\/product_brand?post=50657"},{"taxonomy":"product_cat","embeddable":true,"href":"https:\/\/gretasexylingerie.com\/de\/wp-json\/wp\/v2\/product_cat?post=50657"},{"taxonomy":"product_tag","embeddable":true,"href":"https:\/\/gretasexylingerie.com\/de\/wp-json\/wp\/v2\/product_tag?post=50657"}],"curies":[{"name":"wp","href":"https:\/\/api.w.org\/{rel}","templated":true}]}}