{"id":50591,"date":"2024-04-16T16:39:38","date_gmt":"2024-04-16T08:39:38","guid":{"rendered":"https:\/\/gretasexylingerie.com\/?post_type=product&#038;p=50591"},"modified":"2024-04-17T01:07:02","modified_gmt":"2024-04-16T17:07:02","slug":"groshandel-intrigen-spitzen-bh-und-straps-dessous-trio","status":"publish","type":"product","link":"https:\/\/gretasexylingerie.com\/de\/products\/wholesale-intrigue-lace-bra-and-suspender-lingerie-trio\/","title":{"rendered":"Gro\u00dfhandel Intrigue Spitzen-BH und Straps-Dessous-Trio"},"content":{"rendered":"<p><strong>Elegante Spitzenarbeit<\/strong>: Der BH und das H\u00f6schen sind mit hochwertiger Spitze verziert und bieten ein luxuri\u00f6ses Gef\u00fchl und einen aufwendigen optischen Reiz. Die pr\u00e4zisen Muster und zarten gewellten Kanten dieses <strong>Spitzenunterw\u00e4sche und BH-Set<\/strong> betonen Sch\u00f6nheit und Raffinesse.<\/p>\n\n\n\n<p><strong>Koordinierte Gnade<\/strong>: Ein passender Strumpfg\u00fcrtel erg\u00e4nzt das Set. Seine verstellbaren Riemen halten alles an Ort und Stelle und verleihen dem Ensemble eine zus\u00e4tzliche, reizvolle Dimension.<\/p>\n\n\n\n<p><strong>Trio des Charmes<\/strong>: Als ein <strong>dreiteilige Dessous<\/strong> Set bietet es einen kompletten Look, der harmonisch und durchdacht gestaltet ist, von den st\u00fctzenden B\u00fcgel-Cups bis zum schmeichelnden Strumpfhalter mit hoher Taille.<\/p>\n\n\n\n<p><strong>Zeitloser Reiz<\/strong>: Das klassische schwarze Farbschema und das zeitlose Design machen dieses Set zu einem Grundbestandteil jeder Dessous-Kollektion, perfekt f\u00fcr besondere Anl\u00e4sse oder um dem Alltag einen Hauch von Luxus zu verleihen.<\/p>\n\n\n\n<p><strong>Nahtlose Integration<\/strong>: Erh\u00e4ltlich \u00fcber unsere <a href=\"https:\/\/gretasexylingerie.com\/de\/dessous-service-zum-mitnehmen\/\">Drop-Shipping-Service<\/a>Dieses Set vereint Komfort und Klasse. Einzelh\u00e4ndler k\u00f6nnen dieses exquisite Trio anbieten, ohne sich um Lagerbest\u00e4nde oder Mindestbestellmengen sorgen zu m\u00fcssen.<\/p>\n\n\n\n<p>Stellen Sie mit dem Intrigue Spitzen-BH und dem Straps-Dessous-Trio eine Reihe exquisiter Geschmacksrichtungen zusammen und bieten Sie Ihren Kunden den ultimativen Dessous-Luxus. Dieses Set eignet sich perfekt als Geschenk oder f\u00fcr den pers\u00f6nlichen Genuss und wird zum Highlight in der Garderobe jeder Dessous-Liebhaberin. Kombinieren Sie es mit Greta Sexy Lingerie f\u00fcr m\u00fchelose Eleganz und unvergleichlichen Stil.<\/p>\n\n\n\n<figure class=\"wp-block-table\"><table><tbody><tr><td colspan=\"6\"><strong>Gr\u00f6\u00dfentabelle (CM)<\/strong><\/td><\/tr><tr><td><strong>Gr\u00f6\u00dfe<\/strong><\/td><td><strong>Brustumfang (cm)<\/strong><\/td><td><strong>L\u00e4nge (cm)<\/strong><\/td><td><strong>Taille (cm)<\/strong><\/td><td><strong>Hosenl\u00e4nge (cm)<\/strong><\/td><td><strong>Taille des Strumpfbandes (cm)<\/strong><\/td><\/tr><tr><td>S<\/td><td>66-86<\/td><td>14<\/td><td>68-96<\/td><td>23<\/td><td>62-86<\/td><\/tr><tr><td>M<\/td><td>70-90<\/td><td>15<\/td><td>72-100<\/td><td>24<\/td><td>66-90<\/td><\/tr><tr><td>L<\/td><td>74-94<\/td><td>16<\/td><td>76-104<\/td><td>25<\/td><td>70-94<\/td><\/tr><\/tbody><\/table><\/figure>\n\n\n\n<figure class=\"wp-block-table\"><table><tbody><tr><td colspan=\"6\"><strong>Gr\u00f6\u00dfentabelle (Zoll)<\/strong><\/td><\/tr><tr><td><strong>Gr\u00f6\u00dfe<\/strong><\/td><td><strong>Brustumfang (in)<\/strong><\/td><td><strong>L\u00e4nge (Zoll)<\/strong><\/td><td><strong>Taille (in)<\/strong><\/td><td><strong>Hosenl\u00e4nge (in)<\/strong><\/td><td><strong>Taille des Strumpfbandes (in)<\/strong><\/td><\/tr><tr><td>S<\/td><td>26-33.9<\/td><td>5.5<\/td><td>26.8-37.8<\/td><td>9.1<\/td><td>24.4-33.9<\/td><\/tr><tr><td>M<\/td><td>27.6-35.4<\/td><td>5.9<\/td><td>28.3-39.4<\/td><td>9.4<\/td><td>26-35.4<\/td><\/tr><tr><td>L<\/td><td>29.1-37<\/td><td>6.3<\/td><td>29.9-41<\/td><td>9.8<\/td><td>27.6-37<\/td><\/tr><\/tbody><\/table><\/figure>","protected":false},"excerpt":{"rendered":"<p>Treten Sie ein in eine Welt der raffinierten Sinnlichkeit mit unserem <strong>Spitzenunterw\u00e4sche und BH-Set<\/strong>Dieses exquisite <strong>dreiteilige Dessous<\/strong> Die Kollektion, komplett mit Strumpfg\u00fcrtel, ist f\u00fcr alle gedacht, die Eleganz in jeder Schicht zu sch\u00e4tzen wissen.<\/p>","protected":false},"featured_media":50583,"template":"","meta":[],"product_brand":[],"product_cat":[368,369,367],"product_tag":[507,452,861,875,865],"class_list":{"0":"post-50591","1":"product","2":"type-product","3":"status-publish","4":"has-post-thumbnail","6":"product_cat-bra-panty-set","7":"product_cat-wholesale-lace-bra-and-panty-sets","8":"product_cat-sexy-lingerie","9":"product_tag-three-pcs-set","10":"product_tag-wholesale-boudoir-lingerie","11":"product_tag-brunette-lingerie","12":"product_tag-lace-sexy-lingerie","13":"product_tag-sexy-skimpy-lingerie","14":"pa_color-black","15":"pa_size-wholesale-large-size-women-sexy-lingerie","16":"pa_size-wholesale-medium-size-women-sexy-lingerie","17":"pa_size-wholesale-small-size-sexy-lingerie","19":"first","20":"instock","21":"taxable","22":"shipping-taxable","23":"purchasable","24":"product-type-variable"},"tiered_pricing_type":"fixed","tiered_pricing_fixed_rules":[],"tiered_pricing_product_settings":{"layout":"table","base_unit_name":{"singular":null,"plural":null},"default_variation":null},"tiered_pricing_minimum_quantity":null,"tiered_pricing_roles_data":[],"tiered_pricing_percentage_rules":[],"tiered_pricing_maximum_quantity":null,"tiered_pricing_quantity_step":null,"_links":{"self":[{"href":"https:\/\/gretasexylingerie.com\/de\/wp-json\/wp\/v2\/product\/50591","targetHints":{"allow":["GET"]}}],"collection":[{"href":"https:\/\/gretasexylingerie.com\/de\/wp-json\/wp\/v2\/product"}],"about":[{"href":"https:\/\/gretasexylingerie.com\/de\/wp-json\/wp\/v2\/types\/product"}],"wp:featuredmedia":[{"embeddable":true,"href":"https:\/\/gretasexylingerie.com\/de\/wp-json\/wp\/v2\/media\/50583"}],"wp:attachment":[{"href":"https:\/\/gretasexylingerie.com\/de\/wp-json\/wp\/v2\/media?parent=50591"}],"wp:term":[{"taxonomy":"product_brand","embeddable":true,"href":"https:\/\/gretasexylingerie.com\/de\/wp-json\/wp\/v2\/product_brand?post=50591"},{"taxonomy":"product_cat","embeddable":true,"href":"https:\/\/gretasexylingerie.com\/de\/wp-json\/wp\/v2\/product_cat?post=50591"},{"taxonomy":"product_tag","embeddable":true,"href":"https:\/\/gretasexylingerie.com\/de\/wp-json\/wp\/v2\/product_tag?post=50591"}],"curies":[{"name":"wp","href":"https:\/\/api.w.org\/{rel}","templated":true}]}}