{"id":50573,"date":"2024-04-16T16:38:35","date_gmt":"2024-04-16T08:38:35","guid":{"rendered":"https:\/\/gretasexylingerie.com\/?post_type=product&#038;p=50573"},"modified":"2024-04-17T00:54:38","modified_gmt":"2024-04-16T16:54:38","slug":"groshandel-mitternachtspolka-dot-spitze-chemise-set","status":"publish","type":"product","link":"https:\/\/gretasexylingerie.com\/de\/products\/wholesale-midnight-polka-dot-lace-chemise-set\/","title":{"rendered":"Gro\u00dfhandel Midnight Polka Dot Lace Chemise Set"},"content":{"rendered":"<p><strong>Gesprenkelte Raffinesse<\/strong>: Dieses Hemd zeigt ein bezauberndes Tupfenmuster, das \u00fcber einen transparenten Hintergrund verstreut ist und dem klassischen <strong>schwarzes Hemd<\/strong>.<\/p>\n\n\n\n<p><strong>Spitzenumarmung<\/strong>: Lange, mit Spitze verzierte \u00c4rmel fallen anmutig und verleihen einen Hauch von Eleganz und eine weiche Textur, die einen sch\u00f6nen Kontrast zum transparenten Stoff des Hemdes bildet.<\/p>\n\n\n\n<p><strong>Feminines Flair<\/strong>: Das taillierte Oberteil geht in einen zarten Rock \u00fcber und erm\u00f6glicht so eine Silhouette, die sowohl schmeichelhaft als auch frei ist und in jedem Detail die Essenz der Weiblichkeit verk\u00f6rpert.<\/p>\n\n\n\n<p><strong>Vielseitige F\u00fcchsin<\/strong>: Ob als intime Schicht oder als verf\u00fchrerisches Einzelst\u00fcck, dieses Hemdchen-Set passt sich dem Anlass an und gew\u00e4hrleistet neben seinem atemberaubenden Design Vielseitigkeit.<\/p>\n\n\n\n<p><strong>Nahtlose Partnerschaft<\/strong>: Dieses Dessous-Set ist bereit, in Ihr Sortiment aufgenommen zu werden und kommt zu Ihnen \u00fcber unseren <a href=\"https:\/\/gretasexylingerie.com\/de\/dessous-service-zum-mitnehmen\/\">Drop-Shipping-Service<\/a>, sodass Sie es Ihren Kunden ganz einfach anbieten k\u00f6nnen, ohne sich um Mindestbestellmengen k\u00fcmmern zu m\u00fcssen.<\/p>\n\n\n\n<p>Verleihen Sie Ihrer Auswahl mit unserem Midnight Polka Dot Lace Chemise Set einen Hauch verspielter Eleganz. Es ist die perfekte Mischung aus Bedeckung und Enth\u00fcllung, entworfen f\u00fcr alle, die ihre Reize gerne in Schichten auftragen. Wenden Sie sich noch heute an Greta Sexy Lingerie und lassen Sie uns Ihnen helfen, den Abenden Ihrer Kunden einen Hauch skurriler Raffinesse zu verleihen.<\/p>\n\n\n\n<figure class=\"wp-block-table\">\n<table>\n<tbody>\n<tr>\n<td class=\"has-text-align-center\" colspan=\"4\" data-align=\"center\"><strong>Gr\u00f6\u00dfentabelle (CM)<\/strong><\/td>\n<\/tr>\n<tr>\n<td class=\"has-text-align-center\" data-align=\"center\"><strong>Gr\u00f6\u00dfe<\/strong><\/td>\n<td class=\"has-text-align-center\" data-align=\"center\"><strong>Brustumfang (cm)<\/strong><\/td>\n<td class=\"has-text-align-center\" data-align=\"center\"><strong>L\u00e4nge (cm)<\/strong><\/td>\n<td class=\"has-text-align-center\" data-align=\"center\"><strong>Taille (cm)<\/strong><\/td>\n<\/tr>\n<tr>\n<td class=\"has-text-align-center\" data-align=\"center\">S<\/td>\n<td class=\"has-text-align-center\" data-align=\"center\">64<\/td>\n<td class=\"has-text-align-center\" data-align=\"center\">50<\/td>\n<td class=\"has-text-align-center\" data-align=\"center\">68<\/td>\n<\/tr>\n<tr>\n<td class=\"has-text-align-center\" data-align=\"center\">M<\/td>\n<td class=\"has-text-align-center\" data-align=\"center\">68<\/td>\n<td class=\"has-text-align-center\" data-align=\"center\">51<\/td>\n<td class=\"has-text-align-center\" data-align=\"center\">72<\/td>\n<\/tr>\n<tr>\n<td class=\"has-text-align-center\" data-align=\"center\">L<\/td>\n<td class=\"has-text-align-center\" data-align=\"center\">72<\/td>\n<td class=\"has-text-align-center\" data-align=\"center\">52<\/td>\n<td class=\"has-text-align-center\" data-align=\"center\">76<\/td>\n<\/tr>\n<\/tbody>\n<\/table>\n<\/figure>\n\n\n\n<figure class=\"wp-block-table\">\n<table>\n<tbody>\n<tr>\n<td class=\"has-text-align-center\" colspan=\"4\" data-align=\"center\"><strong>Gr\u00f6\u00dfentabelle (Zoll)<\/strong><\/td>\n<\/tr>\n<tr>\n<td class=\"has-text-align-center\" data-align=\"center\"><strong>Gr\u00f6\u00dfe<\/strong><\/td>\n<td class=\"has-text-align-center\" data-align=\"center\"><strong>Brustumfang (in)<\/strong><\/td>\n<td class=\"has-text-align-center\" data-align=\"center\"><strong>L\u00e4nge (Zoll)<\/strong><\/td>\n<td class=\"has-text-align-center\" data-align=\"center\"><strong>Taille (in)<\/strong><\/td>\n<\/tr>\n<tr>\n<td class=\"has-text-align-center\" data-align=\"center\">S<\/td>\n<td class=\"has-text-align-center\" data-align=\"center\">25.20<\/td>\n<td class=\"has-text-align-center\" data-align=\"center\">19.69<\/td>\n<td class=\"has-text-align-center\" data-align=\"center\">26.77<\/td>\n<\/tr>\n<tr>\n<td class=\"has-text-align-center\" data-align=\"center\">M<\/td>\n<td class=\"has-text-align-center\" data-align=\"center\">26.77<\/td>\n<td class=\"has-text-align-center\" data-align=\"center\">20.08<\/td>\n<td class=\"has-text-align-center\" data-align=\"center\">28.35<\/td>\n<\/tr>\n<tr>\n<td class=\"has-text-align-center\" data-align=\"center\">L<\/td>\n<td class=\"has-text-align-center\" data-align=\"center\">28.35<\/td>\n<td class=\"has-text-align-center\" data-align=\"center\">20.47<\/td>\n<td class=\"has-text-align-center\" data-align=\"center\">29.92<\/td>\n<\/tr>\n<\/tbody>\n<\/table>\n<\/figure>","protected":false},"excerpt":{"rendered":"<p>H\u00fcllen Sie sich in das Geheimnis der Nacht ein mit diesem <strong>schwarzes Unterhemd lang<\/strong> Set. Mit verspielten Punkten und umh\u00fcllender Spitze verziert, ist dieses <strong>lang\u00e4rmliges Spitzenhemd<\/strong> bietet einen koketten Reiz, der zeitlos ist<\/p>","protected":false},"featured_media":50559,"template":"","meta":[],"product_brand":[],"product_cat":[394,422,367],"product_tag":[507,446,866,865],"class_list":{"0":"post-50573","1":"product","2":"type-product","3":"status-publish","4":"has-post-thumbnail","6":"product_cat-wholesale-mesh-chemise","7":"product_cat-sexy-chemise","8":"product_cat-sexy-lingerie","9":"product_tag-three-pcs-set","10":"product_tag-wholesale-sexy-see-through-lingerie","11":"product_tag-sexy-romper-lingerie","12":"product_tag-sexy-skimpy-lingerie","13":"pa_color-black","14":"pa_size-wholesale-large-size-women-sexy-lingerie","15":"pa_size-wholesale-medium-size-women-sexy-lingerie","16":"pa_size-wholesale-small-size-sexy-lingerie","18":"first","19":"instock","20":"taxable","21":"shipping-taxable","22":"purchasable","23":"product-type-variable"},"tiered_pricing_type":"fixed","tiered_pricing_fixed_rules":[],"tiered_pricing_product_settings":{"layout":"table","base_unit_name":{"singular":null,"plural":null},"default_variation":null},"tiered_pricing_minimum_quantity":null,"tiered_pricing_roles_data":[],"tiered_pricing_percentage_rules":[],"tiered_pricing_maximum_quantity":null,"tiered_pricing_quantity_step":null,"_links":{"self":[{"href":"https:\/\/gretasexylingerie.com\/de\/wp-json\/wp\/v2\/product\/50573","targetHints":{"allow":["GET"]}}],"collection":[{"href":"https:\/\/gretasexylingerie.com\/de\/wp-json\/wp\/v2\/product"}],"about":[{"href":"https:\/\/gretasexylingerie.com\/de\/wp-json\/wp\/v2\/types\/product"}],"wp:featuredmedia":[{"embeddable":true,"href":"https:\/\/gretasexylingerie.com\/de\/wp-json\/wp\/v2\/media\/50559"}],"wp:attachment":[{"href":"https:\/\/gretasexylingerie.com\/de\/wp-json\/wp\/v2\/media?parent=50573"}],"wp:term":[{"taxonomy":"product_brand","embeddable":true,"href":"https:\/\/gretasexylingerie.com\/de\/wp-json\/wp\/v2\/product_brand?post=50573"},{"taxonomy":"product_cat","embeddable":true,"href":"https:\/\/gretasexylingerie.com\/de\/wp-json\/wp\/v2\/product_cat?post=50573"},{"taxonomy":"product_tag","embeddable":true,"href":"https:\/\/gretasexylingerie.com\/de\/wp-json\/wp\/v2\/product_tag?post=50573"}],"curies":[{"name":"wp","href":"https:\/\/api.w.org\/{rel}","templated":true}]}}