{"id":50555,"date":"2024-04-16T16:37:39","date_gmt":"2024-04-16T08:37:39","guid":{"rendered":"https:\/\/gretasexylingerie.com\/?post_type=product&#038;p=50555"},"modified":"2024-04-17T00:50:42","modified_gmt":"2024-04-16T16:50:42","slug":"groshandel-allure-bh-und-hoschen-dessous-set","status":"publish","type":"product","link":"https:\/\/gretasexylingerie.com\/de\/products\/wholesale-allure-bra-and-panty-lingerie-set\/","title":{"rendered":"Gro\u00dfhandel Allure Shadow BH und H\u00f6schen Dessous Set"},"content":{"rendered":"<p><strong>Markante Silhouette<\/strong>: Die scharfen Kontraste in diesem Dessous-Set betonen eine Figur, die unm\u00f6glich zu \u00fcbersehen ist. Die <strong>hei\u00dfer und sexy BH-H\u00f6schen<\/strong> Das Paar ist mit seinen formenden Tr\u00e4gern und den transparenten Eins\u00e4tzen, die den Blick freigeben, ein mutiges Statement.<\/p>\n\n\n\n<p><strong>\u00c4therische Verzierungen<\/strong>: Mit einzigartigen Applikationsdetails geschm\u00fcckt, verwandelt dieses Set das traditionelle <strong>wei\u00dfes H\u00f6schen und BH-Set<\/strong> in ein modernes Meisterwerk, das Ihrer Dessous-Auswahl eine verspielte und doch provokante Note verleiht.<\/p>\n\n\n\n<p><strong>Durchscheinende Versuchung<\/strong>: Die Transparenz dieses Ensembles wurde mit einem Bekenntnis zu Eleganz und Spannung gefertigt. Sie l\u00e4dt zum Staunen ein und verleiht einem klassischen Dessous-Look ein unerwartetes Element.<\/p>\n\n\n\n<p><strong>Mit Eleganz verziert<\/strong>: Jedes St\u00fcck ist mit Zierborten eingefasst, die ein komplexes Spiel von Schatten und Licht darstellen und dieses <strong>BH und H\u00f6schen transparent<\/strong> Treffen Sie f\u00fcr jeden intimen Anlass eine bezaubernde Wahl.<\/p>\n\n\n\n<p><strong>Einzelhandelsreife Raffinesse<\/strong>: Bieten Sie dieses Dessous-Set mit Vertrauen an, in dem Wissen, dass jede Bestellung durch unsere <a href=\"https:\/\/gretasexylingerie.com\/de\/dessous-service-zum-mitnehmen\/\">Drop-Shipping-Service<\/a>. Da keine Mindestbestellmenge erforderlich ist, ist es eine m\u00fchelose Erg\u00e4nzung Ihrer anspruchsvollen Kollektion an Dessous.<\/p>\n\n\n\n<p>Laden Sie Ihre Kunden ein, ihre innere F\u00fcchsin mit dem Allure Shadow Set zu enth\u00fcllen, bei dem jedes Detail ein Hauch von Verlangen ist. F\u00fcgen Sie diese Dessous zu Ihrem Angebot hinzu und beobachten Sie, wie Ihre Kundschaft die transformative Kraft purer Eleganz annimmt. Nehmen Sie Kontakt mit Greta Sexy Lingerie auf, um noch heute mit der Transformation zu beginnen.<\/p>\n\n\n\n<figure class=\"wp-block-table is-style-stripes\"><table class=\"has-fixed-layout\"><tbody><tr><td class=\"has-text-align-center\" data-align=\"center\" colspan=\"8\"><strong>Gr\u00f6\u00dfentabelle (CM)<\/strong><\/td><\/tr><tr><td class=\"has-text-align-center\" data-align=\"center\"><strong>Gr\u00f6\u00dfe<\/strong><\/td><td class=\"has-text-align-center\" data-align=\"center\"><strong>Schulter (cm)<\/strong><\/td><td class=\"has-text-align-center\" data-align=\"center\"><strong>Tassenh\u00f6he (cm)<\/strong><\/td><td class=\"has-text-align-center\" data-align=\"center\"><strong>Unterbrustumfang (cm)<\/strong><\/td><td class=\"has-text-align-center\" data-align=\"center\"><strong>H\u00f6schentaille (cm)<\/strong><\/td><td class=\"has-text-align-center\" data-align=\"center\"><strong>H\u00f6schenl\u00e4nge (cm)<\/strong><\/td><td class=\"has-text-align-center\" data-align=\"center\"><strong>Taille (cm)<\/strong><\/td><td class=\"has-text-align-center\" data-align=\"center\"><strong>Beinschlaufe (cm)<\/strong><\/td><\/tr><tr><td class=\"has-text-align-center\" data-align=\"center\">S<\/td><td class=\"has-text-align-center\" data-align=\"center\">33<\/td><td class=\"has-text-align-center\" data-align=\"center\">13.5<\/td><td class=\"has-text-align-center\" data-align=\"center\">69-86<\/td><td class=\"has-text-align-center\" data-align=\"center\">70-98<\/td><td class=\"has-text-align-center\" data-align=\"center\">20<\/td><td class=\"has-text-align-center\" data-align=\"center\">62-86<\/td><td class=\"has-text-align-center\" data-align=\"center\">46<\/td><\/tr><tr><td class=\"has-text-align-center\" data-align=\"center\">M<\/td><td class=\"has-text-align-center\" data-align=\"center\">33<\/td><td class=\"has-text-align-center\" data-align=\"center\">14.5<\/td><td class=\"has-text-align-center\" data-align=\"center\">73-90<\/td><td class=\"has-text-align-center\" data-align=\"center\">74-102<\/td><td class=\"has-text-align-center\" data-align=\"center\">21<\/td><td class=\"has-text-align-center\" data-align=\"center\">66-90<\/td><td class=\"has-text-align-center\" data-align=\"center\">48<\/td><\/tr><tr><td class=\"has-text-align-center\" data-align=\"center\">L<\/td><td class=\"has-text-align-center\" data-align=\"center\">33<\/td><td class=\"has-text-align-center\" data-align=\"center\">15.5<\/td><td class=\"has-text-align-center\" data-align=\"center\">77-94<\/td><td class=\"has-text-align-center\" data-align=\"center\">78-106<\/td><td class=\"has-text-align-center\" data-align=\"center\">22<\/td><td class=\"has-text-align-center\" data-align=\"center\">70-94<\/td><td class=\"has-text-align-center\" data-align=\"center\">50<\/td><\/tr><\/tbody><\/table><\/figure>\n\n\n\n<figure class=\"wp-block-table\"><table><tbody><tr><td class=\"has-text-align-center\" data-align=\"center\" colspan=\"8\"><strong>Gr\u00f6\u00dfentabelle (Zoll)<\/strong><\/td><\/tr><tr><td class=\"has-text-align-center\" data-align=\"center\"><strong>Gr\u00f6\u00dfe<\/strong><\/td><td class=\"has-text-align-center\" data-align=\"center\"><strong>Schulter (in)<\/strong><\/td><td class=\"has-text-align-center\" data-align=\"center\"><strong>Tassenh\u00f6he (Zoll)<\/strong><\/td><td class=\"has-text-align-center\" data-align=\"center\"><strong>Unter der Brust (in)<\/strong><\/td><td class=\"has-text-align-center\" data-align=\"center\"><strong>H\u00f6schen Taille (Zoll)<\/strong><\/td><td class=\"has-text-align-center\" data-align=\"center\"><strong>H\u00f6schenl\u00e4nge (Zoll)<\/strong><\/td><td class=\"has-text-align-center\" data-align=\"center\"><strong>Taille (in)<\/strong><\/td><td class=\"has-text-align-center\" data-align=\"center\"><strong>Beinschlaufe (innen)<\/strong><\/td><\/tr><tr><td class=\"has-text-align-center\" data-align=\"center\">S<\/td><td class=\"has-text-align-center\" data-align=\"center\">13<\/td><td class=\"has-text-align-center\" data-align=\"center\">5.31<\/td><td class=\"has-text-align-center\" data-align=\"center\">27.17-33.86<\/td><td class=\"has-text-align-center\" data-align=\"center\">27.56-38.58<\/td><td class=\"has-text-align-center\" data-align=\"center\">7.87<\/td><td class=\"has-text-align-center\" data-align=\"center\">24.41-33.86<\/td><td class=\"has-text-align-center\" data-align=\"center\">18.11<\/td><\/tr><tr><td class=\"has-text-align-center\" data-align=\"center\">M<\/td><td class=\"has-text-align-center\" data-align=\"center\">13<\/td><td class=\"has-text-align-center\" data-align=\"center\">5.71<\/td><td class=\"has-text-align-center\" data-align=\"center\">28.74-37.01<\/td><td class=\"has-text-align-center\" data-align=\"center\">29.13-40.16<\/td><td class=\"has-text-align-center\" data-align=\"center\">8.27<\/td><td class=\"has-text-align-center\" data-align=\"center\">25.98-35.43<\/td><td class=\"has-text-align-center\" data-align=\"center\">18.90<\/td><\/tr><tr><td class=\"has-text-align-center\" data-align=\"center\">L<\/td><td class=\"has-text-align-center\" data-align=\"center\">13<\/td><td class=\"has-text-align-center\" data-align=\"center\">6.10<\/td><td class=\"has-text-align-center\" data-align=\"center\">30.31-37.01<\/td><td class=\"has-text-align-center\" data-align=\"center\">30.71-41.73<\/td><td class=\"has-text-align-center\" data-align=\"center\">8.66<\/td><td class=\"has-text-align-center\" data-align=\"center\">27.56-37.01<\/td><td class=\"has-text-align-center\" data-align=\"center\">19.69<\/td><\/tr><\/tbody><\/table><\/figure>\n\n\n\n<p><\/p>","protected":false},"excerpt":{"rendered":"<p>Erleben Sie die Essenz der Verf\u00fchrung mit unserem <strong>BH und H\u00f6schen transparent<\/strong> Set, eine exquisite Verbindung aus kr\u00e4ftigen Linien und feinen Details. Dieses <strong>wei\u00dfes H\u00f6schen und BH-Set<\/strong> ist f\u00fcr diejenigen gedacht, die es wagen zu blenden und sich an der Kunst der Verf\u00fchrung erfreuen.<\/p>","protected":false},"featured_media":50545,"template":"","meta":[],"product_brand":[],"product_cat":[368,367,375],"product_tag":[507,518,446,865],"class_list":{"0":"post-50555","1":"product","2":"type-product","3":"status-publish","4":"has-post-thumbnail","6":"product_cat-bra-panty-set","7":"product_cat-sexy-lingerie","8":"product_cat-whoelsale-sheer-bra-and-panty-sets","9":"product_tag-three-pcs-set","10":"product_tag-mesh-lingerie","11":"product_tag-wholesale-sexy-see-through-lingerie","12":"product_tag-sexy-skimpy-lingerie","13":"pa_color-black","14":"pa_size-wholesale-large-size-women-sexy-lingerie","15":"pa_size-wholesale-medium-size-women-sexy-lingerie","16":"pa_size-wholesale-small-size-sexy-lingerie","18":"first","19":"instock","20":"taxable","21":"shipping-taxable","22":"purchasable","23":"product-type-variable"},"tiered_pricing_type":"fixed","tiered_pricing_fixed_rules":[],"tiered_pricing_product_settings":{"layout":"table","base_unit_name":{"singular":null,"plural":null},"default_variation":null},"tiered_pricing_minimum_quantity":null,"tiered_pricing_roles_data":[],"tiered_pricing_percentage_rules":[],"tiered_pricing_maximum_quantity":null,"tiered_pricing_quantity_step":null,"_links":{"self":[{"href":"https:\/\/gretasexylingerie.com\/de\/wp-json\/wp\/v2\/product\/50555","targetHints":{"allow":["GET"]}}],"collection":[{"href":"https:\/\/gretasexylingerie.com\/de\/wp-json\/wp\/v2\/product"}],"about":[{"href":"https:\/\/gretasexylingerie.com\/de\/wp-json\/wp\/v2\/types\/product"}],"wp:featuredmedia":[{"embeddable":true,"href":"https:\/\/gretasexylingerie.com\/de\/wp-json\/wp\/v2\/media\/50545"}],"wp:attachment":[{"href":"https:\/\/gretasexylingerie.com\/de\/wp-json\/wp\/v2\/media?parent=50555"}],"wp:term":[{"taxonomy":"product_brand","embeddable":true,"href":"https:\/\/gretasexylingerie.com\/de\/wp-json\/wp\/v2\/product_brand?post=50555"},{"taxonomy":"product_cat","embeddable":true,"href":"https:\/\/gretasexylingerie.com\/de\/wp-json\/wp\/v2\/product_cat?post=50555"},{"taxonomy":"product_tag","embeddable":true,"href":"https:\/\/gretasexylingerie.com\/de\/wp-json\/wp\/v2\/product_tag?post=50555"}],"curies":[{"name":"wp","href":"https:\/\/api.w.org\/{rel}","templated":true}]}}