{"id":50473,"date":"2024-04-16T16:32:06","date_gmt":"2024-04-16T08:32:06","guid":{"rendered":"https:\/\/gretasexylingerie.com\/?post_type=product&#038;p=50473"},"modified":"2024-04-17T00:26:09","modified_gmt":"2024-04-16T16:26:09","slug":"groshandel-sunburst-floral-bestickte-spitze-korsett-set","status":"publish","type":"product","link":"https:\/\/gretasexylingerie.com\/de\/products\/wholesale-sunburst-floral-embroidered-lace-corset-set\/","title":{"rendered":"Gro\u00dfhandel Sunburst Floral bestickte Spitze Korsett Set"},"content":{"rendered":"<p><strong>Lebendige Eleganz<\/strong>: Das Korsettoberteil bl\u00fcht mit \u00fcppiger Blumenstickerei und wirft einen \u00fcppigen Farbgarten vor einem sonnenverw\u00f6hnten gelben Hintergrund. Dieses exquisite Design macht das St\u00fcck zu einem Hingucker <strong>Luxus Dessous Set<\/strong> f\u00fcr diejenigen mit einem Sinn f\u00fcr die feineren Dinge.<\/p>\n\n\n\n<p><strong>\u00dcppige Spitzenarbeit<\/strong>: Die mit Pr\u00e4zision gefertigte, zarte gelbe Spitze f\u00e4llt \u00fcber die Konturen des K\u00f6rpers und bietet einen verlockenden Hinweis darauf, was darunter liegt, w\u00e4hrend sie gleichzeitig einen strukturierten Kontrast bietet, der sowohl optisch als auch haptisch verlockend ist.<\/p>\n\n\n\n<p><strong>Strukturelle Sch\u00f6nheit<\/strong>: Das strukturierte Oberteil des Korsetts sorgt f\u00fcr eine schmeichelhafte Passform, betont die Taille und verleiht einen verf\u00fchrerischen Lift, w\u00e4hrend es gleichzeitig die nat\u00fcrliche Form mit seinem <strong>Korsett mit Blumenstickerei<\/strong> Design.<\/p>\n\n\n\n<p><strong>Bezaubernde Extras<\/strong>: Begleitet von einem hauchd\u00fcnnen T\u00fcllrock und verspielten Strumpfb\u00e4ndern wird das Ensemble durch metallische Akzente und durchdachte Details abgerundet, die f\u00fcr eine perfekte Mischung aus Verspieltheit und Raffinesse sorgen.<\/p>\n\n\n\n<p><strong>Vorteil der Verkaufsfertigkeit<\/strong>: Verf\u00fcgbar f\u00fcr die nahtlose Integration in Ihre Boutique durch unsere <a href=\"https:\/\/gretasexylingerie.com\/de\/dessous-service-zum-mitnehmen\/\">Drop-Shipping-Service<\/a>Dieses Set wird verkaufsfertig und ohne Mindestbestellmenge geliefert und l\u00e4dt Ihre Kunden ein, sich ohne Verz\u00f6gerung den Luxus exquisiter Dessous zu g\u00f6nnen.<\/p>\n\n\n\n<p>Nehmen Sie diese sonnenbeschienene Symphonie aus Spitze und Charme noch heute in Ihre Sammlung auf. <strong>Gelbes Korsett-Top aus Spitze<\/strong> ist nicht nur ein Artikel; es ist eine Reise in eine Welt des Luxus und der Blumenfantasie. Nehmen Sie jetzt Kontakt mit Greta Sexy Lingerie auf und lassen Sie uns Ihnen helfen, Ihrer anspruchsvollen Kundschaft einen Garten der Freuden zu bieten.<\/p>\n\n\n\n<figure class=\"wp-block-table\">\n<table>\n<tbody>\n<tr>\n<td class=\"has-text-align-center\" data-align=\"center\" colspan=\"6\"><strong>Gr\u00f6\u00dfentabelle (CM)<\/strong><\/td>\n<\/tr>\n<tr>\n<td class=\"has-text-align-center\" data-align=\"center\"><strong>Gr\u00f6\u00dfe<\/strong><\/td>\n<td class=\"has-text-align-center\" data-align=\"center\"><strong>Unterbrust (cm)<\/strong><\/td>\n<td class=\"has-text-align-center\" data-align=\"center\"><strong>Bund (cm)<\/strong><\/td>\n<td class=\"has-text-align-center\" data-align=\"center\"><strong>Taillenumfang (cm)<\/strong><\/td>\n<td class=\"has-text-align-center\" data-align=\"center\"><strong>L\u00e4nge (cm)<\/strong><\/td>\n<td class=\"has-text-align-center\" data-align=\"center\"><strong>Gewicht (cm)<\/strong><\/td>\n<\/tr>\n<tr>\n<td class=\"has-text-align-center\" data-align=\"center\">S<\/td>\n<td class=\"has-text-align-center\" data-align=\"center\">70-86<\/td>\n<td class=\"has-text-align-center\" data-align=\"center\">64<\/td>\n<td class=\"has-text-align-center\" data-align=\"center\">66<\/td>\n<td class=\"has-text-align-center\" data-align=\"center\">20<\/td>\n<td class=\"has-text-align-center\" data-align=\"center\">161<\/td>\n<\/tr>\n<tr>\n<td class=\"has-text-align-center\" data-align=\"center\">M<\/td>\n<td class=\"has-text-align-center\" data-align=\"center\">74-90<\/td>\n<td class=\"has-text-align-center\" data-align=\"center\">68<\/td>\n<td class=\"has-text-align-center\" data-align=\"center\">70<\/td>\n<td class=\"has-text-align-center\" data-align=\"center\">21<\/td>\n<td class=\"has-text-align-center\" data-align=\"center\">163<\/td>\n<\/tr>\n<tr>\n<td class=\"has-text-align-center\" data-align=\"center\">L<\/td>\n<td class=\"has-text-align-center\" data-align=\"center\">78-94<\/td>\n<td class=\"has-text-align-center\" data-align=\"center\">72<\/td>\n<td class=\"has-text-align-center\" data-align=\"center\">74<\/td>\n<td class=\"has-text-align-center\" data-align=\"center\">22<\/td>\n<td class=\"has-text-align-center\" data-align=\"center\">165<\/td>\n<\/tr>\n<\/tbody>\n<\/table>\n<\/figure>\n\n\n\n<figure class=\"wp-block-table\">\n<table>\n<tbody>\n<tr>\n<td class=\"has-text-align-center\" data-align=\"center\" colspan=\"6\"><strong>Gr\u00f6\u00dfentabelle (Zoll)<\/strong><\/td>\n<\/tr>\n<tr>\n<td class=\"has-text-align-center\" data-align=\"center\"><strong>Gr\u00f6\u00dfe<\/strong><\/td>\n<td class=\"has-text-align-center\" data-align=\"center\"><strong>Unterbrust (in)<\/strong><\/td>\n<td class=\"has-text-align-center\" data-align=\"center\"><strong>Bund (in)<\/strong><\/td>\n<td class=\"has-text-align-center\" data-align=\"center\"><strong>Taillenumfang (in)<\/strong><\/td>\n<td class=\"has-text-align-center\" data-align=\"center\"><strong>L\u00e4nge (Zoll)<\/strong><\/td>\n<td class=\"has-text-align-center\" data-align=\"center\"><strong>Gewicht (in)<\/strong><\/td>\n<\/tr>\n<tr>\n<td class=\"has-text-align-center\" data-align=\"center\">S<\/td>\n<td class=\"has-text-align-center\" data-align=\"center\">27.56-33.86<\/td>\n<td class=\"has-text-align-center\" data-align=\"center\">25.20<\/td>\n<td class=\"has-text-align-center\" data-align=\"center\">25.98<\/td>\n<td class=\"has-text-align-center\" data-align=\"center\">7.87<\/td>\n<td class=\"has-text-align-center\" data-align=\"center\">63.39<\/td>\n<\/tr>\n<tr>\n<td class=\"has-text-align-center\" data-align=\"center\">M<\/td>\n<td class=\"has-text-align-center\" data-align=\"center\">29.13-35.43<\/td>\n<td class=\"has-text-align-center\" data-align=\"center\">26.77<\/td>\n<td class=\"has-text-align-center\" data-align=\"center\">27.56<\/td>\n<td class=\"has-text-align-center\" data-align=\"center\">8.27<\/td>\n<td class=\"has-text-align-center\" data-align=\"center\">64.17<\/td>\n<\/tr>\n<tr>\n<td class=\"has-text-align-center\" data-align=\"center\">L<\/td>\n<td class=\"has-text-align-center\" data-align=\"center\">30.71-37.01<\/td>\n<td class=\"has-text-align-center\" data-align=\"center\">28.35<\/td>\n<td class=\"has-text-align-center\" data-align=\"center\">29.13<\/td>\n<td class=\"has-text-align-center\" data-align=\"center\">8.66<\/td>\n<td class=\"has-text-align-center\" data-align=\"center\">64.96<\/td>\n<\/tr>\n<\/tbody>\n<\/table>\n<\/figure>","protected":false},"excerpt":{"rendered":"<p>Umarmen Sie die Ausstrahlung unserer <strong>gelbes Korsett-Top aus Spitze<\/strong>, ein Meisterwerk, das luxuri\u00f6se Details mit lebendigen Stickereien verbindet. Dieses <strong>Luxus Dessous Set<\/strong> f\u00e4ngt die Essenz opulenten Designs und botanischer Eleganz ein.<\/p>","protected":false},"featured_media":50459,"template":"","meta":[],"product_brand":[],"product_cat":[388,390,386,367],"product_tag":[507,448,454,524,446,865],"class_list":{"0":"post-50473","1":"product","2":"type-product","3":"status-publish","4":"has-post-thumbnail","6":"product_cat-wholesale-gartered-corset","7":"product_cat-wholesale-mesh-bustier","8":"product_cat-sexy-bustiers","9":"product_cat-sexy-lingerie","10":"product_tag-three-pcs-set","11":"product_tag-wholesale-elegant-sexy-lingerie","12":"product_tag-wholesale-sexy-embroidered-lingerie","13":"product_tag-metal-lingerie","14":"product_tag-wholesale-sexy-see-through-lingerie","15":"product_tag-sexy-skimpy-lingerie","16":"pa_color-yellow","17":"pa_size-wholesale-large-size-women-sexy-lingerie","18":"pa_size-wholesale-medium-size-women-sexy-lingerie","19":"pa_size-wholesale-small-size-sexy-lingerie","21":"first","22":"instock","23":"taxable","24":"shipping-taxable","25":"purchasable","26":"product-type-variable"},"tiered_pricing_type":"fixed","tiered_pricing_fixed_rules":[],"tiered_pricing_product_settings":{"layout":"table","base_unit_name":{"singular":null,"plural":null},"default_variation":null},"tiered_pricing_minimum_quantity":null,"tiered_pricing_roles_data":[],"tiered_pricing_percentage_rules":[],"tiered_pricing_maximum_quantity":null,"tiered_pricing_quantity_step":null,"_links":{"self":[{"href":"https:\/\/gretasexylingerie.com\/de\/wp-json\/wp\/v2\/product\/50473","targetHints":{"allow":["GET"]}}],"collection":[{"href":"https:\/\/gretasexylingerie.com\/de\/wp-json\/wp\/v2\/product"}],"about":[{"href":"https:\/\/gretasexylingerie.com\/de\/wp-json\/wp\/v2\/types\/product"}],"wp:featuredmedia":[{"embeddable":true,"href":"https:\/\/gretasexylingerie.com\/de\/wp-json\/wp\/v2\/media\/50459"}],"wp:attachment":[{"href":"https:\/\/gretasexylingerie.com\/de\/wp-json\/wp\/v2\/media?parent=50473"}],"wp:term":[{"taxonomy":"product_brand","embeddable":true,"href":"https:\/\/gretasexylingerie.com\/de\/wp-json\/wp\/v2\/product_brand?post=50473"},{"taxonomy":"product_cat","embeddable":true,"href":"https:\/\/gretasexylingerie.com\/de\/wp-json\/wp\/v2\/product_cat?post=50473"},{"taxonomy":"product_tag","embeddable":true,"href":"https:\/\/gretasexylingerie.com\/de\/wp-json\/wp\/v2\/product_tag?post=50473"}],"curies":[{"name":"wp","href":"https:\/\/api.w.org\/{rel}","templated":true}]}}