{"id":50250,"date":"2024-03-29T19:03:35","date_gmt":"2024-03-29T11:03:35","guid":{"rendered":"https:\/\/gretasexylingerie.com\/?post_type=product&#038;p=50250"},"modified":"2024-03-29T20:51:05","modified_gmt":"2024-03-29T12:51:05","slug":"komplettes-kostumset-mit-leopardenmuster-im-groshandel","status":"publish","type":"product","link":"https:\/\/gretasexylingerie.com\/de\/products\/wholesale-leopard-print-complete-costume-set\/","title":{"rendered":"Komplettes Kost\u00fcmset mit exotischem Leopardenmuster im Gro\u00dfhandel"},"content":{"rendered":"<p><strong>Sinnliche Leoparden-Silhouette<\/strong>: Das ist verlockend <strong>sexy Katzenkost\u00fcm<\/strong> bietet einen figurbetonten Sprung in die Fantasie. Sein auff\u00e4lliger Leopardendruck und der strategisch platzierte Gurt betonen die Kurven und versprechen, Aufmerksamkeit zu erregen und die Fantasie anzuregen.<\/p>\n\n\n\n<p><strong>Lebhafte, samtige Ber\u00fchrung<\/strong>: Genie\u00dfen Sie die samtige Haptik des Catsuit-Stoffs, der zum Ber\u00fchren einl\u00e4dt und den Gesamteindruck des Kost\u00fcms verst\u00e4rkt. Dieser haptische Genuss, gepaart mit einem schlanken Design, erm\u00f6glicht es Tr\u00e4gern, die Mystik der Katze mit Komfort und Stil zu verk\u00f6rpern.<\/p>\n\n\n\n<p><strong>Skurrile Details<\/strong>: Komplettiert mit einem neckischen Schwanz und einem bezaubernden Haarreif mit Ohren sorgt dieses Kost\u00fcmset f\u00fcr ein v\u00f6llig immersives Erlebnis. Die Liebe zum Detail sorgt f\u00fcr einen zusammenh\u00e4ngenden und fesselnden Look, der sich problemlos von einem festlichen Kost\u00fcm in ein verf\u00fchrerisches Dessous-St\u00fcck verwandeln l\u00e4sst.<\/p>\n\n\n\n<p><strong>Anpassbares Ensemble<\/strong>: Dieses vielseitige Set ist nicht nur f\u00fcr eine Nacht voller Intrigen geeignet. Mit seinen anpassungsf\u00e4higen Accessoires kann es f\u00fcr verschiedene Themen neu interpretiert werden, was es zu einer sexy, verkaufsstarken Erg\u00e4nzung zu jedem macht <a href=\"https:\/\/gretasexylingerie.com\/de\/groshandel-dessous\/\">Gro\u00dfhandelskatalog<\/a>.<\/p>\n\n\n\n<p><strong>M\u00fchelose Integration<\/strong>: Integration mit unserem <a href=\"https:\/\/gretasexylingerie.com\/de\/dessous-service-zum-mitnehmen\/\">Drop-Shipping-Service<\/a> erm\u00f6glicht eine nahtlose Synchronisierung mit Ihrer Shopify-Plattform. Lagern Sie dieses sensationelle St\u00fcck ohne Vorabkosten, unterst\u00fctzt durch unseren dynamischen Lagerbestand und den beschleunigten weltweiten Versand.<br> Begeistern Sie Ihre Kundschaft mit unseren <strong>sexy Leoparden-Catsuit<\/strong>. Bieten Sie den Gipfel des Verlangens \u2013 wobei jeder Druck eine Rolle in der Fantasie spielt. Steigern Sie Ihr Gesch\u00e4ft mit unserem vielf\u00e4ltigen Angebot <a href=\"https:\/\/gretasexylingerie.com\/de\/oem-dienst\/\">OEM-Anpassungsoptionen<\/a>, einschlie\u00dflich Modell, Farbe, Gr\u00f6\u00dfe, Logo und Verpackung, um ein ma\u00dfgeschneidertes Markenerlebnis zu schaffen. Ohne Mindestbestellmenge und umfassender Markendienstleistungen zu minimalen Kosten ist Greta Sexy Lingerie Ihr Tor zu einer verbesserten Pr\u00e4senz im Einzelhandel. Umarmen Sie die Wildnis \u2013 kontaktieren Sie uns jetzt, um Ihr Angebot zu bereichern.<\/p>","protected":false},"excerpt":{"rendered":"<p>Begeben Sie sich in die Wildnis mit unserem <strong>sexy Leoparden-Catsuit<\/strong>, ein Ensemble von Kopf bis Fu\u00df, das eine markante Pr\u00e4senz verspricht. Es wurde f\u00fcr Mutige entwickelt und ist eine perfekte Wahl f\u00fcr ... <strong>sexy Katzen-Halloweenkost\u00fcm<\/strong>.<\/p>","protected":false},"featured_media":50245,"template":"","meta":[],"product_brand":[],"product_cat":[974],"product_tag":[869,1005],"class_list":{"0":"post-50250","1":"product","2":"type-product","3":"status-publish","4":"has-post-thumbnail","6":"product_cat-wholesale-sexy-costumes","7":"product_tag-sexy-animal-print-lingerie","8":"product_tag-sexy-cat-costumes","9":"pa_color-leopard","10":"pa_size-free","12":"first","13":"instock","14":"taxable","15":"shipping-taxable","16":"purchasable","17":"product-type-variable"},"tiered_pricing_type":"fixed","tiered_pricing_fixed_rules":[],"tiered_pricing_product_settings":{"layout":"table","base_unit_name":{"singular":null,"plural":null},"default_variation":null},"tiered_pricing_minimum_quantity":null,"tiered_pricing_roles_data":[],"tiered_pricing_percentage_rules":[],"tiered_pricing_maximum_quantity":null,"tiered_pricing_quantity_step":null,"_links":{"self":[{"href":"https:\/\/gretasexylingerie.com\/de\/wp-json\/wp\/v2\/product\/50250","targetHints":{"allow":["GET"]}}],"collection":[{"href":"https:\/\/gretasexylingerie.com\/de\/wp-json\/wp\/v2\/product"}],"about":[{"href":"https:\/\/gretasexylingerie.com\/de\/wp-json\/wp\/v2\/types\/product"}],"wp:featuredmedia":[{"embeddable":true,"href":"https:\/\/gretasexylingerie.com\/de\/wp-json\/wp\/v2\/media\/50245"}],"wp:attachment":[{"href":"https:\/\/gretasexylingerie.com\/de\/wp-json\/wp\/v2\/media?parent=50250"}],"wp:term":[{"taxonomy":"product_brand","embeddable":true,"href":"https:\/\/gretasexylingerie.com\/de\/wp-json\/wp\/v2\/product_brand?post=50250"},{"taxonomy":"product_cat","embeddable":true,"href":"https:\/\/gretasexylingerie.com\/de\/wp-json\/wp\/v2\/product_cat?post=50250"},{"taxonomy":"product_tag","embeddable":true,"href":"https:\/\/gretasexylingerie.com\/de\/wp-json\/wp\/v2\/product_tag?post=50250"}],"curies":[{"name":"wp","href":"https:\/\/api.w.org\/{rel}","templated":true}]}}