{"id":50075,"date":"2024-03-25T13:25:04","date_gmt":"2024-03-25T05:25:04","guid":{"rendered":"https:\/\/gretasexylingerie.com\/?post_type=product&#038;p=50075"},"modified":"2024-03-25T23:12:14","modified_gmt":"2024-03-25T15:12:14","slug":"groshandel-sm-leder-peitsche-peitsche-spielzeug","status":"publish","type":"product","link":"https:\/\/gretasexylingerie.com\/de\/products\/wholesale-sm-leather-whip-flogger-toy\/","title":{"rendered":"Gro\u00dfhandels-SM-Lederpeitschen-Flogger-Spielzeug"},"content":{"rendered":"<p><strong>Geflochtener Griff f\u00fcr besseren Halt<\/strong>: Der sorgf\u00e4ltig geflochtene Griff tr\u00e4gt nicht nur zur \u00c4sthetik unserer Peitsche bei, sondern bietet auch einen verbesserten Halt f\u00fcr eine pr\u00e4zise Kontrolle. Dieses Designelement ist entscheidend f\u00fcr diejenigen, die das suchen <strong>beste Spanking-Spielzeuge<\/strong> die sowohl Stil als auch Funktionalit\u00e4t bieten.<\/p>\n\n\n\n<p><strong>Quastenpeitschen-Design f\u00fcr dynamischen Einsatz<\/strong>: Das Ende der Quastenpeitsche erm\u00f6glicht eine dynamische und vielseitige Verwendung und erm\u00f6glicht eine Reihe von Empfindungen, von sanften Liebkosungen bis hin zu intensiveren St\u00f6\u00dfen. Diese Funktion macht es zu einer beliebten Wahl unter Enthusiasten, die danach suchen <strong>Peitschenspielzeug<\/strong> das auf verschiedene Vorlieben eingehen kann.<\/p>\n\n\n\n<p><strong>Hochwertiges PU-Leder f\u00fcr Langlebigkeit<\/strong>: Diese aus hochwertigem PU-Leder gefertigte Peitsche ist auf Haltbarkeit und Langlebigkeit ausgelegt. Die Wahl des Materials stellt sicher, dass die Peitsche einer harten Beanspruchung standh\u00e4lt und gleichzeitig ihre Integrit\u00e4t und ihr Aussehen beibeh\u00e4lt, was diejenigen anspricht, die auf der Suche nach Zuverl\u00e4ssigkeit sind <strong>Spank-Leder<\/strong> Produkte.<\/p>\n\n\n\n<p><strong>Erh\u00e4ltlich in kr\u00e4ftigen Farben<\/strong>: Diese Peitsche ist in auff\u00e4lligem Schwarz sowie einer gewagten Rot-Schwarz-Kombination erh\u00e4ltlich und deckt unterschiedliche Geschm\u00e4cker und Stile ab. Die Farboptionen erg\u00e4nzen das Sinneserlebnis um ein visuelles Element und machen jede Sitzung einzigartig und unvergesslich.<\/p>\n\n\n\n<p><strong>Perfekt f\u00fcr abwechslungsreiches Spielen<\/strong>: Ob f\u00fcr Anf\u00e4nger, die neue Erfahrungen machen, oder f\u00fcr erfahrene Enthusiasten, die ihre Sammlung erweitern, diese Lederpeitsche passt zu einer Vielzahl von Spielszenarien. Seine Vielseitigkeit und Qualit\u00e4t machen es zu einem Muss in jeder Sammlung <strong>Spanking-Spielzeug<\/strong>.<\/p>\n\n\n\n<p>Treten Sie ein in eine Welt voller aufregender Empfindungen mit unserer SM-Lederpeitsche. Seine Kombination aus Stil, Funktionalit\u00e4t und hochwertiger Handwerkskunst macht es zu einer herausragenden Erg\u00e4nzung jeder Sammlung. Bestellen Sie jetzt und bieten Sie Ihren Kunden das ultimative Werkzeug zum Entdecken und Vergn\u00fcgen!<\/p>","protected":false},"excerpt":{"rendered":"<p>Entfesseln Sie den Nervenkitzel mit unserem <strong>SM-Lederpeitsche<\/strong>, mit geflochtenem Griff und Quastenpeitschendesign, gefertigt aus hochwertigem PU-Leder in kr\u00e4ftigem Schwarz sowie in Rot und Schwarz.<\/p>","protected":false},"featured_media":50067,"template":"","meta":[],"product_brand":[],"product_cat":[1059,1067],"product_tag":[],"class_list":{"0":"post-50075","1":"product","2":"type-product","3":"status-publish","4":"has-post-thumbnail","6":"product_cat-wholesale-bondage-equipment","7":"product_cat-wholesale-spanking-whips-paddles","8":"pa_color-black","9":"pa_color-red-women-sexy-lingerie","10":"pa_size-free","12":"first","13":"instock","14":"taxable","15":"shipping-taxable","16":"purchasable","17":"product-type-variable"},"tiered_pricing_type":"fixed","tiered_pricing_fixed_rules":[],"tiered_pricing_product_settings":{"layout":"table","base_unit_name":{"singular":null,"plural":null},"default_variation":null},"tiered_pricing_minimum_quantity":null,"tiered_pricing_roles_data":[],"tiered_pricing_percentage_rules":[],"tiered_pricing_maximum_quantity":null,"tiered_pricing_quantity_step":null,"_links":{"self":[{"href":"https:\/\/gretasexylingerie.com\/de\/wp-json\/wp\/v2\/product\/50075","targetHints":{"allow":["GET"]}}],"collection":[{"href":"https:\/\/gretasexylingerie.com\/de\/wp-json\/wp\/v2\/product"}],"about":[{"href":"https:\/\/gretasexylingerie.com\/de\/wp-json\/wp\/v2\/types\/product"}],"wp:featuredmedia":[{"embeddable":true,"href":"https:\/\/gretasexylingerie.com\/de\/wp-json\/wp\/v2\/media\/50067"}],"wp:attachment":[{"href":"https:\/\/gretasexylingerie.com\/de\/wp-json\/wp\/v2\/media?parent=50075"}],"wp:term":[{"taxonomy":"product_brand","embeddable":true,"href":"https:\/\/gretasexylingerie.com\/de\/wp-json\/wp\/v2\/product_brand?post=50075"},{"taxonomy":"product_cat","embeddable":true,"href":"https:\/\/gretasexylingerie.com\/de\/wp-json\/wp\/v2\/product_cat?post=50075"},{"taxonomy":"product_tag","embeddable":true,"href":"https:\/\/gretasexylingerie.com\/de\/wp-json\/wp\/v2\/product_tag?post=50075"}],"curies":[{"name":"wp","href":"https:\/\/api.w.org\/{rel}","templated":true}]}}