{"id":50063,"date":"2024-03-25T13:24:23","date_gmt":"2024-03-25T05:24:23","guid":{"rendered":"https:\/\/gretasexylingerie.com\/?post_type=product&#038;p=50063"},"modified":"2024-03-25T23:07:25","modified_gmt":"2024-03-25T15:07:25","slug":"groshandel-maskenballknebel-mit-geschirr-nasenhaken","status":"publish","type":"product","link":"https:\/\/gretasexylingerie.com\/de\/products\/wholesale-mask-ball-gag-with-harness-nose-hook\/","title":{"rendered":"Gro\u00dfhandel Maskenballknebel mit Geschirr-Nasenhaken"},"content":{"rendered":"<p><strong>Maskentyp-Design<\/strong>: Dieser innovative Maskenballknebel kombiniert Funktionalit\u00e4t mit einer ausgefallenen \u00c4sthetik. Das Maskendesign sorgt nicht nur f\u00fcr den Tragekomfort des Tr\u00e4gers, sondern verleiht dem SM-Spiel auch einen geheimnisvollen Reiz und macht es zu einer \u00fcberzeugenden Wahl f\u00fcr Interessierte <strong>atmungsaktiver Ballknebel<\/strong> Optionen.<\/p>\n\n\n\n<p><strong>Geschirrf\u00f6rmiger Nasenhaken<\/strong>: Die Einbeziehung eines geschirrf\u00f6rmigen Nasenhakens wertet den traditionellen Ballknebel auf, indem er ihm ein zus\u00e4tzliches Ma\u00df an Zur\u00fcckhaltung verleiht. Diese Funktion ist perfekt f\u00fcr Benutzer, die intensivere Szenarien innerhalb sicherer Grenzen erkunden m\u00f6chten.<\/p>\n\n\n\n<p><strong>Sch\u00e4kel-h\u00e4ngender Nasenhaken<\/strong>: Der am B\u00fcgel h\u00e4ngende Nasenhaken l\u00e4sst sich nahtlos in die Maske integrieren, sorgt f\u00fcr einen sicheren Sitz und verbessert das Gesamterlebnis. Es ist f\u00fcr diejenigen gedacht, die ein sch\u00e4tzen <strong>Versauter Ballknebel<\/strong> mit zus\u00e4tzlicher Funktionalit\u00e4t.<\/p>\n\n\n\n<p><strong>Drei Gr\u00f6\u00dfen f\u00fcr perfekte Passform<\/strong>: Dieser Maskenballknebel ist in drei Gr\u00f6\u00dfen erh\u00e4ltlich und deckt ein breites Spektrum an Vorlieben und Anatomien ab und gew\u00e4hrleistet einen bequemen und dennoch sicheren Sitz f\u00fcr alle Benutzer.<\/p>\n\n\n\n<p><strong>Lebendige Farboptionen<\/strong>: Mit Optionen in Schwarz, Rot und Pink erm\u00f6glicht dieser Knebel eine Personalisierung und Stilvorlieben und macht ihn zu einer vielseitigen Erg\u00e4nzung jeder BDSM-Sammlung.<\/p>\n\n\n\n<p><strong>Ideal f\u00fcr abwechslungsreiches Spielen<\/strong>: Ob f\u00fcr Anf\u00e4nger oder erfahrene Liebhaber, dieser Maskenballknebel mit Nasenhaken eignet sich f\u00fcr verschiedene Niveaus des BDSM-Spiels und bietet sowohl \u00e4sthetischen Reiz als auch praktische Funktionalit\u00e4t.<\/p>\n\n\n\n<p>Verleihen Sie Ihrer BDSM-Ausr\u00fcstung mit unserem Maskenballknebel ein neues Ma\u00df an Raffinesse und Kontrolle. Sein einzigartiges Design, kombiniert mit Komfort und Vielseitigkeit, macht es zu einem Muss f\u00fcr alle, die ihre Erlebnisse mit hochwertigen, innovativen Accessoires bereichern m\u00f6chten. Bestellen Sie jetzt und begeistern Sie Ihre Kundschaft mit diesem unverwechselbaren St\u00fcck!<\/p>","protected":false},"excerpt":{"rendered":"<p>Werten Sie Ihre Sammlung mit unserem auf <strong>Maskenballknebel<\/strong>, mit einem einzigartigen geschirrf\u00f6rmigen Nasenhaken. Dieses versaute Accessoire, erh\u00e4ltlich in Schwarz, Rot und Pink, bietet eine unverwechselbare Mischung aus Kontrolle und Komfort.<\/p>","protected":false},"featured_media":50061,"template":"","meta":[],"product_brand":[],"product_cat":[1059,1064],"product_tag":[],"class_list":{"0":"post-50063","1":"product","2":"type-product","3":"status-publish","4":"has-post-thumbnail","6":"product_cat-wholesale-bondage-equipment","7":"product_cat-wholesale-gag-gifts","8":"pa_color-black","9":"pa_color-pink-women-sexy-lingerie","10":"pa_color-red-women-sexy-lingerie","11":"pa_size-wholesale-large-size-women-sexy-lingerie","12":"pa_size-wholesale-medium-size-women-sexy-lingerie","13":"pa_size-wholesale-small-size-sexy-lingerie","15":"first","16":"instock","17":"taxable","18":"shipping-taxable","19":"purchasable","20":"product-type-variable"},"tiered_pricing_type":"fixed","tiered_pricing_fixed_rules":[],"tiered_pricing_product_settings":{"layout":"table","base_unit_name":{"singular":null,"plural":null},"default_variation":null},"tiered_pricing_minimum_quantity":null,"tiered_pricing_roles_data":[],"tiered_pricing_percentage_rules":[],"tiered_pricing_maximum_quantity":null,"tiered_pricing_quantity_step":null,"_links":{"self":[{"href":"https:\/\/gretasexylingerie.com\/de\/wp-json\/wp\/v2\/product\/50063","targetHints":{"allow":["GET"]}}],"collection":[{"href":"https:\/\/gretasexylingerie.com\/de\/wp-json\/wp\/v2\/product"}],"about":[{"href":"https:\/\/gretasexylingerie.com\/de\/wp-json\/wp\/v2\/types\/product"}],"wp:featuredmedia":[{"embeddable":true,"href":"https:\/\/gretasexylingerie.com\/de\/wp-json\/wp\/v2\/media\/50061"}],"wp:attachment":[{"href":"https:\/\/gretasexylingerie.com\/de\/wp-json\/wp\/v2\/media?parent=50063"}],"wp:term":[{"taxonomy":"product_brand","embeddable":true,"href":"https:\/\/gretasexylingerie.com\/de\/wp-json\/wp\/v2\/product_brand?post=50063"},{"taxonomy":"product_cat","embeddable":true,"href":"https:\/\/gretasexylingerie.com\/de\/wp-json\/wp\/v2\/product_cat?post=50063"},{"taxonomy":"product_tag","embeddable":true,"href":"https:\/\/gretasexylingerie.com\/de\/wp-json\/wp\/v2\/product_tag?post=50063"}],"curies":[{"name":"wp","href":"https:\/\/api.w.org\/{rel}","templated":true}]}}