{"id":50040,"date":"2024-03-25T13:23:13","date_gmt":"2024-03-25T05:23:13","guid":{"rendered":"https:\/\/gretasexylingerie.com\/?post_type=product&#038;p=50040"},"modified":"2024-03-25T22:57:10","modified_gmt":"2024-03-25T14:57:10","slug":"groshandel-leder-bondage-halsband-mit-nippelklammern","status":"publish","type":"product","link":"https:\/\/gretasexylingerie.com\/de\/products\/wholesale-leather-bondage-collar-with-nipple-clips\/","title":{"rendered":"Gro\u00dfhandel Leder-Bondage-Halsband mit Nippelklemmen"},"content":{"rendered":"<p><strong>Einteiliges Design<\/strong>: Dieses SM-Halsband- und Nippelclip-Set bietet ein nahtloses, einteiliges Design und sorgt f\u00fcr eine zusammenh\u00e4ngende und kraftvolle \u00c4sthetik. Die Integration des Halsbandes mit den Nippelklammern \u00fcber eine Metallkette sorgt f\u00fcr eine ununterbrochene Linie der Kontrolle und des Gef\u00fchls und macht es zur perfekten Wahl f\u00fcr diejenigen, die eine Brustwarze umarmen <strong>weibliches unterw\u00fcrfiges Halsband<\/strong> Rolle.<\/p>\n\n\n\n<p><strong>Kragen aus PU-Material<\/strong>: Das aus hochwertigem PU-Material gefertigte Halsband bietet die luxuri\u00f6se Optik und Haptik von Leder und ist gleichzeitig langlebig und bequem f\u00fcr l\u00e4ngeres Tragen. Sein Durchmesser von 14,5 cm gew\u00e4hrleistet eine gute Passform f\u00fcr die meisten und macht ihn zu einem praktischen und stilvollen Accessoire f\u00fcr BDSM-Spiele.<\/p>\n\n\n\n<p><strong>Nippelclip mit Metallkette<\/strong>: Die 37 cm lange Metallkette wird mit Nippelclips verbunden und bietet einen einstellbaren Druck f\u00fcr eine Reihe von Empfindungen. Diese Funktion richtet sich an Liebhaber von <strong>W\u00e4scheklammer-Nippel<\/strong> Spiel und bietet sowohl visuelle Attraktivit\u00e4t als auch funktionale Vielseitigkeit.<\/p>\n\n\n\n<p><strong>Lebendige Farboptionen<\/strong>: Mit den Optionen in Schwarz, Rot und Pink kann dieses Halsband- und Nippelclip-Set an pers\u00f6nliche Vorlieben oder Spielszenarien angepasst werden und erm\u00f6glicht so eine Personalisierung des BDSM-Erlebnisses.<\/p>\n\n\n\n<p><strong>Perfekt f\u00fcr BDSM-Sammlungen<\/strong>: Dieses Set ist ideal, um jeder BDSM-Sammlung das gewisse Etwas zu verleihen und spricht sowohl Anf\u00e4nger als auch erfahrene Praktizierende an. Sein einzigartiges Design und seine funktionale Vielseitigkeit machen es zu einer herausragenden Erg\u00e4nzung und bieten Benutzern eine Mischung aus Stil, Kontrolle und sensorischer Erkundung.<\/p>\n\n\n\n<p>Werten Sie Ihre BDSM-Ausr\u00fcstung mit unserem Leder-Bondage-Halsband und Nippelclip-Set auf. Sein einzigartiges einteiliges Design, hochwertige Materialien und funktionale Eigenschaften machen es zu einem Muss f\u00fcr jeden, der sein devotes oder dominantes Spiel verbessern m\u00f6chte. Bestellen Sie jetzt und bieten Sie Ihren Kunden ein Accessoire, das intensives Vergn\u00fcgen mit markanter \u00c4sthetik verbindet!<\/p>","protected":false},"excerpt":{"rendered":"<p>Wir stellen Ihnen vor <strong>Leder-Bondage-Halsband<\/strong> mit integrierten Metallketten-Nippelclips, ein gewagtes einteiliges Design f\u00fcr das ultimative unterw\u00fcrfige Erlebnis. Er ist in den Farben Schwarz, Rot und Pink erh\u00e4ltlich und verbindet Stil mit intensivem Vergn\u00fcgen.<\/p>","protected":false},"featured_media":50027,"template":"","meta":[],"product_brand":[],"product_cat":[1059,1066,1062],"product_tag":[],"class_list":{"0":"post-50040","1":"product","2":"type-product","3":"status-publish","4":"has-post-thumbnail","6":"product_cat-wholesale-bondage-equipment","7":"product_cat-handcuffs-bondage-collars-ankle-strap","8":"product_cat-wholesale-labia-nipple-clamps","9":"pa_color-black","10":"pa_color-pink-women-sexy-lingerie","11":"pa_color-red-women-sexy-lingerie","12":"pa_size-free","14":"first","15":"instock","16":"taxable","17":"shipping-taxable","18":"purchasable","19":"product-type-variable"},"tiered_pricing_type":"fixed","tiered_pricing_fixed_rules":[],"tiered_pricing_product_settings":{"layout":"table","base_unit_name":{"singular":null,"plural":null},"default_variation":null},"tiered_pricing_minimum_quantity":null,"tiered_pricing_roles_data":[],"tiered_pricing_percentage_rules":[],"tiered_pricing_maximum_quantity":null,"tiered_pricing_quantity_step":null,"_links":{"self":[{"href":"https:\/\/gretasexylingerie.com\/de\/wp-json\/wp\/v2\/product\/50040","targetHints":{"allow":["GET"]}}],"collection":[{"href":"https:\/\/gretasexylingerie.com\/de\/wp-json\/wp\/v2\/product"}],"about":[{"href":"https:\/\/gretasexylingerie.com\/de\/wp-json\/wp\/v2\/types\/product"}],"wp:featuredmedia":[{"embeddable":true,"href":"https:\/\/gretasexylingerie.com\/de\/wp-json\/wp\/v2\/media\/50027"}],"wp:attachment":[{"href":"https:\/\/gretasexylingerie.com\/de\/wp-json\/wp\/v2\/media?parent=50040"}],"wp:term":[{"taxonomy":"product_brand","embeddable":true,"href":"https:\/\/gretasexylingerie.com\/de\/wp-json\/wp\/v2\/product_brand?post=50040"},{"taxonomy":"product_cat","embeddable":true,"href":"https:\/\/gretasexylingerie.com\/de\/wp-json\/wp\/v2\/product_cat?post=50040"},{"taxonomy":"product_tag","embeddable":true,"href":"https:\/\/gretasexylingerie.com\/de\/wp-json\/wp\/v2\/product_tag?post=50040"}],"curies":[{"name":"wp","href":"https:\/\/api.w.org\/{rel}","templated":true}]}}