{"id":49707,"date":"2024-02-28T18:11:28","date_gmt":"2024-02-28T10:11:28","guid":{"rendered":"https:\/\/gretasexylingerie.com\/?post_type=product&#038;p=49707"},"modified":"2024-03-01T23:26:34","modified_gmt":"2024-03-01T15:26:34","slug":"groshandel-sexy-bondage-unterwasche-set","status":"publish","type":"product","link":"https:\/\/gretasexylingerie.com\/de\/products\/wholesale-sexy-bondage-underwear-set\/","title":{"rendered":"Gro\u00dfhandels-Sexy-Bondage-Unterw\u00e4scheset mit Metallrei\u00dfverschluss"},"content":{"rendered":"<p><strong>Rei\u00dfverschluss\u00f6ffnungen aus Metall<\/strong>: Steigern Sie den Nervenkitzel mit strategisch platzierten Metallrei\u00dfverschl\u00fcssen an Brust und Schritt und bieten Sie eine Mischung aus Faszination und Zug\u00e4nglichkeit. Dieses Designelement verleiht nicht nur einen optischen Touch, sondern l\u00e4dt auch zum spielerischen Erkunden ein und macht es zu einem herausragenden Merkmal <strong>Bondage-Ausr\u00fcstung aus Leder<\/strong> Sammlungen.<\/p>\n\n\n\n<p><strong>Einstellbar f\u00fcr perfekte Passform<\/strong>: Genie\u00dfen Sie Komfort, ohne auf Stil zu verzichten. Das verstellbare Design sorgt f\u00fcr eine bequeme, schmeichelhafte Passform f\u00fcr eine Vielzahl von K\u00f6rpertypen und erm\u00f6glicht dem Tr\u00e4ger ein sicheres und kontrolliertes Gef\u00fchl, ein wichtiger Aspekt von <strong>weibliche Domina-Kleidung<\/strong>.<\/p>\n\n\n\n<p><strong>Auswahl an kr\u00e4ftigen Farben<\/strong>: Dieses Set ist in den klassischen Verf\u00fchrungsfarben Schwarz und Rot erh\u00e4ltlich und spricht B\u00e4nde, ohne ein Wort zu sagen. Ganz gleich, ob Sie sich zum geheimnisvollen Reiz von Schwarz oder zur leidenschaftlichen Lebendigkeit von Rot hingezogen f\u00fchlen, dieses Dessous-Set passt sich Ihrer Stimmung und Ihren W\u00fcnschen an.<\/p>\n\n\n\n<p><strong>Hochwertige Lederkonstruktion<\/strong>: Dieses aus hochwertigem Leder gefertigte Set ist ebenso langlebig wie luxuri\u00f6s. Die Textur und Qualit\u00e4t des Materials verst\u00e4rken das Sinneserlebnis und versprechen nicht nur ein visuelles Fest, sondern auch ein haptisches Vergn\u00fcgen.<\/p>\n\n\n\n<p><strong>Vielseitig einsetzbar<\/strong>: Perfekt f\u00fcr besondere Abende oder als auff\u00e4lliges Statement-St\u00fcck unter der Abendgarderobe \u2013 dieses Dessous-Set geht \u00fcber das Gew\u00f6hnliche hinaus. Es eignet sich f\u00fcr eine Reihe von Szenarien, von privaten Begegnungen bis hin zu Mottopartys, und ist somit eine vielseitige Erg\u00e4nzung f\u00fcr jede Abenteuergarderobe.<\/p>\n\n\n\n<p><strong>Erm\u00e4chtigung in jedem Thread<\/strong>: Dieses Dessous-Set ist mehr als nur Kleidung; Es ist ein Empowerment-Tool. Entwickelt f\u00fcr die moderne Domina oder jeden, der ihre Machtdynamik erkunden m\u00f6chte, ist es ein Fest der St\u00e4rke, des Selbstvertrauens und der Sinnlichkeit.<\/p>\n\n\n\n<p>Treten Sie ein in eine Welt, in der Fantasie und Realit\u00e4t verschwimmen, mit unserem sexy Bondage-Unterw\u00e4scheset. Es bietet sowohl \u00e4sthetischen Reiz als auch funktionales Design und ist eine mutige Einladung, Ihre W\u00fcnsche zu erkunden. Bestellen Sie jetzt und genie\u00dfen Sie die Kraft der Verf\u00fchrung mit unvergleichlichem Stil und Komfort!<\/p>","protected":false},"excerpt":{"rendered":"<p>Entfesseln Sie k\u00fchne W\u00fcnsche mit unserem <strong>sexy Bondage-Unterw\u00e4sche<\/strong> Set mit gewagten Metallrei\u00dfverschl\u00fcssen an der Brust und im Schritt. Dieses verstellbare Design ist in Schwarz und Rot erh\u00e4ltlich und verk\u00f6rpert die Essenz von Kraft und Verf\u00fchrung.<\/p>","protected":false},"featured_media":49704,"template":"","meta":[],"product_brand":[],"product_cat":[1059,1060],"product_tag":[],"class_list":{"0":"post-49707","1":"product","2":"type-product","3":"status-publish","4":"has-post-thumbnail","6":"product_cat-wholesale-bondage-equipment","7":"product_cat-wholesale-bondage-lingerie","8":"pa_color-black","9":"pa_color-red-women-sexy-lingerie","11":"first","12":"instock","13":"taxable","14":"shipping-taxable","15":"purchasable","16":"product-type-variable"},"tiered_pricing_type":"fixed","tiered_pricing_fixed_rules":[],"tiered_pricing_product_settings":{"layout":"table","base_unit_name":{"singular":null,"plural":null},"default_variation":null},"tiered_pricing_minimum_quantity":null,"tiered_pricing_roles_data":[],"tiered_pricing_percentage_rules":[],"tiered_pricing_maximum_quantity":null,"tiered_pricing_quantity_step":null,"_links":{"self":[{"href":"https:\/\/gretasexylingerie.com\/de\/wp-json\/wp\/v2\/product\/49707","targetHints":{"allow":["GET"]}}],"collection":[{"href":"https:\/\/gretasexylingerie.com\/de\/wp-json\/wp\/v2\/product"}],"about":[{"href":"https:\/\/gretasexylingerie.com\/de\/wp-json\/wp\/v2\/types\/product"}],"wp:featuredmedia":[{"embeddable":true,"href":"https:\/\/gretasexylingerie.com\/de\/wp-json\/wp\/v2\/media\/49704"}],"wp:attachment":[{"href":"https:\/\/gretasexylingerie.com\/de\/wp-json\/wp\/v2\/media?parent=49707"}],"wp:term":[{"taxonomy":"product_brand","embeddable":true,"href":"https:\/\/gretasexylingerie.com\/de\/wp-json\/wp\/v2\/product_brand?post=49707"},{"taxonomy":"product_cat","embeddable":true,"href":"https:\/\/gretasexylingerie.com\/de\/wp-json\/wp\/v2\/product_cat?post=49707"},{"taxonomy":"product_tag","embeddable":true,"href":"https:\/\/gretasexylingerie.com\/de\/wp-json\/wp\/v2\/product_tag?post=49707"}],"curies":[{"name":"wp","href":"https:\/\/api.w.org\/{rel}","templated":true}]}}