{"id":49690,"date":"2024-02-28T18:10:18","date_gmt":"2024-02-28T10:10:18","guid":{"rendered":"https:\/\/gretasexylingerie.com\/?post_type=product&#038;p=49690"},"modified":"2024-03-01T23:11:07","modified_gmt":"2024-03-01T15:11:07","slug":"groshandel-mit-hohlem-spitzen-bondage-set","status":"publish","type":"product","link":"https:\/\/gretasexylingerie.com\/de\/products\/wholesale-hollow-lace-bondage-kit\/","title":{"rendered":"Gro\u00dfhandel mit hohlem Spitzen-Bondage-Set"},"content":{"rendered":"<p><strong>Exquisites Lederspitzendesign<\/strong>: Dieses Set zeichnet sich durch sein hohles Spitzendesign aus, das die zarte Optik von Spitze mit der Haltbarkeit von Leder verbindet. Es ist perfekt f\u00fcr diejenigen, die eine raffinierte Note in ihrem Haus suchen <strong>Heim-Bondage-Ausr\u00fcstung<\/strong>und bietet sowohl \u00c4sthetik als auch Funktionalit\u00e4t.<\/p>\n\n\n\n<p><strong>Umfangreiches Restraint-Ensemble<\/strong>: Mit einer Leine, Handschellen, Fu\u00dffesseln und Halsb\u00e4ndern bietet dieses Set alles, was Sie f\u00fcr ein umfassendes Bondage-Erlebnis ben\u00f6tigen. Ob Sie auf Entdeckungsreise sind <strong>Hogtie-Bondage-Set<\/strong> Egal, ob Sie sich f\u00fcr Szenarien entscheiden oder einfach nur die Kunst der Zur\u00fcckhaltung genie\u00dfen m\u00f6chten, dieses Set deckt eine Vielzahl von Vorlieben ab.<\/p>\n\n\n\n<p><strong>Verst\u00e4rkt durch bescheidene Einschr\u00e4nkungen<\/strong>: Die Aufnahme von <strong>bescheidener mit Fu\u00dffesseln<\/strong> verleiht dem Fesselspiel eine einzigartige Dimension und bietet ein zus\u00e4tzliches Ma\u00df an Kontrolle und Unterwerfung. Diese Funktion ist f\u00fcr diejenigen gedacht, die tiefere Aspekte der Machtdynamik in einer sicheren und einvernehmlichen Umgebung erkunden m\u00f6chten.<\/p>\n\n\n\n<p><strong>Glattes schwarzes Finish<\/strong>: Die klassische schwarze Farbe verleiht nicht nur einen Hauch von Eleganz, sondern sorgt auch f\u00fcr Vielseitigkeit und macht es zu einer passenden Erg\u00e4nzung f\u00fcr jede Sammlung von Bondage-Ausr\u00fcstung. Es ist ideal sowohl f\u00fcr Anf\u00e4nger als auch f\u00fcr erfahrene Enthusiasten, die ihr Repertoire erweitern m\u00f6chten.<\/p>\n\n\n\n<p><strong>Langlebige und komfortable Materialien<\/strong>: Dieses aus hochwertigen Materialien gefertigte Set vereint Haltbarkeit und Komfort. Der Lederschn\u00fcrsenkel ist weich genug, um Beschwerden bei l\u00e4ngeren Sitzungen zu vermeiden, aber dennoch robust genug, um einen zuverl\u00e4ssigen Halt zu gew\u00e4hrleisten.<\/p>\n\n\n\n<p><strong>Perfekt f\u00fcr vielf\u00e4ltige Spielszenarien<\/strong>: Ob f\u00fcr ein thematisches Fotoshooting, einen besonderen Anlass oder ein normales Spiel, dieses Hohlspitzen-Bondage-Set ist vielseitig genug, um sich an verschiedene Szenarien anzupassen und Ihrem Bondage-Spiel einen Hauch von Eleganz und Spannung zu verleihen.<\/p>\n\n\n\n<p>Betreten Sie eine Welt voller Eleganz und Zur\u00fcckhaltung mit unserem Hohlspitzen-Bondage-Set. Es geht nicht nur um den physischen Aspekt der Knechtschaft; Es geht darum, eine Atmosph\u00e4re des Vertrauens, der Intimit\u00e4t und der Erkundung zu schaffen. Bestellen Sie jetzt und steigern Sie Ihr Bondage-Erlebnis mit einer Mischung aus Sch\u00f6nheit, Kontrolle und Raffinesse.<\/p>","protected":false},"excerpt":{"rendered":"<p>Entdecken Sie den Reiz unseres <strong>Hohlspitzen-Bondage-Ausr\u00fcstung<\/strong>, ein verf\u00fchrerisches Ensemble aus Lederspitze inklusive Leine, Handschellen, Fu\u00dffesseln und Halsb\u00e4ndern, alles in elegantem Schwarz.<\/p>","protected":false},"featured_media":49684,"template":"","meta":[],"product_brand":[],"product_cat":[1059,1061],"product_tag":[],"class_list":{"0":"post-49690","1":"product","2":"type-product","3":"status-publish","4":"has-post-thumbnail","6":"product_cat-wholesale-bondage-equipment","7":"product_cat-wholesale-bondage-gear","8":"pa_color-black","10":"first","11":"instock","12":"taxable","13":"shipping-taxable","14":"purchasable","15":"product-type-variable"},"tiered_pricing_type":"fixed","tiered_pricing_fixed_rules":[],"tiered_pricing_product_settings":{"layout":"table","base_unit_name":{"singular":null,"plural":null},"default_variation":null},"tiered_pricing_minimum_quantity":null,"tiered_pricing_roles_data":[],"tiered_pricing_percentage_rules":[],"tiered_pricing_maximum_quantity":null,"tiered_pricing_quantity_step":null,"_links":{"self":[{"href":"https:\/\/gretasexylingerie.com\/de\/wp-json\/wp\/v2\/product\/49690","targetHints":{"allow":["GET"]}}],"collection":[{"href":"https:\/\/gretasexylingerie.com\/de\/wp-json\/wp\/v2\/product"}],"about":[{"href":"https:\/\/gretasexylingerie.com\/de\/wp-json\/wp\/v2\/types\/product"}],"wp:featuredmedia":[{"embeddable":true,"href":"https:\/\/gretasexylingerie.com\/de\/wp-json\/wp\/v2\/media\/49684"}],"wp:attachment":[{"href":"https:\/\/gretasexylingerie.com\/de\/wp-json\/wp\/v2\/media?parent=49690"}],"wp:term":[{"taxonomy":"product_brand","embeddable":true,"href":"https:\/\/gretasexylingerie.com\/de\/wp-json\/wp\/v2\/product_brand?post=49690"},{"taxonomy":"product_cat","embeddable":true,"href":"https:\/\/gretasexylingerie.com\/de\/wp-json\/wp\/v2\/product_cat?post=49690"},{"taxonomy":"product_tag","embeddable":true,"href":"https:\/\/gretasexylingerie.com\/de\/wp-json\/wp\/v2\/product_tag?post=49690"}],"curies":[{"name":"wp","href":"https:\/\/api.w.org\/{rel}","templated":true}]}}