{"id":49679,"date":"2024-02-28T18:09:33","date_gmt":"2024-02-28T10:09:33","guid":{"rendered":"https:\/\/gretasexylingerie.com\/?post_type=product&#038;p=49679"},"modified":"2024-03-01T23:03:29","modified_gmt":"2024-03-01T15:03:29","slug":"rotes-bondage-set-mit-schleife-im-groshandel","status":"publish","type":"product","link":"https:\/\/gretasexylingerie.com\/de\/products\/wholesale-red-bondage-kit-with-bow\/","title":{"rendered":"Rotes Bondage-Set mit Schleife im Gro\u00dfhandel"},"content":{"rendered":"<p><strong>Luxuri\u00f6se Schleifendekorationen<\/strong>: Werten Sie Ihr Bondage-Spiel mit den einzigartigen Schleifendekorationen dieses Sets auf und verleihen Sie ihm einen Hauch von Eleganz und Verspieltheit. Die Schleifen, kombiniert mit vergoldeten Metallketten, bieten einen optisch beeindruckenden Kontrast, der verf\u00fchrt und begeistert.<\/p>\n\n\n\n<p><strong>Vielseitiges Set f\u00fcr verbessertes Spielen<\/strong>: Dieses Set enth\u00e4lt wichtige Teile wie eine Leine, Handschellen, Fu\u00dffesseln und Halsb\u00e4nder und bietet alles, was Sie f\u00fcr eine Erf\u00fcllung ben\u00f6tigen <strong>leichte Fesselausr\u00fcstung<\/strong> Erfahrung. Es ist perfekt f\u00fcr alle, die ihre Grenzen mit Stil erkunden m\u00f6chten.<\/p>\n\n\n\n<p><strong>Sattes Rot und klassisches Schwarz<\/strong>: Dieses Set ist sowohl in sattem Rot als auch in klassischem Schwarz erh\u00e4ltlich und passt sich pers\u00f6nlichen Vorlieben und Stimmungen an. Das Rot ist ein k\u00fchnes Statement von Leidenschaft und Intensit\u00e4t, w\u00e4hrend das Schwarz eine zeitlose Anziehungskraft ausstrahlt.<\/p>\n\n\n\n<p><strong>Hochwertige Materialien f\u00fcr Komfort<\/strong>: Jedes St\u00fcck ist mit Blick auf Komfort und Haltbarkeit gefertigt <strong>sexy Sklavenspielzeug<\/strong> Das Kit ist f\u00fcr sicheres und einvernehmliches Spielen konzipiert. Die hochwertigen Materialien sorgen f\u00fcr ein angenehmes Tragegef\u00fchl bei unterschiedlichen K\u00f6rpertypen.<\/p>\n\n\n\n<p><strong>Vergoldete Metallkette f\u00fcr Langlebigkeit<\/strong>: Die vergoldete Metallkette verleiht nicht nur einen luxuri\u00f6sen Touch, sondern sorgt auch f\u00fcr Haltbarkeit und St\u00e4rke. Es ist so konstruiert, dass es den Strapazen des Spiels standh\u00e4lt und sowohl Sch\u00f6nheit als auch Zuverl\u00e4ssigkeit bietet.<\/p>\n\n\n\n<p><strong>Perfekt f\u00fcr Anf\u00e4nger und Enthusiasten<\/strong>: Egal, ob Sie neu im Bereich Bondage sind oder ein erfahrener Liebhaber, dieses Set bietet eine reizvolle Kombination aus \u00c4sthetik und Funktionalit\u00e4t. Es ist die ideale Wahl f\u00fcr diejenigen, die ihren Erkundungen einen Hauch von Luxus verleihen m\u00f6chten.<\/p>\n\n\n\n<p>Tauchen Sie ein in die Welt des Bondage mit einem Set, das Sch\u00f6nheit, Funktionalit\u00e4t und Komfort vereint. Unser rotes Fesselset mit Schleife und vergoldeter Kette ist mehr als nur Ausr\u00fcstung; Es ist eine Einladung, W\u00fcnsche auf luxuri\u00f6se und sichere Weise zu erkunden. Bestellen Sie jetzt und erschlie\u00dfen Sie neue Dimensionen des Vergn\u00fcgens und<\/p>","protected":false},"excerpt":{"rendered":"<p>F\u00fchren Sie mit unserem ein Element luxuri\u00f6ser Zur\u00fcckhaltung ein <strong>Rotes Fesselset<\/strong>, mit Schleifenverzierungen und vergoldeten Metallketten. Dieses Set beinhaltet eine Leine, Handschellen, Fu\u00dffesseln und Halsb\u00e4nder in verf\u00fchrerischem Rot und klassischem Schwarz.<\/p>","protected":false},"featured_media":49674,"template":"","meta":[],"product_brand":[],"product_cat":[1059,1061],"product_tag":[],"class_list":{"0":"post-49679","1":"product","2":"type-product","3":"status-publish","4":"has-post-thumbnail","6":"product_cat-wholesale-bondage-equipment","7":"product_cat-wholesale-bondage-gear","8":"pa_color-black","9":"pa_color-red-women-sexy-lingerie","11":"first","12":"instock","13":"taxable","14":"shipping-taxable","15":"purchasable","16":"product-type-variable"},"tiered_pricing_type":"fixed","tiered_pricing_fixed_rules":[],"tiered_pricing_product_settings":{"layout":"table","base_unit_name":{"singular":null,"plural":null},"default_variation":null},"tiered_pricing_minimum_quantity":null,"tiered_pricing_roles_data":[],"tiered_pricing_percentage_rules":[],"tiered_pricing_maximum_quantity":null,"tiered_pricing_quantity_step":null,"_links":{"self":[{"href":"https:\/\/gretasexylingerie.com\/de\/wp-json\/wp\/v2\/product\/49679","targetHints":{"allow":["GET"]}}],"collection":[{"href":"https:\/\/gretasexylingerie.com\/de\/wp-json\/wp\/v2\/product"}],"about":[{"href":"https:\/\/gretasexylingerie.com\/de\/wp-json\/wp\/v2\/types\/product"}],"wp:featuredmedia":[{"embeddable":true,"href":"https:\/\/gretasexylingerie.com\/de\/wp-json\/wp\/v2\/media\/49674"}],"wp:attachment":[{"href":"https:\/\/gretasexylingerie.com\/de\/wp-json\/wp\/v2\/media?parent=49679"}],"wp:term":[{"taxonomy":"product_brand","embeddable":true,"href":"https:\/\/gretasexylingerie.com\/de\/wp-json\/wp\/v2\/product_brand?post=49679"},{"taxonomy":"product_cat","embeddable":true,"href":"https:\/\/gretasexylingerie.com\/de\/wp-json\/wp\/v2\/product_cat?post=49679"},{"taxonomy":"product_tag","embeddable":true,"href":"https:\/\/gretasexylingerie.com\/de\/wp-json\/wp\/v2\/product_tag?post=49679"}],"curies":[{"name":"wp","href":"https:\/\/api.w.org\/{rel}","templated":true}]}}