{"id":49667,"date":"2024-02-28T18:08:37","date_gmt":"2024-02-28T10:08:37","guid":{"rendered":"https:\/\/gretasexylingerie.com\/?post_type=product&#038;p=49667"},"modified":"2024-03-01T22:56:01","modified_gmt":"2024-03-01T14:56:01","slug":"einfuhrungs-bondage-set-im-groshandel","status":"publish","type":"product","link":"https:\/\/gretasexylingerie.com\/de\/products\/wholesale-introductory-bondage-kit\/","title":{"rendered":"Gro\u00dfhandels-Einf\u00fchrungs-Bondage-Set in Rot und Lila"},"content":{"rendered":"<p><strong>Weiches und einladendes Design<\/strong>: Dieses Kit wurde im Hinblick auf Weichheit entwickelt und ist ideal f\u00fcr Neulinge in der Szene. Das Fliege-Thema verleiht dem Ganzen eine verspielte und nicht einsch\u00fcchternde Note <strong>Soft-Bondage-Ausr\u00fcstung<\/strong>, was es perfekt f\u00fcr Paare macht, die ihre Grenzen sanft erkunden m\u00f6chten.<\/p>\n\n\n\n<p><strong>Komplettset f\u00fcr Einsteiger<\/strong>: Mit einer Leine, Handschellen, Fu\u00dffesseln und Halsb\u00e4ndern bietet dieses Set alles, was Sie brauchen, um Ihre Reise ins Fesselspiel zu beginnen. Es ist eine ideale Wahl f\u00fcr diejenigen, die eine suchen <strong>Einsteiger-Bondage-Set<\/strong> das Komfort mit Vielseitigkeit verbindet.<\/p>\n\n\n\n<p><strong>Lebendige Farbauswahl<\/strong>: Dieses Set ist in den auff\u00e4lligen Farben Rot und Lila erh\u00e4ltlich und verleiht Ihrem Spiel nicht nur ein visuelles Element, sondern erm\u00f6glicht Ihnen auch die Auswahl einer Farbe, die am besten zu Ihrer Stimmung und Ihren Vorlieben passt. Die Farben sind perfekt f\u00fcr alle, die ihren Erlebnissen eine pers\u00f6nliche Note verleihen m\u00f6chten.<\/p>\n\n\n\n<p><strong>Erschwingliche Erkundung<\/strong>: Als Teil unserer <strong>billige Fesselausr\u00fcstung<\/strong> Dieses Kit bietet einen einfachen Einstieg in die Welt des BDSM. Es ist budgetfreundlich konzipiert, ohne Kompromisse bei Qualit\u00e4t oder Erlebnis einzugehen, was es zu einem hervorragenden Preis-Leistungs-Verh\u00e4ltnis f\u00fcr Abenteurer macht.<\/p>\n\n\n\n<p><strong>Weiche Materialien f\u00fcr Komfort<\/strong>: Diese aus weichen Materialien gefertigte Ausr\u00fcstung sorgt f\u00fcr Komfort beim Gebrauch und erm\u00f6glicht l\u00e4ngere Erkundungs- und Spielsitzungen. Die sanfte Beschaffenheit der Materialien ist besonders f\u00fcr Anf\u00e4nger und diejenigen, die empfindlich auf traditionellere Bondage-Materialien reagieren, attraktiv.<\/p>\n\n\n\n<p><strong>Einfach zu verwenden und aufzubewahren<\/strong>: Dieses Kit ist nicht nur einfach zu verwenden, sondern auch bequem zu verstauen, was es zu einer gro\u00dfartigen Option f\u00fcr diejenigen macht, die wenig Platz haben oder Diskretion ben\u00f6tigen. Es ist eine problemlose M\u00f6glichkeit, Ihre W\u00fcnsche zu erkunden, ohne sich auf aufw\u00e4ndigere Setups einlassen zu m\u00fcssen.<\/p>\n\n\n\n<p>Begeben Sie sich mit unserem Einf\u00fchrungs-Bondage-Set auf eine Reise voller Entdeckungen und Intimit\u00e4t. Es soll einen sanften Einstieg in die Welt des BDSM bieten und eine erschwingliche und bequeme M\u00f6glichkeit bieten, neue Dimensionen des Vergn\u00fcgens zu erkunden. Bestellen Sie jetzt und \u00f6ffnen Sie die T\u00fcr zu neuen Erfahrungen mit unserer lebendigen und weichen Bondage-Ausr\u00fcstung!<\/p>","protected":false},"excerpt":{"rendered":"<p>Betreten Sie mit uns eine Welt der sanften Erkundung <strong>Einsteiger-Bondage-Set<\/strong>, mit weicher Ausr\u00fcstung im Fliege-Stil in leuchtendem Rot und Lila, perfekt f\u00fcr Anf\u00e4nger.<\/p>","protected":false},"featured_media":49663,"template":"","meta":[],"product_brand":[],"product_cat":[1059,1061],"product_tag":[],"class_list":{"0":"post-49667","1":"product","2":"type-product","3":"status-publish","4":"has-post-thumbnail","6":"product_cat-wholesale-bondage-equipment","7":"product_cat-wholesale-bondage-gear","8":"pa_color-purple-women-sexy-lingerie","9":"pa_color-red-women-sexy-lingerie","11":"first","12":"instock","13":"taxable","14":"shipping-taxable","15":"purchasable","16":"product-type-variable"},"tiered_pricing_type":"fixed","tiered_pricing_fixed_rules":[],"tiered_pricing_product_settings":{"layout":"table","base_unit_name":{"singular":null,"plural":null},"default_variation":null},"tiered_pricing_minimum_quantity":null,"tiered_pricing_roles_data":[],"tiered_pricing_percentage_rules":[],"tiered_pricing_maximum_quantity":null,"tiered_pricing_quantity_step":null,"_links":{"self":[{"href":"https:\/\/gretasexylingerie.com\/de\/wp-json\/wp\/v2\/product\/49667","targetHints":{"allow":["GET"]}}],"collection":[{"href":"https:\/\/gretasexylingerie.com\/de\/wp-json\/wp\/v2\/product"}],"about":[{"href":"https:\/\/gretasexylingerie.com\/de\/wp-json\/wp\/v2\/types\/product"}],"wp:featuredmedia":[{"embeddable":true,"href":"https:\/\/gretasexylingerie.com\/de\/wp-json\/wp\/v2\/media\/49663"}],"wp:attachment":[{"href":"https:\/\/gretasexylingerie.com\/de\/wp-json\/wp\/v2\/media?parent=49667"}],"wp:term":[{"taxonomy":"product_brand","embeddable":true,"href":"https:\/\/gretasexylingerie.com\/de\/wp-json\/wp\/v2\/product_brand?post=49667"},{"taxonomy":"product_cat","embeddable":true,"href":"https:\/\/gretasexylingerie.com\/de\/wp-json\/wp\/v2\/product_cat?post=49667"},{"taxonomy":"product_tag","embeddable":true,"href":"https:\/\/gretasexylingerie.com\/de\/wp-json\/wp\/v2\/product_tag?post=49667"}],"curies":[{"name":"wp","href":"https:\/\/api.w.org\/{rel}","templated":true}]}}