{"id":49637,"date":"2024-02-28T18:06:36","date_gmt":"2024-02-28T10:06:36","guid":{"rendered":"https:\/\/gretasexylingerie.com\/?post_type=product&#038;p=49637"},"modified":"2024-03-01T22:15:19","modified_gmt":"2024-03-01T14:15:19","slug":"groshandel-mit-versautem-leder-bondage-bh-und-hoschen-set","status":"publish","type":"product","link":"https:\/\/gretasexylingerie.com\/de\/products\/wholesale-kinky-leather-wear-bondage-bra-and-panty-set\/","title":{"rendered":"Gro\u00dfhandel mit Kinky Leather Wear-Bondage-BH und H\u00f6schen-Set"},"content":{"rendered":"<p><strong>Neckholder-BH mit Metallkette<\/strong>: Dieser gewagte Neckholder-Ketten-BH ist das Herzst\u00fcck des Sets und soll fesseln und verf\u00fchren. Seine Metallkettenkonstruktion sorgt nicht nur f\u00fcr eine kantige \u00c4sthetik, sondern sorgt auch f\u00fcr Haltbarkeit und ein k\u00fchles, taktiles Gef\u00fchl auf der Haut \u2013 perfekt f\u00fcr alle, die ihrem Schmuck ein starkes visuelles Element hinzuf\u00fcgen m\u00f6chten <strong>Sexy Kleid-Bondage<\/strong> Sammlung.<\/p>\n\n\n\n<p><strong>Ich liebe H\u00f6schen mit hohlem Schritt<\/strong>: Als Erg\u00e4nzung zum BH verf\u00fcgt dieses H\u00f6schen \u00fcber ein einzigartiges Love Hollow-Design und bietet einen verspielten und dennoch provokanten Look. Das offene Design l\u00e4dt zur Fantasie und Erkundung ein und macht es zu einem herausragenden St\u00fcck f\u00fcr jeden, der etwas sucht <strong>s\u00fc\u00dfes Bondage-Outfit<\/strong> mit einer gewagten Wendung.<\/p>\n\n\n\n<p><strong>Auff\u00e4lliges Schwarz-Rot-Design<\/strong>: Der kr\u00e4ftige Kontrast von Schwarz und Rot steht nicht nur f\u00fcr Leidenschaft und Intensit\u00e4t, sondern macht dieses Set auch zu einer optisch auff\u00e4lligen Wahl f\u00fcr alle, die ein Statement setzen m\u00f6chten. Es ist eine ideale Kombination f\u00fcr \u00c4sthetik und thematische Tiefe in Ihrer Bondage-Kollektion.<\/p>\n\n\n\n<p><strong>Vielseitiger Reiz<\/strong>: Ob f\u00fcr einen besonderen Abend, eine Mottoparty oder als auff\u00e4lliges Mode-Statement, dieses Set bietet Vielseitigkeit. Es ist f\u00fcr diejenigen gedacht, die die Sch\u00f6nheit der Bondage-\u00c4sthetik sch\u00e4tzen und ihren Stil auf einzigartige Weise zum Ausdruck bringen m\u00f6chten.<\/p>\n\n\n\n<p><strong>Hochwertige Konstruktion<\/strong>: Dieses mit Liebe zum Detail gefertigte Set kombiniert hochwertige Materialien mit robusten Metallketten und sorgt so f\u00fcr Komfort und Stil. Bei der sorgf\u00e4ltigen Konstruktion kommt es nicht nur auf das Aussehen an; Es geht auch darum, ein sicheres und angenehmes Erlebnis zu bieten.<\/p>\n\n\n\n<p><strong>Perfekt f\u00fcr Bondage-Enthusiasten und modebewusste Menschen<\/strong>: Ganz gleich, ob Sie tief im Bondage-Lebensstil verwurzelt sind oder einfach nur auf der Suche nach einem Outfit sind, das Grenzen sprengt und Aufmerksamkeit erregt, dieses Set ist auf Ihre Bed\u00fcrfnisse zugeschnitten. Es ist mehr als nur Unterw\u00e4sche; Es ist eine Aussage des Vertrauens und der Erkundung.<\/p>\n\n\n\n<p>Tauchen Sie mit unserem Set aus Bondage-BH und H\u00f6schen mit Stil und Sinnlichkeit in die Welt des Bondage ein. Es soll begeistern und begeistern und bietet eine perfekte Mischung aus versautem Reiz und modischem Flair. Bestellen Sie jetzt und betreten Sie ein Reich, in dem Fantasie zur Mode wird.<\/p>","protected":false},"excerpt":{"rendered":"<p>Entfesseln Sie Ihre inneren W\u00fcnsche mit uns <strong>versaute Lederbekleidung<\/strong> Bondage-Set, bestehend aus einem Neckholder-BH mit Metallkette und einem Love Hollow Crotch-H\u00f6schen in kr\u00e4ftigem Schwarz und Rot.<\/p>","protected":false},"featured_media":49632,"template":"","meta":[],"product_brand":[],"product_cat":[1059,1060],"product_tag":[],"class_list":{"0":"post-49637","1":"product","2":"type-product","3":"status-publish","4":"has-post-thumbnail","6":"product_cat-wholesale-bondage-equipment","7":"product_cat-wholesale-bondage-lingerie","8":"pa_color-black","9":"pa_color-red-women-sexy-lingerie","11":"first","12":"instock","13":"taxable","14":"shipping-taxable","15":"purchasable","16":"product-type-variable"},"tiered_pricing_type":"fixed","tiered_pricing_fixed_rules":[],"tiered_pricing_product_settings":{"layout":"table","base_unit_name":{"singular":null,"plural":null},"default_variation":null},"tiered_pricing_minimum_quantity":null,"tiered_pricing_roles_data":[],"tiered_pricing_percentage_rules":[],"tiered_pricing_maximum_quantity":null,"tiered_pricing_quantity_step":null,"_links":{"self":[{"href":"https:\/\/gretasexylingerie.com\/de\/wp-json\/wp\/v2\/product\/49637","targetHints":{"allow":["GET"]}}],"collection":[{"href":"https:\/\/gretasexylingerie.com\/de\/wp-json\/wp\/v2\/product"}],"about":[{"href":"https:\/\/gretasexylingerie.com\/de\/wp-json\/wp\/v2\/types\/product"}],"wp:featuredmedia":[{"embeddable":true,"href":"https:\/\/gretasexylingerie.com\/de\/wp-json\/wp\/v2\/media\/49632"}],"wp:attachment":[{"href":"https:\/\/gretasexylingerie.com\/de\/wp-json\/wp\/v2\/media?parent=49637"}],"wp:term":[{"taxonomy":"product_brand","embeddable":true,"href":"https:\/\/gretasexylingerie.com\/de\/wp-json\/wp\/v2\/product_brand?post=49637"},{"taxonomy":"product_cat","embeddable":true,"href":"https:\/\/gretasexylingerie.com\/de\/wp-json\/wp\/v2\/product_cat?post=49637"},{"taxonomy":"product_tag","embeddable":true,"href":"https:\/\/gretasexylingerie.com\/de\/wp-json\/wp\/v2\/product_tag?post=49637"}],"curies":[{"name":"wp","href":"https:\/\/api.w.org\/{rel}","templated":true}]}}