{"id":49629,"date":"2024-02-28T18:05:30","date_gmt":"2024-02-28T10:05:30","guid":{"rendered":"https:\/\/gretasexylingerie.com\/?post_type=product&#038;p=49629"},"modified":"2024-03-01T22:06:09","modified_gmt":"2024-03-01T14:06:09","slug":"groshandel-fur-bondage-ausrustung-der-fox-serie","status":"publish","type":"product","link":"https:\/\/gretasexylingerie.com\/de\/products\/wholesale-fox-series-bondage-gear\/","title":{"rendered":"Gro\u00dfhandel mit vergoldeter Bondage-Ausr\u00fcstung der Fox-Serie"},"content":{"rendered":"<p><strong>Vergoldete Fuchsdekoration<\/strong>: Jedes St\u00fcck in diesem exklusiven Set ist mit einer vergoldeten Fuchsdekoration verziert, die List und Verf\u00fchrung symbolisiert. Dieser einzigartige Schmuck setzt unser <strong>dominantes, devotes Spielzeug<\/strong> Abgesehen davon bietet es eine \u00c4sthetik, die sowohl elegant als auch provokant ist.<\/p>\n\n\n\n<p><strong>Luxuri\u00f6ses Design in Lila und Schwarz<\/strong>: Das satte Lila kombiniert mit dem kr\u00e4ftigen schwarzen Stirnakzent sorgt f\u00fcr ein optisch beeindruckendes Erscheinungsbild. Dieses Farbschema tr\u00e4gt nicht nur zur Mystik des Sets bei, sondern spricht auch diejenigen an, die eine Vorliebe f\u00fcr Raffinesse haben <strong>Bondage-Spielsets<\/strong>.<\/p>\n\n\n\n<p><strong>Umfangreiche Bondage-Sammlung<\/strong>: Vom taktilen Vergn\u00fcgen des Lederpaddels bis hin zur Kontrolle durch Leine und Manschetten bietet dieses Set ein umfassendes Spektrum an dominanten und unterw\u00fcrfigen Spielm\u00f6glichkeiten. Es ist sowohl f\u00fcr Neueinsteiger als auch f\u00fcr erfahrene Praktiker konzipiert, die ihr Bondage-Erlebnis verbessern m\u00f6chten.<\/p>\n\n\n\n<p><strong>Hochwertige Materialien<\/strong>: Jeder Artikel im Set ist aus hochwertigen Materialien gefertigt und gew\u00e4hrleistet Haltbarkeit, Komfort und Sicherheit. Das Leder ist geschmeidig und dennoch robust und vermittelt ein luxuri\u00f6ses Gef\u00fchl, das auf Langlebigkeit ausgelegt ist, w\u00e4hrend die vergoldeten Verzierungen ihren Glanz im Laufe der Zeit behalten.<\/p>\n\n\n\n<p><strong>Vielseitig einsetzbar f\u00fcr verbessertes Spielen<\/strong>: Ob es sich um die sensorische Entziehung der Gesichtsmaske, die Fesselung der Hand- und Fu\u00dffesseln oder die durch Halsband und Leine symbolisierte Autorit\u00e4t handelt, dieses Set deckt eine Vielzahl von Spielszenarien ab. Die Kreuzschnalle sorgt f\u00fcr eine zus\u00e4tzliche Verbindungsebene und erm\u00f6glicht kreative Konfigurationen.<\/p>\n\n\n\n<p><strong>Perfekt f\u00fcr Themensammlungen<\/strong>: Dieses Set der Fox-Serie ist mehr als nur eine Bondage-Ausr\u00fcstung; Es ist eine thematische Erkundung von Macht, List und Anziehungskraft. Es ist ideal f\u00fcr diejenigen, die ihrem St\u00fcck ein narratives Element hinzuf\u00fcgen m\u00f6chten, sodass jede Sitzung nicht nur zu einer Handlung, sondern zu einer Geschichte wird.<\/p>\n\n\n\n<p>Tauchen Sie ein in die Tiefen des Verlangens mit unserer Bondage-Ausr\u00fcstung der Fox-Serie, in der Luxus auf den Nervenkitzel von Dominanz und Unterwerfung trifft. Bestellen Sie jetzt und verwandeln Sie Ihr St\u00fcck in eine Kunstform, mit St\u00fccken, die die Fantasie fesseln und die Fantasie wecken<\/p>","protected":false},"excerpt":{"rendered":"<p>Entfesseln Sie die Mystik unseres <strong>Bondage-Ausr\u00fcstung und Zubeh\u00f6r der Fox-Serie<\/strong>, verziert mit vergoldeten Fuchsdekorationen. Dieses luxuri\u00f6se Set besteht aus einem Lederpaddel, einer Gesichtsmaske, einer Leine, Handschellen, Fu\u00dffesseln, Halsb\u00e4ndern und einer Kreuzschnalle und ist in einem bezaubernden Lila mit einem auff\u00e4lligen schwarzen Stirndesign erh\u00e4ltlich.<\/p>","protected":false},"featured_media":49622,"template":"","meta":[],"product_brand":[],"product_cat":[1059,1061],"product_tag":[],"class_list":{"0":"post-49629","1":"product","2":"type-product","3":"status-publish","4":"has-post-thumbnail","6":"product_cat-wholesale-bondage-equipment","7":"product_cat-wholesale-bondage-gear","8":"pa_color-black","9":"pa_color-green","11":"first","12":"instock","13":"taxable","14":"shipping-taxable","15":"purchasable","16":"product-type-variable"},"tiered_pricing_type":"fixed","tiered_pricing_fixed_rules":[],"tiered_pricing_product_settings":{"layout":"table","base_unit_name":{"singular":null,"plural":null},"default_variation":null},"tiered_pricing_minimum_quantity":null,"tiered_pricing_roles_data":[],"tiered_pricing_percentage_rules":[],"tiered_pricing_maximum_quantity":null,"tiered_pricing_quantity_step":null,"_links":{"self":[{"href":"https:\/\/gretasexylingerie.com\/de\/wp-json\/wp\/v2\/product\/49629","targetHints":{"allow":["GET"]}}],"collection":[{"href":"https:\/\/gretasexylingerie.com\/de\/wp-json\/wp\/v2\/product"}],"about":[{"href":"https:\/\/gretasexylingerie.com\/de\/wp-json\/wp\/v2\/types\/product"}],"wp:featuredmedia":[{"embeddable":true,"href":"https:\/\/gretasexylingerie.com\/de\/wp-json\/wp\/v2\/media\/49622"}],"wp:attachment":[{"href":"https:\/\/gretasexylingerie.com\/de\/wp-json\/wp\/v2\/media?parent=49629"}],"wp:term":[{"taxonomy":"product_brand","embeddable":true,"href":"https:\/\/gretasexylingerie.com\/de\/wp-json\/wp\/v2\/product_brand?post=49629"},{"taxonomy":"product_cat","embeddable":true,"href":"https:\/\/gretasexylingerie.com\/de\/wp-json\/wp\/v2\/product_cat?post=49629"},{"taxonomy":"product_tag","embeddable":true,"href":"https:\/\/gretasexylingerie.com\/de\/wp-json\/wp\/v2\/product_tag?post=49629"}],"curies":[{"name":"wp","href":"https:\/\/api.w.org\/{rel}","templated":true}]}}