{"id":49605,"date":"2024-02-28T18:03:50","date_gmt":"2024-02-28T10:03:50","guid":{"rendered":"https:\/\/gretasexylingerie.com\/?post_type=product&#038;p=49605"},"modified":"2024-03-01T20:42:24","modified_gmt":"2024-03-01T12:42:24","slug":"einfarbige-bondage-ausrustung-im-groshandel","status":"publish","type":"product","link":"https:\/\/gretasexylingerie.com\/de\/products\/wholesale-solid-color-bondage-gear\/","title":{"rendered":"Gro\u00dfhandel einfarbige Bondage-Ausr\u00fcstung mit Schleifendekoration"},"content":{"rendered":"<p><strong>Bezaubernde Schleifendekorationen<\/strong>: Jedes Teil dieses Sets ist mit einer zarten Schleifenverzierung versehen, die der traditionellen Bondage-\u00c4sthetik einen Hauch von Verspieltheit und Eleganz verleiht. Diese einzigartige Funktion macht unsere <strong>Bondage-Spielsets<\/strong> nicht nur ein Werkzeug zur Erkundung, sondern auch ein Stil-Statement.<\/p>\n\n\n\n<p><strong>Lebendige Volltonfarben<\/strong>: W\u00e4hlen Sie je nach Stimmung oder Einrichtung zwischen Lila, Schwarz oder Wei\u00df. Diese Volltonfarben bieten einen eleganten, modernen Look, der sowohl auff\u00e4llig als auch vielseitig ist und jede Sitzung nicht nur zu einer Erkundung von Grenzen, sondern auch zu einem visuellen Genuss macht.<\/p>\n\n\n\n<p><strong>Umfangreiches Set f\u00fcr Einsteiger und Enthusiasten<\/strong>: Egal, ob Sie neu in der Welt des Bondage sind oder Ihre Sammlung erweitern m\u00f6chten, dieses Set bietet alles, was Sie f\u00fcr ein umfassendes Spielspektrum ben\u00f6tigen. Es ist eine ideale Wahl f\u00fcr diejenigen, die suchen <strong>Bondage-Ausr\u00fcstung und Zubeh\u00f6r<\/strong> die Abwechslung und Potenzial f\u00fcr zahlreiche Szenarien bieten.<\/p>\n\n\n\n<p><strong>Erschwingliche Qualit\u00e4t<\/strong>: Dieses aus hochwertigen Materialien gefertigte Set beweist, dass Sie bei der Qualit\u00e4t keine Kompromisse beim Preis eingehen m\u00fcssen. Die langlebige Konstruktion sorgt f\u00fcr Langlebigkeit und Sicherheit und macht es zu einer klugen Investition f\u00fcr alle, die ihre Grenzen erkunden, ohne daf\u00fcr viel Geld auszugeben.<\/p>\n\n\n\n<p><strong>Funktionelles und \u00e4sthetisches Design<\/strong>: \u00dcber seine optische Attraktivit\u00e4t hinaus ist jeder Artikel f\u00fcr den praktischen Gebrauch konzipiert. Das Lederpaddel bietet einen zufriedenstellenden Schlag, w\u00e4hrend die verstellbaren Hand- und Fu\u00dffesseln f\u00fcr einen sicheren Sitz sorgen. Die Augenbinde und die Leine verbessern die Kontrolldynamik, und das Halsband und die Kreuzschnalle verbinden das Set sowohl im w\u00f6rtlichen als auch im \u00fcbertragenen Sinne.<\/p>\n\n\n\n<p><strong>Perfekt f\u00fcr abwechslungsreiches Spielen<\/strong>: Dieses Set deckt ein breites Spektrum an Vorlieben und Dynamiken ab, von leichtem, neckischem Spiel bis hin zu intensiveren Szenarien. Die Einbeziehung von Fessel- und Schlagspielzubeh\u00f6r erm\u00f6glicht ein ma\u00dfgeschneidertes Erlebnis und macht jede Sitzung einzigartig.<\/p>\n\n\n\n<p>Tauchen Sie mit unserem einfarbigen Ausr\u00fcstungsset in die Welt des Bondage ein, wo Erschwinglichkeit auf Stil und Funktionalit\u00e4t trifft. Bestellen Sie jetzt und nutzen Sie das Potenzial f\u00fcr endlose Erkundungen und Freude, w\u00e4hrend Sie Ihren Abenteuern gleichzeitig einen Hauch von Eleganz verleihen!<\/p>","protected":false},"excerpt":{"rendered":"<p>Werten Sie Ihre Sammlung mit unserem auf <strong>billige Fesselausr\u00fcstung<\/strong>, ein einfarbiges Set, verziert mit bezaubernden Schleifenverzierungen. Dieses umfassende Set ist in Lila, Schwarz und Wei\u00df erh\u00e4ltlich und umfasst ein Lederpaddel, eine Augenbinde, eine Leine, Handschellen, Fu\u00dffesseln, Halsb\u00e4nder und ein Kreuz und vereint Erschwinglichkeit mit Stil und Funktionalit\u00e4t.<\/p>","protected":false},"featured_media":49595,"template":"","meta":[],"product_brand":[],"product_cat":[1059,1061],"product_tag":[],"class_list":{"0":"post-49605","1":"product","2":"type-product","3":"status-publish","4":"has-post-thumbnail","6":"product_cat-wholesale-bondage-equipment","7":"product_cat-wholesale-bondage-gear","8":"pa_color-black","9":"pa_color-purple-women-sexy-lingerie","10":"pa_color-white","12":"first","13":"instock","14":"taxable","15":"shipping-taxable","16":"purchasable","17":"product-type-variable"},"tiered_pricing_type":"fixed","tiered_pricing_fixed_rules":[],"tiered_pricing_product_settings":{"layout":"table","base_unit_name":{"singular":null,"plural":null},"default_variation":null},"tiered_pricing_minimum_quantity":null,"tiered_pricing_roles_data":[],"tiered_pricing_percentage_rules":[],"tiered_pricing_maximum_quantity":null,"tiered_pricing_quantity_step":null,"_links":{"self":[{"href":"https:\/\/gretasexylingerie.com\/de\/wp-json\/wp\/v2\/product\/49605","targetHints":{"allow":["GET"]}}],"collection":[{"href":"https:\/\/gretasexylingerie.com\/de\/wp-json\/wp\/v2\/product"}],"about":[{"href":"https:\/\/gretasexylingerie.com\/de\/wp-json\/wp\/v2\/types\/product"}],"wp:featuredmedia":[{"embeddable":true,"href":"https:\/\/gretasexylingerie.com\/de\/wp-json\/wp\/v2\/media\/49595"}],"wp:attachment":[{"href":"https:\/\/gretasexylingerie.com\/de\/wp-json\/wp\/v2\/media?parent=49605"}],"wp:term":[{"taxonomy":"product_brand","embeddable":true,"href":"https:\/\/gretasexylingerie.com\/de\/wp-json\/wp\/v2\/product_brand?post=49605"},{"taxonomy":"product_cat","embeddable":true,"href":"https:\/\/gretasexylingerie.com\/de\/wp-json\/wp\/v2\/product_cat?post=49605"},{"taxonomy":"product_tag","embeddable":true,"href":"https:\/\/gretasexylingerie.com\/de\/wp-json\/wp\/v2\/product_tag?post=49605"}],"curies":[{"name":"wp","href":"https:\/\/api.w.org\/{rel}","templated":true}]}}