{"id":49549,"date":"2024-02-28T00:49:02","date_gmt":"2024-02-27T16:49:02","guid":{"rendered":"https:\/\/gretasexylingerie.com\/?post_type=product&#038;p=49549"},"modified":"2024-03-01T19:30:22","modified_gmt":"2024-03-01T11:30:22","slug":"domina-kit-im-groshandel","status":"publish","type":"product","link":"https:\/\/gretasexylingerie.com\/de\/products\/wholesale-dominatrix-kit\/","title":{"rendered":"Domina-Set im Gro\u00dfhandel mit goldenem Perlenketten-Dekor"},"content":{"rendered":"<p><strong>Goldperlenkette Eleganz<\/strong>: Verleihen Sie Ihrem Bondage-Spiel einen Hauch von Luxus mit goldenen Perlenketten, die jedes Teil dieses Sets schm\u00fccken. Die schimmernden Akzente bringen ein Element von Raffinesse und optischer Attraktivit\u00e4t mit sich und verleihen ihm den letzten Schliff <strong>Homosexuelles SM-Spielzeug<\/strong> Sammlung abgesehen vom Rest.<\/p>\n\n\n\n<p><strong>Umfangreiche Bondage-Sammlung<\/strong>: Dieses Set ist eine Fundgrube f\u00fcr Enthusiasten und Anf\u00e4nger gleicherma\u00dfen und enth\u00e4lt alles Wesentliche f\u00fcr ein umfassendes Bondage-Erlebnis. Vom taktilen Vergn\u00fcgen der Lederpeitsche bis hin zur Kontrolle durch die Leine und die Halsb\u00e4nder verspricht jeder Artikel, Ihr Spiel zu verbessern.<\/p>\n\n\n\n<p><strong>Vielseitige Farboptionen<\/strong>: Dieses Set ist in klassischem Schwarz, leidenschaftlichem Rot und leuchtendem Gr\u00fcn erh\u00e4ltlich und bietet die perfekte Erg\u00e4nzung f\u00fcr jede Stimmung und Vorliebe. Jede Farbe verleiht dem Bondage-Erlebnis ihren eigenen Charakter, egal ob Sie die Eleganz von Schwarz, die Intensit\u00e4t von Rot oder die Einzigartigkeit von Gr\u00fcn suchen.<\/p>\n\n\n\n<p><strong>Hochwertige Materialien<\/strong>: Dieses aus hochwertigem PU-Leder und robuster Hardware gefertigte Kit ist auf Langlebigkeit und Komfort ausgelegt. Die Materialien werden nicht nur aufgrund ihres \u00e4sthetischen Reizes ausgew\u00e4hlt, sondern auch aufgrund ihrer F\u00e4higkeit, den Strapazen des Spiels standzuhalten und ein sicheres und angenehmes Erlebnis zu gew\u00e4hrleisten.<\/p>\n\n\n\n<p><strong>Perfekt f\u00fcr abwechslungsreiches Spielen<\/strong>: Egal, ob Sie die Dynamik von Macht und Unterwerfung erforschen, Ihrem Rollenspiel eine neue Dimension hinzuf\u00fcgen m\u00f6chten oder einfach nur Ihre Sammlung erweitern m\u00f6chten <strong>Bondage-Leine und Halsband<\/strong> Sets erf\u00fcllt dieses Domina-Set ein breites Spektrum an W\u00fcnschen und Fantasien.<\/p>\n\n\n\n<p><strong>Diskrete und praktische Aufbewahrung<\/strong>: Trotz seines umfassenden Charakters ist dieses Set leicht zu verstauen und zu warten, sodass Ihr Spielraum organisiert bleibt und Ihre Ausr\u00fcstung immer einsatzbereit ist.<\/p>\n\n\n\n<p>Tauchen Sie ein in die Tiefen des Verlangens mit unserem Domina-Set, einer Kollektion, die Funktionalit\u00e4t mit \u00e4sthetischer Sch\u00f6nheit verbindet. Egal, ob Sie ein erfahrener Praktiker oder ein Neuling in der Szene sind, dieses Kit bietet alles, was Sie brauchen, um die Grenzen von Vergn\u00fcgen und Kraft zu erkunden. Bestellen Sie jetzt und schalten Sie ein neues Reich frei<\/p>","protected":false},"excerpt":{"rendered":"<p>Werten Sie Ihre Sammlung mit unserem auf <strong>Domina-Kit<\/strong>, verziert mit goldenen Perlenketten. Dieses umfassende Set umfasst eine Lederpeitsche, eine Augenbinde, eine Leine, Handschellen, Fu\u00dffesseln, Halsb\u00e4nder, eine Kreuzschnalle und einen Knebel, alle aus hochwertigem PU und Hardware gefertigt.<\/p>","protected":false},"featured_media":49538,"template":"","meta":[],"product_brand":[],"product_cat":[1059,1061],"product_tag":[],"class_list":{"0":"post-49549","1":"product","2":"type-product","3":"status-publish","4":"has-post-thumbnail","6":"product_cat-wholesale-bondage-equipment","7":"product_cat-wholesale-bondage-gear","8":"pa_color-black","9":"pa_color-green","10":"pa_color-red-women-sexy-lingerie","12":"first","13":"instock","14":"taxable","15":"shipping-taxable","16":"purchasable","17":"product-type-variable"},"tiered_pricing_type":"fixed","tiered_pricing_fixed_rules":[],"tiered_pricing_product_settings":{"layout":"table","base_unit_name":{"singular":null,"plural":null},"default_variation":null},"tiered_pricing_minimum_quantity":null,"tiered_pricing_roles_data":[],"tiered_pricing_percentage_rules":[],"tiered_pricing_maximum_quantity":null,"tiered_pricing_quantity_step":null,"_links":{"self":[{"href":"https:\/\/gretasexylingerie.com\/de\/wp-json\/wp\/v2\/product\/49549","targetHints":{"allow":["GET"]}}],"collection":[{"href":"https:\/\/gretasexylingerie.com\/de\/wp-json\/wp\/v2\/product"}],"about":[{"href":"https:\/\/gretasexylingerie.com\/de\/wp-json\/wp\/v2\/types\/product"}],"wp:featuredmedia":[{"embeddable":true,"href":"https:\/\/gretasexylingerie.com\/de\/wp-json\/wp\/v2\/media\/49538"}],"wp:attachment":[{"href":"https:\/\/gretasexylingerie.com\/de\/wp-json\/wp\/v2\/media?parent=49549"}],"wp:term":[{"taxonomy":"product_brand","embeddable":true,"href":"https:\/\/gretasexylingerie.com\/de\/wp-json\/wp\/v2\/product_brand?post=49549"},{"taxonomy":"product_cat","embeddable":true,"href":"https:\/\/gretasexylingerie.com\/de\/wp-json\/wp\/v2\/product_cat?post=49549"},{"taxonomy":"product_tag","embeddable":true,"href":"https:\/\/gretasexylingerie.com\/de\/wp-json\/wp\/v2\/product_tag?post=49549"}],"curies":[{"name":"wp","href":"https:\/\/api.w.org\/{rel}","templated":true}]}}