{"id":49508,"date":"2024-02-28T00:46:01","date_gmt":"2024-02-27T16:46:01","guid":{"rendered":"https:\/\/gretasexylingerie.com\/?post_type=product&#038;p=49508"},"modified":"2024-02-29T22:52:12","modified_gmt":"2024-02-29T14:52:12","slug":"groshandels-bondage-ruckhalteset","status":"publish","type":"product","link":"https:\/\/gretasexylingerie.com\/de\/products\/wholesale-bondage-restraint-kit\/","title":{"rendered":"Gro\u00dfhandels-Bondage-R\u00fcckhalteset in Schwarz und Rot mit Ger\u00e4teausr\u00fcstung"},"content":{"rendered":"<p><strong>Kontrastfarbenes Design<\/strong>: Der kr\u00e4ftige Kontrast von Schwarz und Wei\u00df sowie Rot und Schwarz macht dieses Set nicht nur optisch auff\u00e4llig, sondern verleiht dem Bondage-Erlebnis auch eine Ebene psychologischer Faszination. Die Farben werden so gew\u00e4hlt, dass sie Emotionen hervorrufen und die Stimmung bestimmen, sodass jede Sitzung einzigartig intensiv ist.<\/p>\n\n\n\n<p><strong>Umfangreiche Bondage-Sammlung<\/strong>: Dieses Set ist ein komplettes Arsenal f\u00fcr BDSM-Enthusiasten, einschlie\u00dflich eines Lederpaddels, einer Augenbinde, einer Leine, Handschellen, Fu\u00dffesseln, Halsb\u00e4nder und einer Kreuzschnalle. Es ist so konzipiert, dass es einer Vielzahl von Vorlieben und Szenarien gerecht wird und endlose M\u00f6glichkeiten f\u00fcr einvernehmliches Spielen bietet.<\/p>\n\n\n\n<p><strong>Hochwertiges PU und Hardware<\/strong>: Das hochwertige PU-Material und die robuste Hardware sind auf Langlebigkeit und Komfort ausgelegt und stellen sicher, dass jedes Teil den Strapazen des Gebrauchs standh\u00e4lt und gleichzeitig die Sicherheit des Tr\u00e4gers gew\u00e4hrleistet. Diese Materialkombination macht das Kit zu einer zuverl\u00e4ssigen Wahl sowohl f\u00fcr Anf\u00e4nger als auch f\u00fcr erfahrene Praktiker.<\/p>\n\n\n\n<p><strong>Erschwinglicher Luxus<\/strong>: Dies bietet eine unschlagbare Mischung aus Qualit\u00e4t und Wert <strong>billige Fesselausr\u00fcstung<\/strong> Das Set macht die aufregende Welt des BDSM zug\u00e4nglich, ohne Kompromisse bei der Qualit\u00e4t oder dem Erlebnis einzugehen. Es ist die ideale Wahl f\u00fcr diejenigen, die ihre Sammlung erweitern m\u00f6chten, ohne ihr Budget zu sprengen.<\/p>\n\n\n\n<p><strong>Vielseitige Ger\u00e4te-Bondage-Ausr\u00fcstung<\/strong>: Die Einbeziehung verschiedener Fesseln und Ger\u00e4te er\u00f6ffnet eine Welt der Kreativit\u00e4t und Erkundung. Von sensorischer Deprivation bis hin zu kontrollierter Bewegung erm\u00f6glicht dieses Kit Paaren, mit Machtdynamiken zu experimentieren und neue Freuden in einem sicheren und einvernehmlichen Rahmen zu entdecken.<\/p>\n\n\n\n<p><strong>Diskrete und einfache Aufbewahrung<\/strong>: Trotz seines umfassenden Charakters ist das Kit f\u00fcr eine diskrete Aufbewahrung konzipiert, sodass Sie Privatsph\u00e4re und Komfort wahren k\u00f6nnen. Jedes Teil passt ordentlich zusammen und ist bereit f\u00fcr den n\u00e4chsten Moment.<\/p>\n\n\n\n<p>Begeben Sie sich mit unserem Bondage-Fesselset auf eine Entdeckungs- und Erf\u00fcllungsreise. Egal, ob Sie Ihre Verbindung vertiefen, neue Empfindungen entdecken oder Ihrem Spiel einfach mehr Spannung verleihen m\u00f6chten, dieses Kit bietet die perfekte Mischung aus Qualit\u00e4t, Vielfalt und Erschwinglichkeit. Bestellen Sie jetzt und erschlie\u00dfen Sie sich ein neues Reich an M\u00f6glichkeiten<\/p>","protected":false},"excerpt":{"rendered":"<p>Tauchen Sie mit uns in die Tiefen des Verlangens ein <strong>Bondage-R\u00fcckhalteset<\/strong>, mit einem auff\u00e4lligen Kontrast aus Schwarz und Wei\u00df sowie Rot und Schwarz. Dieses umfassende Set enth\u00e4lt alles, was Sie f\u00fcr eine waghalsige Erkundung ben\u00f6tigen, gefertigt aus hochwertigem PU und robuster Hardware.<\/p>","protected":false},"featured_media":49497,"template":"","meta":[],"product_brand":[],"product_cat":[1059,1061],"product_tag":[],"class_list":{"0":"post-49508","1":"product","2":"type-product","3":"status-publish","4":"has-post-thumbnail","6":"product_cat-wholesale-bondage-equipment","7":"product_cat-wholesale-bondage-gear","8":"pa_color-red-women-sexy-lingerie","9":"pa_color-white","11":"first","12":"instock","13":"taxable","14":"shipping-taxable","15":"purchasable","16":"product-type-variable"},"tiered_pricing_type":"fixed","tiered_pricing_fixed_rules":[],"tiered_pricing_product_settings":{"layout":"table","base_unit_name":{"singular":null,"plural":null},"default_variation":null},"tiered_pricing_minimum_quantity":null,"tiered_pricing_roles_data":[],"tiered_pricing_percentage_rules":[],"tiered_pricing_maximum_quantity":null,"tiered_pricing_quantity_step":null,"_links":{"self":[{"href":"https:\/\/gretasexylingerie.com\/de\/wp-json\/wp\/v2\/product\/49508","targetHints":{"allow":["GET"]}}],"collection":[{"href":"https:\/\/gretasexylingerie.com\/de\/wp-json\/wp\/v2\/product"}],"about":[{"href":"https:\/\/gretasexylingerie.com\/de\/wp-json\/wp\/v2\/types\/product"}],"wp:featuredmedia":[{"embeddable":true,"href":"https:\/\/gretasexylingerie.com\/de\/wp-json\/wp\/v2\/media\/49497"}],"wp:attachment":[{"href":"https:\/\/gretasexylingerie.com\/de\/wp-json\/wp\/v2\/media?parent=49508"}],"wp:term":[{"taxonomy":"product_brand","embeddable":true,"href":"https:\/\/gretasexylingerie.com\/de\/wp-json\/wp\/v2\/product_brand?post=49508"},{"taxonomy":"product_cat","embeddable":true,"href":"https:\/\/gretasexylingerie.com\/de\/wp-json\/wp\/v2\/product_cat?post=49508"},{"taxonomy":"product_tag","embeddable":true,"href":"https:\/\/gretasexylingerie.com\/de\/wp-json\/wp\/v2\/product_tag?post=49508"}],"curies":[{"name":"wp","href":"https:\/\/api.w.org\/{rel}","templated":true}]}}