{"id":49405,"date":"2024-02-27T22:44:05","date_gmt":"2024-02-27T14:44:05","guid":{"rendered":"https:\/\/gretasexylingerie.com\/?post_type=product&#038;p=49405"},"modified":"2024-02-29T17:34:45","modified_gmt":"2024-02-29T09:34:45","slug":"hochleistungs-hogtie-set-im-groshandel","status":"publish","type":"product","link":"https:\/\/gretasexylingerie.com\/de\/products\/wholesale-heavy-duty-hogtie-kit\/","title":{"rendered":"Hochleistungs-Hogtie-Set im Gro\u00dfhandel mit langen Nietendetails"},"content":{"rendered":"<p><strong>Lange Nietenverzierungen<\/strong>: Erh\u00f6hen Sie Ihr Bondage-Erlebnis mit der auff\u00e4lligen \u00c4sthetik langer Nieten. Diese Details tragen nicht nur zur optischen Attraktivit\u00e4t bei, sondern verst\u00e4rken auch das taktile Gef\u00fchl und machen jedes St\u00fcck zu einem Kunstwerk, das ebenso sch\u00f6n wie funktional ist.<\/p>\n\n\n\n<p><strong>Vielf\u00e4ltige Farbauswahl<\/strong>: Je nach pers\u00f6nlichen Vorlieben und Stil ist dieses Set in einer Reihe von Farben erh\u00e4ltlich, darunter klassisches Schwarz, leuchtendes Gr\u00fcn, verspieltes Rosa und leidenschaftliches Rot. Jede Farbe verleiht dem Bondage-Erlebnis ihren eigenen Charakter und ihre eigene Stimmung und erm\u00f6glicht so eine pers\u00f6nliche Note.<\/p>\n\n\n\n<p><strong>Umfassende Bondage-L\u00f6sung<\/strong>: Dieses Set wurde sowohl f\u00fcr Enthusiasten als auch f\u00fcr Anf\u00e4nger entwickelt und bietet eine Komplettl\u00f6sung f\u00fcr das Bondage-Spiel. Die Einbeziehung wesentlicher Gegenst\u00e4nde wie Leine, Handschellen, Fu\u00dffesseln und Halsb\u00e4nder stellt sicher, dass Sie alles haben, was Sie f\u00fcr ein umfassendes Erlebnis ben\u00f6tigen.<\/p>\n\n\n\n<p><strong>Hochwertiges PU und Hardware<\/strong>: Jeder Artikel in diesem Kit ist aus hochwertigem PU gefertigt und mit hochwertiger Hardware ausgestattet und auf Langlebigkeit und Komfort ausgelegt. Die Materialien wurden sorgf\u00e4ltig ausgew\u00e4hlt, um den Strapazen des Spiels standzuhalten und gleichzeitig eine bequeme Passform zu gew\u00e4hrleisten, was es ideal f\u00fcr l\u00e4ngere Sitzungen macht.<\/p>\n\n\n\n<p><strong>Perfekt f\u00fcr Selbstbondage und Partnerspiele<\/strong>: Ganz gleich, ob Sie Selbstbondage erforschen oder sich auf Partnerspiele einlassen, dieses Set bietet Vielseitigkeit und Zuverl\u00e4ssigkeit. Der <strong>Haltegurte aus Leder<\/strong> Dank seines robusten Designs eignet es sich f\u00fcr eine Vielzahl von Szenarien, von leichten Neckereien bis hin zu intensiveren R\u00fcckhaltesystemen.<\/p>\n\n\n\n<p><strong>Diskrete und einfache Aufbewahrung<\/strong>: Trotz seiner robusten Bauweise ist dies <strong>Self-Bondage-Zubeh\u00f6r<\/strong> Das Kit ist f\u00fcr die diskrete Aufbewahrung konzipiert. Jedes Teil kann ordentlich verstaut werden, was Privatsph\u00e4re und Komfort f\u00fcr Benutzer gew\u00e4hrleistet, die Wert auf Diskretion legen.<\/p>\n\n\n\n<p>Tauchen Sie mit unserer Langnieten-Bondage-Ausr\u00fcstung in die Tiefen Ihrer W\u00fcnsche ein. Seine Kombination aus \u00e4sthetischem Reiz, funktionalem Design und langlebiger Konstruktion macht ihn zu einem Muss f\u00fcr alle, die die Grenzen von Vergn\u00fcgen und Zur\u00fcckhaltung erkunden m\u00f6chten. Bestellen Sie jetzt und entdecken Sie ein neues Ma\u00df an Intensit\u00e4t und Stil in Ihrem<\/p>","protected":false},"excerpt":{"rendered":"<p>Betreten Sie mit uns ein Reich intensiven Spielens <strong>Hochleistungs-Hogtie-Set<\/strong>, mit langen Nietenverzierungen. Diese Kollektion umfasst eine Leine, Handschellen, Fu\u00dffesseln und Halsb\u00e4nder und kombiniert hochwertiges PU mit erstklassiger Hardware in Schwarz, Gr\u00fcn, Pink und Rot.<\/p>","protected":false},"featured_media":49396,"template":"","meta":[],"product_brand":[],"product_cat":[1059,1061,1066],"product_tag":[],"class_list":{"0":"post-49405","1":"product","2":"type-product","3":"status-publish","4":"has-post-thumbnail","6":"product_cat-wholesale-bondage-equipment","7":"product_cat-wholesale-bondage-gear","8":"product_cat-handcuffs-bondage-collars-ankle-strap","9":"pa_color-black","10":"pa_color-green","11":"pa_color-pink-women-sexy-lingerie","12":"pa_color-red-women-sexy-lingerie","14":"first","15":"instock","16":"taxable","17":"shipping-taxable","18":"purchasable","19":"product-type-variable"},"tiered_pricing_type":"fixed","tiered_pricing_fixed_rules":[],"tiered_pricing_product_settings":{"layout":"table","base_unit_name":{"singular":null,"plural":null},"default_variation":null},"tiered_pricing_minimum_quantity":null,"tiered_pricing_roles_data":[],"tiered_pricing_percentage_rules":[],"tiered_pricing_maximum_quantity":null,"tiered_pricing_quantity_step":null,"_links":{"self":[{"href":"https:\/\/gretasexylingerie.com\/de\/wp-json\/wp\/v2\/product\/49405","targetHints":{"allow":["GET"]}}],"collection":[{"href":"https:\/\/gretasexylingerie.com\/de\/wp-json\/wp\/v2\/product"}],"about":[{"href":"https:\/\/gretasexylingerie.com\/de\/wp-json\/wp\/v2\/types\/product"}],"wp:featuredmedia":[{"embeddable":true,"href":"https:\/\/gretasexylingerie.com\/de\/wp-json\/wp\/v2\/media\/49396"}],"wp:attachment":[{"href":"https:\/\/gretasexylingerie.com\/de\/wp-json\/wp\/v2\/media?parent=49405"}],"wp:term":[{"taxonomy":"product_brand","embeddable":true,"href":"https:\/\/gretasexylingerie.com\/de\/wp-json\/wp\/v2\/product_brand?post=49405"},{"taxonomy":"product_cat","embeddable":true,"href":"https:\/\/gretasexylingerie.com\/de\/wp-json\/wp\/v2\/product_cat?post=49405"},{"taxonomy":"product_tag","embeddable":true,"href":"https:\/\/gretasexylingerie.com\/de\/wp-json\/wp\/v2\/product_tag?post=49405"}],"curies":[{"name":"wp","href":"https:\/\/api.w.org\/{rel}","templated":true}]}}