{"id":49288,"date":"2024-02-27T20:12:50","date_gmt":"2024-02-27T12:12:50","guid":{"rendered":"https:\/\/gretasexylingerie.com\/?post_type=product&#038;p=49288"},"modified":"2024-02-29T17:09:01","modified_gmt":"2024-02-29T09:09:01","slug":"groshandel-mit-tarn-bondage-ausrustung","status":"publish","type":"product","link":"https:\/\/gretasexylingerie.com\/de\/products\/wholesale-camouflage-bondage-equipment\/","title":{"rendered":"Gro\u00dfhandel mit Camouflage-Bondage-Ausr\u00fcstung f\u00fcr Armee-Cosplay"},"content":{"rendered":"<p><strong>Von der Armee inspiriertes Tarndesign<\/strong>: Erleben Sie den Nervenkitzel des Unbekannten mit einer Bondage-Ausr\u00fcstung, die eine Hommage an das Armee-Cosplay darstellt. Das Tarnmuster sorgt nicht nur f\u00fcr ein faszinierendes Element, sondern bereitet auch die B\u00fchne f\u00fcr fantasievolle Szenarien \u2013 perfekt f\u00fcr alle, die ein milit\u00e4risches Thema in ihr Spiel integrieren m\u00f6chten.<\/p>\n\n\n\n<p><strong>Komplettes Set f\u00fcr abwechslungsreiches Spielen<\/strong>: Dieses umfassende Set umfasst ein Lederpaddel, eine Augenbinde, eine Leine, Handschellen, Fu\u00dffesseln, Halsb\u00e4nder, eine Kreuzschnalle und einen Knebel. Es ist so konzipiert, dass es eine Vielzahl von Vorlieben und Szenarien abdeckt, vom leichten Necken bis zum intensiveren Fesselspiel.<\/p>\n\n\n\n<p><strong>Hochwertige Materialien f\u00fcr Langlebigkeit<\/strong>: Jedes Teil dieses Sets ist aus hochwertigem PU gefertigt und mit hochwertiger Hardware ausgestattet und auf Langlebigkeit ausgelegt. Die langlebigen Materialien sorgen daf\u00fcr, dass die Ausr\u00fcstung den Strapazen des Spiels standh\u00e4lt und sowohl Sicherheit als auch Zuverl\u00e4ssigkeit bietet.<\/p>\n\n\n\n<p><strong>F\u00fchren Sie neue Dynamiken mit dem Humble and Hogtied Toy ein<\/strong>: Mit der Einbeziehung von Elementen wie a <strong>bescheidener mit Fu\u00dffesseln<\/strong> und ein <strong>Hogtie-Spielzeug<\/strong>Dieses Kit erm\u00f6glicht die Erkundung neuer Dynamiken und Positionen. Diese Erg\u00e4nzungen sind perfekt f\u00fcr diejenigen, die ihr Repertoire erweitern und ein gewisses Ma\u00df an Demut oder Immobilisierung in ihre Sitzungen einbringen m\u00f6chten.<\/p>\n\n\n\n<p><strong>Perfekt f\u00fcr Themenspiele und Cosplay<\/strong>: Egal, ob Sie ein Fan von Armee-Cosplay sind oder einfach nur die \u00c4sthetik der Tarnung genie\u00dfen, dieses Bondage-Ausr\u00fcstungsset bietet eine einzigartige M\u00f6glichkeit, Ihr Spiel zu verbessern. Es ist ideal f\u00fcr Themenveranstaltungen, Partys oder private Sitzungen, bei denen Rollenspiele und Kost\u00fcme f\u00fcr noch mehr Spannung sorgen.<\/p>\n\n\n\n<p><strong>Sexy Sklavenspielzeug f\u00fcr abenteuerlustige Paare<\/strong>: In diesem Set geht es nicht nur um den physischen Aspekt der Fesselung; es ist auch ein <strong>sexy Sklavenspielzeug<\/strong> Das kann dazu beitragen, die Verbindung zwischen Partnern zu vertiefen. Es f\u00f6rdert Vertrauen, Kommunikation und die Erkundung von Grenzen auf sichere und einvernehmliche Weise.<\/p>\n\n\n\n<p>Betreten Sie eine Welt voller Fantasie und Kontrolle mit unserem Camouflage-Bondage-Ausr\u00fcstungsset. Ganz gleich, ob Sie ein Cosplay im Armee-Stil planen oder Ihrem Spiel einfach etwas Faszinierendes hinzuf\u00fcgen m\u00f6chten, dieses Kit bietet die perfekte Kombination aus Qualit\u00e4t, Vielseitigkeit und thematischem Reiz. Bestellen Sie jetzt und begeben Sie sich auf eine Mission des Vergn\u00fcgens und<\/p>","protected":false},"excerpt":{"rendered":"<p>Tauchen Sie ein in gewagte Spiele mit unserem <strong>Tarn-Bondage-Ausr\u00fcstung<\/strong>, ein komplettes Set f\u00fcr Armee-Cosplay-Enthusiasten. Dieses Kit besteht aus hochwertigem PU und Hardware und enth\u00e4lt alles, was Sie f\u00fcr ein fesselndes Erlebnis ben\u00f6tigen.<\/p>","protected":false},"featured_media":49276,"template":"","meta":[],"product_brand":[],"product_cat":[1059,1061],"product_tag":[],"class_list":{"0":"post-49288","1":"product","2":"type-product","3":"status-publish","4":"has-post-thumbnail","6":"product_cat-wholesale-bondage-equipment","7":"product_cat-wholesale-bondage-gear","8":"pa_color-camouflage","10":"first","11":"instock","12":"taxable","13":"shipping-taxable","14":"purchasable","15":"product-type-variable"},"tiered_pricing_type":"fixed","tiered_pricing_fixed_rules":[],"tiered_pricing_product_settings":{"layout":"table","base_unit_name":{"singular":null,"plural":null},"default_variation":null},"tiered_pricing_minimum_quantity":null,"tiered_pricing_roles_data":[],"tiered_pricing_percentage_rules":[],"tiered_pricing_maximum_quantity":null,"tiered_pricing_quantity_step":null,"_links":{"self":[{"href":"https:\/\/gretasexylingerie.com\/de\/wp-json\/wp\/v2\/product\/49288","targetHints":{"allow":["GET"]}}],"collection":[{"href":"https:\/\/gretasexylingerie.com\/de\/wp-json\/wp\/v2\/product"}],"about":[{"href":"https:\/\/gretasexylingerie.com\/de\/wp-json\/wp\/v2\/types\/product"}],"wp:featuredmedia":[{"embeddable":true,"href":"https:\/\/gretasexylingerie.com\/de\/wp-json\/wp\/v2\/media\/49276"}],"wp:attachment":[{"href":"https:\/\/gretasexylingerie.com\/de\/wp-json\/wp\/v2\/media?parent=49288"}],"wp:term":[{"taxonomy":"product_brand","embeddable":true,"href":"https:\/\/gretasexylingerie.com\/de\/wp-json\/wp\/v2\/product_brand?post=49288"},{"taxonomy":"product_cat","embeddable":true,"href":"https:\/\/gretasexylingerie.com\/de\/wp-json\/wp\/v2\/product_cat?post=49288"},{"taxonomy":"product_tag","embeddable":true,"href":"https:\/\/gretasexylingerie.com\/de\/wp-json\/wp\/v2\/product_tag?post=49288"}],"curies":[{"name":"wp","href":"https:\/\/api.w.org\/{rel}","templated":true}]}}