{"id":49272,"date":"2024-02-27T20:11:34","date_gmt":"2024-02-27T12:11:34","guid":{"rendered":"https:\/\/gretasexylingerie.com\/?post_type=product&#038;p=49272"},"modified":"2024-02-29T17:01:00","modified_gmt":"2024-02-29T09:01:00","slug":"groshandel-mit-fuchsmuster-weicher-bondage-ausrustung","status":"publish","type":"product","link":"https:\/\/gretasexylingerie.com\/de\/products\/wholesale-fox-pattern-soft-bondage-gear\/","title":{"rendered":"Gro\u00dfhandel mit Fox-Muster, weicher Bondage-Ausr\u00fcstung mit vergoldeter Beschichtung"},"content":{"rendered":"<p><strong>Bezauberndes Fuchsmuster<\/strong>: Tauchen Sie mit unserer Bondage-Ausr\u00fcstung in die Faszination des Fuchses ein, ein Symbol f\u00fcr List und Sch\u00f6nheit. Das vergoldete Muster auf jedem St\u00fcck verleiht einen Hauch von Luxus und Mystik und l\u00e4dt Tr\u00e4ger dazu ein, den verspielten und verf\u00fchrerischen Geist des Fuchses zu verk\u00f6rpern.<\/p>\n\n\n\n<p><strong>Luxuri\u00f6se vergoldete Akzente<\/strong>: Erh\u00f6hen Sie Ihr Bondage-Spiel mit der Opulenz vergoldeter Details. Diese Akzente steigern nicht nur die \u00c4sthetik, sondern zeugen auch von einem erstklassigen handwerklichen Niveau und machen jede Sitzung zu einem luxuri\u00f6sen Erlebnis.<\/p>\n\n\n\n<p><strong>Umfassendes Kit f\u00fcr verbessertes Spielen<\/strong>: Die Leine, die Handschellen und die Fu\u00dffessel dieses Sets bieten eine vielseitige Grundlage f\u00fcr Erkundungen. Egal, ob Sie ein erfahrener Praktiker oder ein Neuling in der Szene sind, das Set bietet eine ausgewogene Mischung aus Zur\u00fcckhaltung und Komfort, ideal f\u00fcr einen <strong>unterw\u00fcrfiges Kragenleder<\/strong> Sammlung.<\/p>\n\n\n\n<p><strong>Hochwertige Materialien<\/strong>: Jeder Artikel im Set ist aus hochwertigem PU gefertigt und mit erstklassiger Hardware ausgestattet und auf Langlebigkeit, Sicherheit und Komfort ausgelegt. Die weichen und dennoch robusten Materialien sorgen f\u00fcr ein angenehmes Erlebnis und f\u00fcgen sich nahtlos in jedes ein <strong>Set mit Nacken- und Handgelenkfesseln<\/strong>.<\/p>\n\n\n\n<p><strong>Auff\u00e4lliges rot-schwarzes Design<\/strong>: Die k\u00fchne Kombination aus Rot und Schwarz setzt nicht nur ein visuelles Statement, sondern ruft auch ein tiefes Gef\u00fchl von Leidenschaft und Intensit\u00e4t hervor. Dieses Farbschema ist perfekt f\u00fcr diejenigen, die ihrem Bondage-Spiel eine dramatische Note verleihen m\u00f6chten.<\/p>\n\n\n\n<p><strong>Vielseitig und fantasievoll einsetzbar<\/strong>: Inspiriert von der List und Verlockung des Fuchses regt dieses Set zum fantasievollen Spielen und Entdecken an. Es ist eine perfekte Erg\u00e4nzung zu jedem <strong>Soft-Bondage-Ausr\u00fcstung<\/strong> Sammlung, die endlose M\u00f6glichkeiten f\u00fcr kreative Szenarien und dynamische Interaktionen bietet.<\/p>\n\n\n\n<p>Genie\u00dfen Sie die Eleganz und Faszination unserer Fuchs-Bondage-Ausr\u00fcstung. Dieses Set ist mehr als nur Zubeh\u00f6r; Es ist ein Tor zu einer Welt voller Fantasie und Entdeckungen. Bestellen Sie jetzt und verwandeln Sie Ihr Fesselspiel in ein exquisites Erlebnis, das fesselt und erfreut.<\/p>","protected":false},"excerpt":{"rendered":"<p>Betreten Sie mit uns ein Reich der Fantasie <strong>Soft-Bondage-Ausr\u00fcstung<\/strong>, verziert mit einem exquisiten Fuchsmuster und vergoldeten Akzenten. Dieses rot-schwarze Set, bestehend aus Leine, Handschellen und Fu\u00dffessel, kombiniert hochwertiges PU mit erstklassiger Hardware f\u00fcr ein bezauberndes Erlebnis.<\/p>","protected":false},"featured_media":49267,"template":"","meta":[],"product_brand":[],"product_cat":[1059,1061,1066],"product_tag":[],"class_list":{"0":"post-49272","1":"product","2":"type-product","3":"status-publish","4":"has-post-thumbnail","6":"product_cat-wholesale-bondage-equipment","7":"product_cat-wholesale-bondage-gear","8":"product_cat-handcuffs-bondage-collars-ankle-strap","9":"pa_color-black","10":"pa_color-green","11":"pa_size-anklet-cuff","12":"pa_size-collar","13":"pa_size-handcuff","14":"pa_size-set","16":"first","17":"instock","18":"taxable","19":"shipping-taxable","20":"purchasable","21":"product-type-variable"},"tiered_pricing_type":"fixed","tiered_pricing_fixed_rules":[],"tiered_pricing_product_settings":{"layout":"table","base_unit_name":{"singular":null,"plural":null},"default_variation":null},"tiered_pricing_minimum_quantity":null,"tiered_pricing_roles_data":[],"tiered_pricing_percentage_rules":[],"tiered_pricing_maximum_quantity":null,"tiered_pricing_quantity_step":null,"_links":{"self":[{"href":"https:\/\/gretasexylingerie.com\/de\/wp-json\/wp\/v2\/product\/49272","targetHints":{"allow":["GET"]}}],"collection":[{"href":"https:\/\/gretasexylingerie.com\/de\/wp-json\/wp\/v2\/product"}],"about":[{"href":"https:\/\/gretasexylingerie.com\/de\/wp-json\/wp\/v2\/types\/product"}],"wp:featuredmedia":[{"embeddable":true,"href":"https:\/\/gretasexylingerie.com\/de\/wp-json\/wp\/v2\/media\/49267"}],"wp:attachment":[{"href":"https:\/\/gretasexylingerie.com\/de\/wp-json\/wp\/v2\/media?parent=49272"}],"wp:term":[{"taxonomy":"product_brand","embeddable":true,"href":"https:\/\/gretasexylingerie.com\/de\/wp-json\/wp\/v2\/product_brand?post=49272"},{"taxonomy":"product_cat","embeddable":true,"href":"https:\/\/gretasexylingerie.com\/de\/wp-json\/wp\/v2\/product_cat?post=49272"},{"taxonomy":"product_tag","embeddable":true,"href":"https:\/\/gretasexylingerie.com\/de\/wp-json\/wp\/v2\/product_tag?post=49272"}],"curies":[{"name":"wp","href":"https:\/\/api.w.org\/{rel}","templated":true}]}}