{"id":49181,"date":"2024-02-27T20:05:01","date_gmt":"2024-02-27T12:05:01","guid":{"rendered":"https:\/\/gretasexylingerie.com\/?post_type=product&#038;p=49181"},"modified":"2024-02-29T12:57:29","modified_gmt":"2024-02-29T04:57:29","slug":"frisky-schlafzimmer-ruckhalteset-im-groshandel-4","status":"publish","type":"product","link":"https:\/\/gretasexylingerie.com\/de\/products\/wholesale-frisky-bedroom-restraint-kit\/","title":{"rendered":"Frisky Schlafzimmer-R\u00fcckhalteset mit Katzenkrallenpaddel im Gro\u00dfhandel"},"content":{"rendered":"<p><strong>Katzenklauen-Lederpaddel<\/strong>: Verleihen Sie Ihrer Erkundung mit dem Katzenklauen-Lederpaddel eine verspielte und dennoch gewagte Note. Sein einzigartiges Design verspricht einen bleibenden Eindruck zu hinterlassen und macht es zu einem herausragenden St\u00fcck in jedem Raum <strong>Bonage-Ausr\u00fcstung<\/strong> Sammlung.<\/p>\n\n\n\n<p><strong>Umfangreiches Restraint-Ensemble<\/strong>: Dieses Set umfasst ein Lederpaddel, eine Augenbinde, eine Leine, Handschellen, Fu\u00dffesseln, Halsb\u00e4nder und eine Kreuzschnalle und bietet ein umfassendes Spektrum an M\u00f6glichkeiten f\u00fcr das Fesselspiel. Jedes St\u00fcck ist so konzipiert, dass es die anderen erg\u00e4nzt und ein zusammenh\u00e4ngendes und umfassendes Erlebnis bietet.<\/p>\n\n\n\n<p><strong>Premium-Materialien<\/strong>: Dieses aus hochwertigem PU-Leder und robuster Hardware gefertigte Set vereint Komfort und Haltbarkeit. Die Materialien werden nicht nur aufgrund ihres \u00e4sthetischen Reizes ausgew\u00e4hlt, sondern auch aufgrund ihrer F\u00e4higkeit, den Strapazen einer leidenschaftlichen Nutzung standzuhalten.<\/p>\n\n\n\n<p><strong>Kontrastfarbenes Design<\/strong>: Der auff\u00e4llige Kontrast von Schwarz und Wei\u00df sowie Rot und Schwarz verleiht dem physischen Erlebnis ein visuelles Element. Dieses kr\u00e4ftige Farbschema steigert nicht nur die optische Attraktivit\u00e4t, sondern intensiviert auch das Sinnesspiel und macht jedes St\u00fcck zu einem Fest f\u00fcr die Sinne.<\/p>\n\n\n\n<p><strong>Vielseitig einsetzbar<\/strong>: Ganz gleich, ob Sie Spannung in Ihren Schlafzimmeralltag bringen oder neue Dynamiken in Ihrer Beziehung entdecken m\u00f6chten, dies <strong>Bonage-Ausr\u00fcstung<\/strong> Das Set deckt ein breites Spektrum an Vorlieben und Szenarien ab. Es ist sowohl f\u00fcr Anf\u00e4nger als auch f\u00fcr erfahrene Enthusiasten geeignet.<\/p>\n\n\n\n<p><strong>Diskrete Aufbewahrungsl\u00f6sung<\/strong>: Das durchdachte Design des Sets umfasst eine diskrete Aufbewahrungsl\u00f6sung, die es Ihnen erm\u00f6glicht, Ihre Gegenst\u00e4nde ordentlich organisiert und au\u00dfer Sichtweite aufzubewahren, wenn sie nicht verwendet werden. Diese praktische Funktion sorgt daf\u00fcr, dass Ihre intimen Momente privat bleiben und immer bereit sind, wann immer Sie Lust dazu haben.<\/p>\n\n\n\n<p>Betreten Sie eine Welt voller spielerischer Dominanz und Unterwerfung mit unserem verspielten Fesselset f\u00fcr das Schlafzimmer. Sein einzigartiges Katzenkrallenpaddel und die umfassende Auswahl an Fesseln bieten eine aufregende M\u00f6glichkeit, Grenzen und W\u00fcnsche zu erkunden. Bestellen Sie jetzt und verwandeln Sie Ihr Schlafzimmer in einen Spielplatz der Fantasie und des Vergn\u00fcgens<\/p>","protected":false},"excerpt":{"rendered":"<p>Entfesseln Sie Ihre wilde Seite mit unserem <strong>Frisky Schlafzimmer-R\u00fcckhalteset<\/strong>, mit einem Katzenklauen-Lederpaddel. Dieses Set, komplett mit einer Reihe von Fesseln in einem auff\u00e4lligen Schwarz-Wei\u00df-, Rot-Schwarz-Design, ist aus hochwertigem PU und Hardware f\u00fcr abenteuerlustige Paare gefertigt.<\/p>","protected":false},"featured_media":49172,"template":"","meta":[],"product_brand":[],"product_cat":[1059,1061],"product_tag":[],"class_list":{"0":"post-49181","1":"product","2":"type-product","3":"status-publish","4":"has-post-thumbnail","6":"product_cat-wholesale-bondage-equipment","7":"product_cat-wholesale-bondage-gear","8":"pa_color-black","9":"pa_color-red-women-sexy-lingerie","11":"first","12":"instock","13":"taxable","14":"shipping-taxable","15":"purchasable","16":"product-type-variable"},"tiered_pricing_type":"fixed","tiered_pricing_fixed_rules":[],"tiered_pricing_product_settings":{"layout":"table","base_unit_name":{"singular":null,"plural":null},"default_variation":null},"tiered_pricing_minimum_quantity":null,"tiered_pricing_roles_data":[],"tiered_pricing_percentage_rules":[],"tiered_pricing_maximum_quantity":null,"tiered_pricing_quantity_step":null,"_links":{"self":[{"href":"https:\/\/gretasexylingerie.com\/de\/wp-json\/wp\/v2\/product\/49181","targetHints":{"allow":["GET"]}}],"collection":[{"href":"https:\/\/gretasexylingerie.com\/de\/wp-json\/wp\/v2\/product"}],"about":[{"href":"https:\/\/gretasexylingerie.com\/de\/wp-json\/wp\/v2\/types\/product"}],"wp:featuredmedia":[{"embeddable":true,"href":"https:\/\/gretasexylingerie.com\/de\/wp-json\/wp\/v2\/media\/49172"}],"wp:attachment":[{"href":"https:\/\/gretasexylingerie.com\/de\/wp-json\/wp\/v2\/media?parent=49181"}],"wp:term":[{"taxonomy":"product_brand","embeddable":true,"href":"https:\/\/gretasexylingerie.com\/de\/wp-json\/wp\/v2\/product_brand?post=49181"},{"taxonomy":"product_cat","embeddable":true,"href":"https:\/\/gretasexylingerie.com\/de\/wp-json\/wp\/v2\/product_cat?post=49181"},{"taxonomy":"product_tag","embeddable":true,"href":"https:\/\/gretasexylingerie.com\/de\/wp-json\/wp\/v2\/product_tag?post=49181"}],"curies":[{"name":"wp","href":"https:\/\/api.w.org\/{rel}","templated":true}]}}