{"id":49071,"date":"2024-02-26T14:58:02","date_gmt":"2024-02-26T06:58:02","guid":{"rendered":"https:\/\/gretasexylingerie.com\/?post_type=product&#038;p=49071"},"modified":"2024-02-26T16:43:51","modified_gmt":"2024-02-26T08:43:51","slug":"ganzkorper-netzstrumpf-mit-offenem-schritt-im-groshandel","status":"publish","type":"product","link":"https:\/\/gretasexylingerie.com\/de\/products\/wholesale-open-crotch-full-body-fishnet-stocking\/","title":{"rendered":"Ganzk\u00f6rper-Netzstrumpf mit offenem Schritt im Gro\u00dfhandel"},"content":{"rendered":"<p><strong>Neckholder-Design<\/strong>: Das Neckholder-Design dieses Bodystockings verleiht einen klassischen und dennoch sexy Touch und umrahmt Schultern und Hals wundersch\u00f6n. Es ist perfekt f\u00fcr diejenigen, die eine Kombination aus Eleganz und Reiz in ihrem Outfit suchen <strong>Bodystocking mit offenem Schritt<\/strong>.<\/p>\n\n\n\n<p><strong>Komplizierte Liniendetails<\/strong>: Dieser Bodystocking ist mit aufwendigen Liniendesigns verziert, die die nat\u00fcrlichen Kurven des K\u00f6rpers konturieren und hervorheben. Die Details verleihen ihm Tiefe und Struktur und machen ihn zu einem herausragenden St\u00fcck in jedem Raum <strong>Ouvert-Bodystocking<\/strong> Sammlung.<\/p>\n\n\n\n<p><strong>Offene Schrittfunktion<\/strong>: Das Design mit offenem Schritt bringt ein Element von K\u00fchnheit und Sinnlichkeit mit sich und richtet sich an diejenigen, die ihrer Dessous-Garderobe ein gewagtes St\u00fcck hinzuf\u00fcgen m\u00f6chten. Es eignet sich ideal f\u00fcr intime Anl\u00e4sse und sorgt f\u00fcr zus\u00e4tzliche Spannung und Spannung.<\/p>\n\n\n\n<p><strong>Super sexy Appeal<\/strong>: Dieser Ganzk\u00f6rper-Netzstrumpf ist der Inbegriff sexy Dessous. Sein transparenter, durchsichtiger Stoff und die k\u00f6rpernahe Passform bieten einen verlockenden Blick und machen es zu einem Must-have f\u00fcr alle, die ihre Dessous auf ein neues Niveau bringen m\u00f6chten.<\/p>\n\n\n\n<p><strong>Vielseitig und kraftvoll<\/strong>: Perfekt f\u00fcr verschiedene Anl\u00e4sse, von privaten Abenden bis hin zu Mottopartys, dieser Bodystocking erm\u00f6glicht es Tr\u00e4gern, ihren einzigartigen Stil und ihr Selbstvertrauen zum Ausdruck zu bringen.<\/p>\n\n\n\n<p><strong>Perfekt f\u00fcr vielf\u00e4ltige Sammlungen<\/strong>: Ob f\u00fcr eine Boutique oder ein gr\u00f6\u00dferes Einzelhandelsgesch\u00e4ft, dieser Bodystocking ist eine ausgezeichnete Wahl. Es spricht Kunden an, die innovative, mutige und hochwertige Dessous suchen.<\/p>\n\n\n\n<p>Laden Sie Ihre Kunden ein, ihre mutige Seite mit unserem Ganzk\u00f6rper-Netzstrumpf mit offenem Schritt zu zeigen. Sein einzigartiges Design und die Liebe zum Detail machen es zu einem Must-Have f\u00fcr jede Kollektion, die eine Mischung aus Eleganz und Stil bieten m\u00f6chte. Bestellen Sie jetzt und verleihen Sie Ihrem Angebot einen Hauch gewagter Eleganz!<\/p>","protected":false},"excerpt":{"rendered":"<p>Tauchen Sie ein in die Faszination mit unserem <strong>sexy Ganzk\u00f6rperstrumpf<\/strong>, ein bezauberndes Neckholder-Design mit aufwendigen Liniendetails und einem offenen Schritt f\u00fcr einen zus\u00e4tzlichen Hauch von Verf\u00fchrung.<\/p>","protected":false},"featured_media":49070,"template":"","meta":[],"product_brand":[],"product_cat":[405,407,404],"product_tag":[528,451,449,866],"class_list":{"0":"post-49071","1":"product","2":"type-product","3":"status-publish","4":"has-post-thumbnail","6":"product_cat-wholesale-bodystocking","7":"product_cat-wholesale-full-body-stocking","8":"product_cat-sexy-stocking","9":"product_tag-halter-lingerie","10":"product_tag-wholesale-revealing-lingerie","11":"product_tag-wholesale-sexy-crotchless-lingerie","12":"product_tag-sexy-romper-lingerie","13":"pa_color-black","14":"pa_size-free","16":"first","17":"instock","18":"taxable","19":"shipping-taxable","20":"purchasable","21":"product-type-variable"},"tiered_pricing_type":"fixed","tiered_pricing_fixed_rules":[],"tiered_pricing_product_settings":{"layout":"table","base_unit_name":{"singular":null,"plural":null},"default_variation":null},"tiered_pricing_minimum_quantity":null,"tiered_pricing_roles_data":[],"tiered_pricing_percentage_rules":[],"tiered_pricing_maximum_quantity":null,"tiered_pricing_quantity_step":null,"_links":{"self":[{"href":"https:\/\/gretasexylingerie.com\/de\/wp-json\/wp\/v2\/product\/49071","targetHints":{"allow":["GET"]}}],"collection":[{"href":"https:\/\/gretasexylingerie.com\/de\/wp-json\/wp\/v2\/product"}],"about":[{"href":"https:\/\/gretasexylingerie.com\/de\/wp-json\/wp\/v2\/types\/product"}],"wp:featuredmedia":[{"embeddable":true,"href":"https:\/\/gretasexylingerie.com\/de\/wp-json\/wp\/v2\/media\/49070"}],"wp:attachment":[{"href":"https:\/\/gretasexylingerie.com\/de\/wp-json\/wp\/v2\/media?parent=49071"}],"wp:term":[{"taxonomy":"product_brand","embeddable":true,"href":"https:\/\/gretasexylingerie.com\/de\/wp-json\/wp\/v2\/product_brand?post=49071"},{"taxonomy":"product_cat","embeddable":true,"href":"https:\/\/gretasexylingerie.com\/de\/wp-json\/wp\/v2\/product_cat?post=49071"},{"taxonomy":"product_tag","embeddable":true,"href":"https:\/\/gretasexylingerie.com\/de\/wp-json\/wp\/v2\/product_tag?post=49071"}],"curies":[{"name":"wp","href":"https:\/\/api.w.org\/{rel}","templated":true}]}}