{"id":49064,"date":"2024-02-26T14:56:57","date_gmt":"2024-02-26T06:56:57","guid":{"rendered":"https:\/\/gretasexylingerie.com\/?post_type=product&#038;p=49064"},"modified":"2024-02-26T16:41:51","modified_gmt":"2024-02-26T08:41:51","slug":"glitzernder-bodystocking-mit-strasssteinen-im-groshandel","status":"publish","type":"product","link":"https:\/\/gretasexylingerie.com\/de\/products\/wholesale-sparkle-and-shine-rhinestone-bodystocking\/","title":{"rendered":"Sparkle and Shine Strass-Bodystocking im Gro\u00dfhandel"},"content":{"rendered":"<p><strong>Langarm-Eleganz<\/strong>: Die langen \u00c4rmel dieses Bodystockings verleihen ihm einen Hauch von Raffinesse und Stil und machen ihn zu einem vielseitigen St\u00fcck f\u00fcr verschiedene Anl\u00e4sse. Das Design ist perfekt f\u00fcr diejenigen, die ein <strong>Bodystocking Langarm<\/strong> das Eleganz mit einem Hauch von Faszination verbindet.<\/p>\n\n\n\n<p><strong>Rundhals-Komfort<\/strong>: Das Rundhals-Design bietet eine bequeme Passform und beh\u00e4lt gleichzeitig eine schlanke und modische Silhouette. Diese Eigenschaft sorgt daf\u00fcr, dass der Bodystocking nicht nur stilvoll ist, sondern auch \u00fcber l\u00e4ngere Zeit bequem getragen werden kann.<\/p>\n\n\n\n<p><strong>Hohles Netz mit Strasssteinen<\/strong>: Das hohle Mesh-Detail sorgt f\u00fcr einen verlockenden Blick auf die Haut, verst\u00e4rkt durch das Funkeln hei\u00dfer Strasssteine. Durch diese Kombination entsteht ein atemberaubender optischer Effekt, der den Bodystocking zu einem Blickfang in jedem Outfit macht <strong>Geschirr sexy Dessous<\/strong> Sammlung.<\/p>\n\n\n\n<p><strong>Integrierte Hosentr\u00e4ger und Beinschlaufen<\/strong>: Der Bodystocking verf\u00fcgt \u00fcber integrierte Hosentr\u00e4ger und Beinschlaufen und f\u00fcgt so ein funktionales und dennoch stilvolles Element hinzu. Diese Funktion gew\u00e4hrleistet einen sicheren Sitz und verleiht dem Design eine zus\u00e4tzliche Ebene der Raffinesse.<\/p>\n\n\n\n<p><strong>Diamant-Fischnetz-\u00c4sthetik<\/strong>: Das in den Bodystocking eingewebte Rauten-Netzmuster verleiht ihm Struktur und Tiefe und wertet das Gesamtbild auf. Dieses Detail ist perfekt f\u00fcr diejenigen, die die komplizierten Designs in ihrem Design sch\u00e4tzen <strong>Designer-BH-H\u00f6schen-Set<\/strong>.<\/p>\n\n\n\n<p><strong>Perfekt f\u00fcr besondere Anl\u00e4sse<\/strong>: Ideal, um besonderen Abenden einen Hauch von Glamour zu verleihen oder als auff\u00e4lliges Mode-Statement. Dieser Bodystocking ist vielseitig genug, um zu verschiedenen Anl\u00e4ssen zu passen, was ihn zu einer wertvollen Erg\u00e4nzung jeder Dessous- oder Modekollektion macht.<\/p>\n\n\n\n<p>Laden Sie Ihre Kunden ein, ihre mutige und glamour\u00f6se Seite mit unserem Strass-Bodystocking zu zeigen. Sein einzigartiges Design und die Liebe zum Detail machen es zu einem Muss f\u00fcr jede Kollektion, die eine Mischung aus Raffinesse, Stil und Glanz bieten m\u00f6chte. Bestellen Sie jetzt und verleihen Sie Ihrem Angebot einen Hauch schillernder Eleganz!<\/p>","protected":false},"excerpt":{"rendered":"<p>Blenden Sie in unserem <strong>Glitzernder Bodystocking mit Strasssteinen<\/strong>, mit langen \u00c4rmeln, Rundhalsausschnitt und Hohlnetz, verziert mit hei\u00dfen Strasssteinen f\u00fcr einen unvergesslichen Look.<\/p>","protected":false},"featured_media":49059,"template":"","meta":[],"product_brand":[],"product_cat":[405,408,404,409],"product_tag":[448,525],"class_list":{"0":"post-49064","1":"product","2":"type-product","3":"status-publish","4":"has-post-thumbnail","6":"product_cat-wholesale-bodystocking","7":"product_cat-wholesale-rhinestone-bodystocking","8":"product_cat-sexy-stocking","9":"product_cat-wholesale-stocking-bodysuit","10":"product_tag-wholesale-elegant-sexy-lingerie","11":"product_tag-rhinestone-lingerie","13":"first","14":"instock","15":"taxable","16":"shipping-taxable","17":"purchasable","18":"product-type-variable"},"tiered_pricing_type":"fixed","tiered_pricing_fixed_rules":[],"tiered_pricing_product_settings":{"layout":"table","base_unit_name":{"singular":null,"plural":null},"default_variation":null},"tiered_pricing_minimum_quantity":null,"tiered_pricing_roles_data":[],"tiered_pricing_percentage_rules":[],"tiered_pricing_maximum_quantity":null,"tiered_pricing_quantity_step":null,"_links":{"self":[{"href":"https:\/\/gretasexylingerie.com\/de\/wp-json\/wp\/v2\/product\/49064","targetHints":{"allow":["GET"]}}],"collection":[{"href":"https:\/\/gretasexylingerie.com\/de\/wp-json\/wp\/v2\/product"}],"about":[{"href":"https:\/\/gretasexylingerie.com\/de\/wp-json\/wp\/v2\/types\/product"}],"wp:featuredmedia":[{"embeddable":true,"href":"https:\/\/gretasexylingerie.com\/de\/wp-json\/wp\/v2\/media\/49059"}],"wp:attachment":[{"href":"https:\/\/gretasexylingerie.com\/de\/wp-json\/wp\/v2\/media?parent=49064"}],"wp:term":[{"taxonomy":"product_brand","embeddable":true,"href":"https:\/\/gretasexylingerie.com\/de\/wp-json\/wp\/v2\/product_brand?post=49064"},{"taxonomy":"product_cat","embeddable":true,"href":"https:\/\/gretasexylingerie.com\/de\/wp-json\/wp\/v2\/product_cat?post=49064"},{"taxonomy":"product_tag","embeddable":true,"href":"https:\/\/gretasexylingerie.com\/de\/wp-json\/wp\/v2\/product_tag?post=49064"}],"curies":[{"name":"wp","href":"https:\/\/api.w.org\/{rel}","templated":true}]}}