{"id":48833,"date":"2024-01-27T21:34:58","date_gmt":"2024-01-27T13:34:58","guid":{"rendered":"https:\/\/gretasexylingerie.com\/?post_type=product&#038;p=48833"},"modified":"2024-04-11T22:34:06","modified_gmt":"2024-04-11T14:34:06","slug":"groshandel-sexy-netz-bh-und-hoschen-set","status":"publish","type":"product","link":"https:\/\/gretasexylingerie.com\/de\/products\/wholesale-sexy-net-bra-and-panty-set\/","title":{"rendered":"Gro\u00dfhandel Sexy Netz-BH und H\u00f6schen-Set mit Schmetterlingsdesign"},"content":{"rendered":"<p><strong>Bequemes Mesh-Gewebe<\/strong>: Das Set besteht aus einem weichen und bequemen Netzmaterial, das sowohl Atmungsaktivit\u00e4t als auch ein sanftes Gef\u00fchl auf der Haut gew\u00e4hrleistet. Diese Funktion ist perfekt f\u00fcr alle, die bei ihrer Dessous-Auswahl Wert auf Komfort legen, ohne auf Stil zu verzichten.<\/p>\n\n\n\n<p><strong>Hohles Design in Schmetterlingsform<\/strong>: Das markante schmetterlingsf\u00f6rmige Hohldesign verleiht dem Set ein verspieltes und k\u00fcnstlerisches Element. Dieses einzigartige Merkmal hebt es von jedem ab <strong>BH und H\u00f6schen im neuen Design<\/strong> Kollektion, die eine frische und moderne Interpretation klassischer Dessous-Stile bietet.<\/p>\n\n\n\n<p><strong>Lebendige Farboptionen<\/strong>: Dieses Set ist in einer Reihe leuchtender Farben erh\u00e4ltlich \u2013 Gelb, Blau, Schwarz und Pink \u2013 und deckt verschiedene Geschm\u00e4cker und Vorlieben ab. Jede Farbe verleiht dem Design ihren eigenen Charakter, von fr\u00f6hlicher Helligkeit bis hin zu k\u00fchner Raffinesse.<\/p>\n\n\n\n<p><strong>Sexy und stilvoll<\/strong>: Die Kombination aus Netzstoff und Schmetterlingsdesign sorgt f\u00fcr einen Look, der sowohl sexy als auch stilvoll ist. Dieses Set ist perfekt f\u00fcr Kunden, die sowohl optisch ansprechende als auch trendige Dessous w\u00fcnschen.<\/p>\n\n\n\n<p><strong>Vielseitig und modisch<\/strong>: Ideal f\u00fcr eine Vielzahl von Anl\u00e4ssen <strong>Schmetterlings-BH und H\u00f6schen<\/strong> Das Set ist vielseitig genug, um in verschiedene Umgebungen zu passen, was es zu einer wertvollen Erg\u00e4nzung f\u00fcr jede Dessous- oder Modekollektion macht.<\/p>\n\n\n\n<p><strong>Perfekt f\u00fcr vielf\u00e4ltige Sammlungen<\/strong>: Ob f\u00fcr eine Boutique oder ein gr\u00f6\u00dferes Einzelhandelsgesch\u00e4ft, dieses Set ist eine ausgezeichnete Wahl. Es spricht Kunden an, die innovative, modische und hochwertige Dessous suchen.<\/p>\n\n\n\n<p>Laden Sie Ihre Kunden ein, die verspielte Eleganz unseres sexy Netz-BH- und H\u00f6schen-Sets zu entdecken. Sein einzigartiges Design und die lebendigen Farben machen es zu einem Muss f\u00fcr jede Kollektion, die eine Mischung aus Komfort, Stil und modernem Flair bieten m\u00f6chte. Bestellen Sie jetzt und verleihen Sie Ihrem Angebot einen Hauch k\u00fcnstlerischer Sch\u00f6nheit!<\/p>\n\n\n\n<figure class=\"wp-block-table\"><table><tbody><tr><td class=\"has-text-align-center\" data-align=\"center\" colspan=\"5\"><strong>Gr\u00f6\u00dfentabelle (CM)<\/strong><\/td><\/tr><tr><td class=\"has-text-align-center\" data-align=\"center\"><strong>Gr\u00f6\u00dfe<\/strong><\/td><td class=\"has-text-align-center\" data-align=\"center\"><strong>Unterbrustumfang (cm)<\/strong><\/td><td class=\"has-text-align-center\" data-align=\"center\"><strong>H\u00f6schentaille (cm)<\/strong><\/td><td class=\"has-text-align-center\" data-align=\"center\"><strong>Bund (cm)<\/strong><\/td><td class=\"has-text-align-center\" data-align=\"center\"><strong>L\u00e4nge (cm)<\/strong><\/td><\/tr><tr><td class=\"has-text-align-center\" data-align=\"center\">S<\/td><td class=\"has-text-align-center\" data-align=\"center\">68<\/td><td class=\"has-text-align-center\" data-align=\"center\">64<\/td><td class=\"has-text-align-center\" data-align=\"center\">60<\/td><td class=\"has-text-align-center\" data-align=\"center\">31<\/td><\/tr><tr><td class=\"has-text-align-center\" data-align=\"center\">M<\/td><td class=\"has-text-align-center\" data-align=\"center\">72<\/td><td class=\"has-text-align-center\" data-align=\"center\">68<\/td><td class=\"has-text-align-center\" data-align=\"center\">64<\/td><td class=\"has-text-align-center\" data-align=\"center\">32<\/td><\/tr><tr><td class=\"has-text-align-center\" data-align=\"center\">L<\/td><td class=\"has-text-align-center\" data-align=\"center\">76<\/td><td class=\"has-text-align-center\" data-align=\"center\">72<\/td><td class=\"has-text-align-center\" data-align=\"center\">68<\/td><td class=\"has-text-align-center\" data-align=\"center\">33<\/td><\/tr><tr><td class=\"has-text-align-center\" data-align=\"center\">XL<\/td><td class=\"has-text-align-center\" data-align=\"center\">80<\/td><td class=\"has-text-align-center\" data-align=\"center\">76<\/td><td class=\"has-text-align-center\" data-align=\"center\">72<\/td><td class=\"has-text-align-center\" data-align=\"center\">34<\/td><\/tr><tr><td class=\"has-text-align-center\" data-align=\"center\" colspan=\"5\"><strong>Gr\u00f6\u00dfentabelle (Zoll)<\/strong><\/td><\/tr><tr><td class=\"has-text-align-center\" data-align=\"center\"><strong>Gr\u00f6\u00dfe<\/strong><\/td><td class=\"has-text-align-center\" data-align=\"center\"><strong>Unter der Brust (in)<\/strong><\/td><td class=\"has-text-align-center\" data-align=\"center\"><strong>H\u00f6schen Taille (Zoll)<\/strong><\/td><td class=\"has-text-align-center\" data-align=\"center\"><strong>Bund (in)<\/strong><\/td><td class=\"has-text-align-center\" data-align=\"center\"><strong>L\u00e4nge (Zoll)<\/strong><\/td><\/tr><tr><td class=\"has-text-align-center\" data-align=\"center\">S<\/td><td class=\"has-text-align-center\" data-align=\"center\">26.77<\/td><td class=\"has-text-align-center\" data-align=\"center\">25.20<\/td><td class=\"has-text-align-center\" data-align=\"center\">23.62<\/td><td class=\"has-text-align-center\" data-align=\"center\">12.20<\/td><\/tr><tr><td class=\"has-text-align-center\" data-align=\"center\">M<\/td><td class=\"has-text-align-center\" data-align=\"center\">28.35<\/td><td class=\"has-text-align-center\" data-align=\"center\">26.77<\/td><td class=\"has-text-align-center\" data-align=\"center\">25.20<\/td><td class=\"has-text-align-center\" data-align=\"center\">12.60<\/td><\/tr><tr><td class=\"has-text-align-center\" data-align=\"center\">L<\/td><td class=\"has-text-align-center\" data-align=\"center\">29.92<\/td><td class=\"has-text-align-center\" data-align=\"center\">28.35<\/td><td class=\"has-text-align-center\" data-align=\"center\">26.77<\/td><td class=\"has-text-align-center\" data-align=\"center\">12.99<\/td><\/tr><tr><td class=\"has-text-align-center\" data-align=\"center\">XL<\/td><td class=\"has-text-align-center\" data-align=\"center\">31.50<\/td><td class=\"has-text-align-center\" data-align=\"center\">29.92<\/td><td class=\"has-text-align-center\" data-align=\"center\">28.35<\/td><td class=\"has-text-align-center\" data-align=\"center\">13.39<\/td><\/tr><\/tbody><\/table><\/figure>","protected":false},"excerpt":{"rendered":"<p>Erleben Sie einen einzigartigen Stil mit unserem <strong>sexy Netz-BH-H\u00f6schen<\/strong> Set mit bequemem Netzstoff und einem auff\u00e4lligen schmetterlingsf\u00f6rmigen Hohldesign. Erh\u00e4ltlich in Gelb, Blau, Schwarz und Pink.<\/p>","protected":false},"featured_media":48810,"template":"","meta":[],"product_brand":[],"product_cat":[368,367,375],"product_tag":[452,448,446,453],"class_list":{"0":"post-48833","1":"product","2":"type-product","3":"status-publish","4":"has-post-thumbnail","6":"product_cat-bra-panty-set","7":"product_cat-sexy-lingerie","8":"product_cat-whoelsale-sheer-bra-and-panty-sets","9":"product_tag-wholesale-boudoir-lingerie","10":"product_tag-wholesale-elegant-sexy-lingerie","11":"product_tag-wholesale-sexy-see-through-lingerie","12":"product_tag-wholesale-sexy-naughty-lingerie","13":"pa_color-black","14":"pa_color-blue-women-sexy-lingerie","15":"pa_color-hot-pink-women-sexy-lingerie","16":"pa_color-yellow","17":"pa_size-wholesale-large-size-women-sexy-lingerie","18":"pa_size-wholesale-medium-size-women-sexy-lingerie","19":"pa_size-wholesale-small-size-sexy-lingerie","20":"pa_size-wholesale-extra-large-sexy-lingerie","22":"first","23":"instock","24":"taxable","25":"shipping-taxable","26":"purchasable","27":"product-type-variable"},"tiered_pricing_type":"fixed","tiered_pricing_fixed_rules":[],"tiered_pricing_product_settings":{"layout":"table","base_unit_name":{"singular":null,"plural":null},"default_variation":null},"tiered_pricing_minimum_quantity":null,"tiered_pricing_roles_data":[],"tiered_pricing_percentage_rules":[],"tiered_pricing_maximum_quantity":null,"tiered_pricing_quantity_step":null,"_links":{"self":[{"href":"https:\/\/gretasexylingerie.com\/de\/wp-json\/wp\/v2\/product\/48833","targetHints":{"allow":["GET"]}}],"collection":[{"href":"https:\/\/gretasexylingerie.com\/de\/wp-json\/wp\/v2\/product"}],"about":[{"href":"https:\/\/gretasexylingerie.com\/de\/wp-json\/wp\/v2\/types\/product"}],"wp:featuredmedia":[{"embeddable":true,"href":"https:\/\/gretasexylingerie.com\/de\/wp-json\/wp\/v2\/media\/48810"}],"wp:attachment":[{"href":"https:\/\/gretasexylingerie.com\/de\/wp-json\/wp\/v2\/media?parent=48833"}],"wp:term":[{"taxonomy":"product_brand","embeddable":true,"href":"https:\/\/gretasexylingerie.com\/de\/wp-json\/wp\/v2\/product_brand?post=48833"},{"taxonomy":"product_cat","embeddable":true,"href":"https:\/\/gretasexylingerie.com\/de\/wp-json\/wp\/v2\/product_cat?post=48833"},{"taxonomy":"product_tag","embeddable":true,"href":"https:\/\/gretasexylingerie.com\/de\/wp-json\/wp\/v2\/product_tag?post=48833"}],"curies":[{"name":"wp","href":"https:\/\/api.w.org\/{rel}","templated":true}]}}